{"id":40670,"date":"2025-11-19T20:13:40","date_gmt":"2025-11-19T17:13:40","guid":{"rendered":"https:\/\/baldumarket.lt\/?post_type=product&#038;p=40670"},"modified":"2026-03-24T13:29:39","modified_gmt":"2026-03-24T10:29:39","slug":"quadratta-100x220x50-grupa-prestige","status":"publish","type":"product","link":"https:\/\/baldumarket.lt\/lt\/product\/quadratta-100x220x50-grupa-prestige\/","title":{"rendered":"Quadratta 100x220x50 PRESTIGE Group"},"content":{"rendered":"<p>\u201eQuadratta 100x220x50\u201c komplekt\u0105 sudaro 16 50x20 cm dyd\u017eio paneli\u0173. Pad\u0117ta vaiko kambaryje, apmu\u0161ta \u201eQuadratta\u201c 50\u00d720 cm sienel\u0117 leis sukurti ma\u017eyliui pritaikyt\u0105 erdv\u0119, kad \u017eaidim\u0173 laikas b\u0117gt\u0173 ner\u016bpestingai ir d\u017eiaugsmingai. Mink\u0161tas pavir\u0161ius, u\u017epildytas 3 cm storio T21 putomis, neleid\u017eia ma\u017eyliams b\u0117gioti ir dau\u017eytis \u012f kiet\u0105 sien\u0105. Taip i\u0161vengsite nereikaling\u0173 a\u0161ar\u0173 ir m\u0117lyni\u0173! Patrauklus dizainas ir platus \u201eBalduMarket\u201c spalv\u0173 pasirinkimas u\u017etikrina, kad m\u016bs\u0173 panel\u0117 atitiks ir auk\u0161tus j\u016bs\u0173 vaiko vizualinius l\u016bkes\u010dius. Kiekviena m\u016bs\u0173 sienel\u0117 yra aptraukta mink\u0161tu, zom\u0161os stiliaus audiniu. Jos pavir\u0161ius pasi\u017eymi ne tik dideliu atsparumu dilimui ir trin\u010diai, bet ir vandeniui atsparia apdaila. Apmu\u0161t\u0173 paneli\u0173 montavimas yra ne\u012ftik\u0117tinai paprastas ir nereikalauja profesionalios \u012frangos. Jos puikiai dera su kitais \u201eQuadratta\u201c kolekcijos elementais. Kiekvien\u0105 panel\u0119 galima \u012fsigyti kaip komplekt\u0105 arba atskirai.<\/p>","protected":false},"excerpt":{"rendered":"<p>\u201eQuadratta 100x220x50\u201c komplekt\u0105 sudaro 16 50x20 cm dyd\u017eio paneli\u0173. Pad\u0117ta vaiko kambaryje apmu\u0161ta \u201eQuadratta 50\u00d720 cm\u201c sienin\u0117 panel\u0117 leis sukurti ma\u017eyliui pritaikyt\u0105 erdv\u0119, kad \u017eaid\u017eiant praleistas laikas b\u0117gt\u0173 ner\u016bpestingai ir d\u017eiaugsmingai. Mink\u0161tas pavir\u0161ius, u\u017epildytas 3 cm storio T21 putomis, neleid\u017eia ma\u017eyliams b\u0117gioti [\u2026]<\/p>","protected":false},"featured_media":25226,"comment_status":"open","ping_status":"closed","template":"","meta":[],"product_brand":[],"product_cat":[9133],"product_tag":[],"class_list":{"0":"post-40670","1":"product","2":"type-product","3":"status-publish","4":"has-post-thumbnail","6":"product_cat-grouped","8":"first","9":"instock","10":"shipping-taxable","11":"purchasable","12":"product-type-variable","13":"wvs-archive-product-wrapper"},"_links":{"self":[{"href":"https:\/\/baldumarket.lt\/lt\/wp-json\/wp\/v2\/product\/40670","targetHints":{"allow":["GET"]}}],"collection":[{"href":"https:\/\/baldumarket.lt\/lt\/wp-json\/wp\/v2\/product"}],"about":[{"href":"https:\/\/baldumarket.lt\/lt\/wp-json\/wp\/v2\/types\/product"}],"replies":[{"embeddable":true,"href":"https:\/\/baldumarket.lt\/lt\/wp-json\/wp\/v2\/comments?post=40670"}],"wp:featuredmedia":[{"embeddable":true,"href":"https:\/\/baldumarket.lt\/lt\/wp-json\/wp\/v2\/media\/25226"}],"wp:attachment":[{"href":"https:\/\/baldumarket.lt\/lt\/wp-json\/wp\/v2\/media?parent=40670"}],"wp:term":[{"taxonomy":"product_brand","embeddable":true,"href":"https:\/\/baldumarket.lt\/lt\/wp-json\/wp\/v2\/product_brand?post=40670"},{"taxonomy":"product_cat","embeddable":true,"href":"https:\/\/baldumarket.lt\/lt\/wp-json\/wp\/v2\/product_cat?post=40670"},{"taxonomy":"product_tag","embeddable":true,"href":"https:\/\/baldumarket.lt\/lt\/wp-json\/wp\/v2\/product_tag?post=40670"}],"curies":[{"name":"wp","href":"https:\/\/api.w.org\/{rel}","templated":true}]}}