{"id":40666,"date":"2025-11-19T20:13:23","date_gmt":"2025-11-19T17:13:23","guid":{"rendered":"https:\/\/baldumarket.lt\/?post_type=product&#038;p=40666"},"modified":"2026-03-24T13:19:04","modified_gmt":"2026-03-24T10:19:04","slug":"puf-megis-grupa-premium","status":"publish","type":"product","link":"https:\/\/baldumarket.lt\/lt\/product\/puf-megis-grupa-premium\/","title":{"rendered":"Megis PREMIUM grup\u0117s pufas"},"content":{"rendered":"<p>\u201eMegis\u201c pufas puikiai tinka kaip papildoma s\u0117dyn\u0117 arba patogus sofos prailginimas. Jo matmenys \u2013 82 x 68 x 42 cm \u2013 idealiai tinka net ir ma\u017eiausioms erdv\u0117ms. Pufo s\u0117dyn\u0117 u\u017epildyta vingiuotomis spyruokl\u0117mis ir labai elastingu HR putplas\u010diu. Pufo kojel\u0117s pagamintos i\u0161 juodo plieno ir yra 13 centimetr\u0173 ilgio. Gamin\u012f taip pat galima \u012fsigyti komplekte su \u201eMegis\u201c sofa ir foteliu.<\/p>","protected":false},"excerpt":{"rendered":"<p>\u201eMegis\u201c pufas puikiai tinka kaip papildoma s\u0117dyn\u0117 arba patogus sofos prailginimas. Jo matmenys \u2013 82 x 68 x 42 cm \u2013 idealiai tinka net ir ma\u017eiausioms erdv\u0117ms. Pufo s\u0117dyn\u0117 u\u017epildyta vingiuotomis spyruokl\u0117mis ir labai elastingu HR putplas\u010diu. Pufo kojel\u0117s pagamintos i\u0161 juodo plieno ir [\u2026]<\/p>","protected":false},"featured_media":23639,"comment_status":"open","ping_status":"closed","template":"","meta":[],"product_brand":[],"product_cat":[9133],"product_tag":[],"class_list":{"0":"post-40666","1":"product","2":"type-product","3":"status-publish","4":"has-post-thumbnail","6":"product_cat-grouped","8":"first","9":"instock","10":"shipping-taxable","11":"purchasable","12":"product-type-variable","13":"wvs-archive-product-wrapper"},"_links":{"self":[{"href":"https:\/\/baldumarket.lt\/lt\/wp-json\/wp\/v2\/product\/40666","targetHints":{"allow":["GET"]}}],"collection":[{"href":"https:\/\/baldumarket.lt\/lt\/wp-json\/wp\/v2\/product"}],"about":[{"href":"https:\/\/baldumarket.lt\/lt\/wp-json\/wp\/v2\/types\/product"}],"replies":[{"embeddable":true,"href":"https:\/\/baldumarket.lt\/lt\/wp-json\/wp\/v2\/comments?post=40666"}],"wp:featuredmedia":[{"embeddable":true,"href":"https:\/\/baldumarket.lt\/lt\/wp-json\/wp\/v2\/media\/23639"}],"wp:attachment":[{"href":"https:\/\/baldumarket.lt\/lt\/wp-json\/wp\/v2\/media?parent=40666"}],"wp:term":[{"taxonomy":"product_brand","embeddable":true,"href":"https:\/\/baldumarket.lt\/lt\/wp-json\/wp\/v2\/product_brand?post=40666"},{"taxonomy":"product_cat","embeddable":true,"href":"https:\/\/baldumarket.lt\/lt\/wp-json\/wp\/v2\/product_cat?post=40666"},{"taxonomy":"product_tag","embeddable":true,"href":"https:\/\/baldumarket.lt\/lt\/wp-json\/wp\/v2\/product_tag?post=40666"}],"curies":[{"name":"wp","href":"https:\/\/api.w.org\/{rel}","templated":true}]}}