{"id":40648,"date":"2025-11-19T20:13:20","date_gmt":"2025-11-19T17:13:20","guid":{"rendered":"https:\/\/baldumarket.lt\/?post_type=product&#038;p=40648"},"modified":"2026-03-24T13:37:43","modified_gmt":"2026-03-24T10:37:43","slug":"pouf-r4-grupa-special","status":"publish","type":"product","link":"https:\/\/baldumarket.lt\/lt\/product\/pouf-r4-grupa-special\/","title":{"rendered":"\u201ePufas R4 SPECIAL\u201c grup\u0117"},"content":{"rendered":"<p>R4 \u2013 tai pufas, pasi\u017eymintis, be kita ko, paprastu, patikrintu dizainu, sta\u010diakampe forma, daiktad\u0117\u017ee, eleganti\u0161ka apdaila ir kruop\u0161\u010diai parinktais priedais, tokiais kaip pla\u010dios sidabrin\u0117s kojel\u0117s. Be stilingos i\u0161vaizdos, kuri papildo bet kok\u012f interjer\u0105, taip pat verta pamin\u0117ti i\u0161skirtin\u012f \u0161io gaminio meistri\u0161kum\u0105. 45 \u00d7 45 cm matmenys leid\u017eia puf\u0105 lengvai pritaikyti bet kuriame kambaryje. T25 putplas\u010dio s\u0117dyn\u0117s u\u017epildas garantuoja maksimal\u0173 mink\u0161tum\u0105, lankstum\u0105 ir pastebim\u0105 komfort\u0105. Raginame susipa\u017einti su m\u016bs\u0173 gaminiu. Tai tikrai geras ir patikimas pasirinkimas.<\/p>","protected":false},"excerpt":{"rendered":"<p>R4 \u2013 tai pufas, pasi\u017eymintis, be kita ko, paprastu, patikrintu dizainu, sta\u010diakampe forma, daiktad\u0117\u017ee, eleganti\u0161ka apdaila ir kruop\u0161\u010diai parinktais priedais, tokiais kaip pla\u010dios sidabrin\u0117s kojel\u0117s. Be stilingos i\u0161vaizdos, kuri papildo bet kok\u012f interjer\u0105, taip pat verta pamin\u0117ti i\u0161skirtin\u012f \u0161io gaminio meistri\u0161kum\u0105. Jo 45 \u00d7 45 cm matmenys leid\u017eia [\u2026]<\/p>","protected":false},"featured_media":22981,"comment_status":"open","ping_status":"closed","template":"","meta":[],"product_brand":[],"product_cat":[9133],"product_tag":[],"class_list":{"0":"post-40648","1":"product","2":"type-product","3":"status-publish","4":"has-post-thumbnail","6":"product_cat-grouped","8":"first","9":"instock","10":"shipping-taxable","11":"purchasable","12":"product-type-variable","13":"wvs-archive-product-wrapper"},"_links":{"self":[{"href":"https:\/\/baldumarket.lt\/lt\/wp-json\/wp\/v2\/product\/40648","targetHints":{"allow":["GET"]}}],"collection":[{"href":"https:\/\/baldumarket.lt\/lt\/wp-json\/wp\/v2\/product"}],"about":[{"href":"https:\/\/baldumarket.lt\/lt\/wp-json\/wp\/v2\/types\/product"}],"replies":[{"embeddable":true,"href":"https:\/\/baldumarket.lt\/lt\/wp-json\/wp\/v2\/comments?post=40648"}],"wp:featuredmedia":[{"embeddable":true,"href":"https:\/\/baldumarket.lt\/lt\/wp-json\/wp\/v2\/media\/22981"}],"wp:attachment":[{"href":"https:\/\/baldumarket.lt\/lt\/wp-json\/wp\/v2\/media?parent=40648"}],"wp:term":[{"taxonomy":"product_brand","embeddable":true,"href":"https:\/\/baldumarket.lt\/lt\/wp-json\/wp\/v2\/product_brand?post=40648"},{"taxonomy":"product_cat","embeddable":true,"href":"https:\/\/baldumarket.lt\/lt\/wp-json\/wp\/v2\/product_cat?post=40648"},{"taxonomy":"product_tag","embeddable":true,"href":"https:\/\/baldumarket.lt\/lt\/wp-json\/wp\/v2\/product_tag?post=40648"}],"curies":[{"name":"wp","href":"https:\/\/api.w.org\/{rel}","templated":true}]}}