{"id":40638,"date":"2025-11-19T20:13:19","date_gmt":"2025-11-19T17:13:19","guid":{"rendered":"https:\/\/baldumarket.lt\/?post_type=product&#038;p=40638"},"modified":"2026-03-24T13:44:31","modified_gmt":"2026-03-24T10:44:31","slug":"pouf-r3-grupa-standard","status":"publish","type":"product","link":"https:\/\/baldumarket.lt\/lt\/product\/pouf-r3-grupa-standard\/","title":{"rendered":"Pufas R3 grup\u0117 STANDARTINIS"},"content":{"rendered":"<p>R3 \u2013 tai unikalus, kvadratinis, 45 x 45 cm dyd\u017eio pufas, \u0161iek tiek didesnis nei jo pirmtakai \u2013 R1 ir R2. I\u0161skirtiniai jo bruo\u017eai: patogi, patvari ir erdvi s\u0117dyn\u0117, \u017eemos juodos kojel\u0117s, stabili konstrukcija, daiktad\u0117\u017e\u0117, pasiekiama nu\u0117mus s\u0117dyn\u0119, ir, svarbiausia, eleganti\u0161kas dizainas, kuris puikiai der\u0117s prie \u012fvairi\u0173 interjer\u0173. Be stilingos i\u0161vaizdos, verta atkreipti d\u0117mes\u012f ir \u012f stulbinan\u010di\u0105 baldo meistri\u0161kum\u0105. T25 putplas\u010dio s\u0117dyn\u0117s u\u017epildas garantuoja tikrai teigiam\u0105 patirt\u012f \u2013 mink\u0161tum\u0105, elastingum\u0105 ir neprilygstam\u0105 komfort\u0105. Raginame jus susipa\u017einti su m\u016bs\u0173 produktu \u2013 R3 pufu, kuris pateisins visus j\u016bs\u0173 l\u016bkes\u010dius.<\/p>","protected":false},"excerpt":{"rendered":"<p>\u201eR3\u201c \u2013 tai unikalus, kvadratinis, 45 x 45 cm dyd\u017eio pufas, \u0161iek tiek didesnis nei jo pirmtakai \u2013 \u201eR1\u201c ir \u201eR2\u201c. I\u0161skirtiniai jo bruo\u017eai: patogi, patvari ir erdvi s\u0117dyn\u0117, \u017eemos juodos kojel\u0117s, stabili konstrukcija, daiktad\u0117\u017e\u0117, pasiekiama nu\u0117mus s\u0117dyn\u0119, ir, galiausiai, eleganti\u0161kas dizainas, kuris skland\u017eiai susilies su [\u2026]<\/p>","protected":false},"featured_media":22968,"comment_status":"open","ping_status":"closed","template":"","meta":[],"product_brand":[],"product_cat":[9133],"product_tag":[],"class_list":{"0":"post-40638","1":"product","2":"type-product","3":"status-publish","4":"has-post-thumbnail","6":"product_cat-grouped","8":"first","9":"instock","10":"shipping-taxable","11":"purchasable","12":"product-type-variable","13":"wvs-archive-product-wrapper"},"_links":{"self":[{"href":"https:\/\/baldumarket.lt\/lt\/wp-json\/wp\/v2\/product\/40638","targetHints":{"allow":["GET"]}}],"collection":[{"href":"https:\/\/baldumarket.lt\/lt\/wp-json\/wp\/v2\/product"}],"about":[{"href":"https:\/\/baldumarket.lt\/lt\/wp-json\/wp\/v2\/types\/product"}],"replies":[{"embeddable":true,"href":"https:\/\/baldumarket.lt\/lt\/wp-json\/wp\/v2\/comments?post=40638"}],"wp:featuredmedia":[{"embeddable":true,"href":"https:\/\/baldumarket.lt\/lt\/wp-json\/wp\/v2\/media\/22968"}],"wp:attachment":[{"href":"https:\/\/baldumarket.lt\/lt\/wp-json\/wp\/v2\/media?parent=40638"}],"wp:term":[{"taxonomy":"product_brand","embeddable":true,"href":"https:\/\/baldumarket.lt\/lt\/wp-json\/wp\/v2\/product_brand?post=40638"},{"taxonomy":"product_cat","embeddable":true,"href":"https:\/\/baldumarket.lt\/lt\/wp-json\/wp\/v2\/product_cat?post=40638"},{"taxonomy":"product_tag","embeddable":true,"href":"https:\/\/baldumarket.lt\/lt\/wp-json\/wp\/v2\/product_tag?post=40638"}],"curies":[{"name":"wp","href":"https:\/\/api.w.org\/{rel}","templated":true}]}}