{"id":40630,"date":"2025-11-19T20:13:00","date_gmt":"2025-11-19T17:13:00","guid":{"rendered":"https:\/\/baldumarket.lt\/?post_type=product&#038;p=40630"},"modified":"2026-03-24T13:29:38","modified_gmt":"2026-03-24T10:29:38","slug":"pouf-r2-grupa-prestige","status":"publish","type":"product","link":"https:\/\/baldumarket.lt\/lt\/product\/pouf-r2-grupa-prestige\/","title":{"rendered":"\u201ePufas R2 PRESTIGE\u201c grup\u0117"},"content":{"rendered":"<p>\u201eR2\u201c \u2013 i\u0161skirtinai eleganti\u0161kas 35 x 45 cm pufas, \u0161iek tiek didesnis nei jo pirmtakas \u201eR1\u201c. \u0160is baldas derina dvi spalv\u0173 parinktis, tod\u0117l yra pakankamai universalus, kad skland\u017eiai der\u0117t\u0173 prie bet kokio interjero. Stabili konstrukcija u\u017etikrina patvarum\u0105, o \u201eT25\u201c putplas\u010dio s\u0117dyn\u0117 \u2013 mink\u0161tum\u0105 ir lankstum\u0105. Juodos plastikin\u0117s kojel\u0117s suteikia \u0161iam modeliui i\u0161skirtin\u012f, modern\u0173 poj\u016bt\u012f. Jei svajojate apie auk\u0161\u010diausio lygio atsipalaidavim\u0105 kartu su maksimaliu komfortu, rekomenduojame per\u017ei\u016br\u0117ti m\u016bs\u0173 \u201eR2\u201c puf\u0105.<\/p>","protected":false},"excerpt":{"rendered":"<p>\u201eR2\u201c \u2013 i\u0161skirtinai eleganti\u0161kas 35 x 45 cm dyd\u017eio pufas, \u0161iek tiek didesnis nei jo pirmtakas \u201eR1\u201c. \u0160is baldas derina dvi spalv\u0173 parinktis, tod\u0117l yra pakankamai universalus, kad skland\u017eiai der\u0117t\u0173 prie bet kokio interjero. Stabili konstrukcija u\u017etikrina patvarum\u0105, o \u201eT25\u201c putplas\u010dio s\u0117dyn\u0117 \u2013 mink\u0161tum\u0105 ir lankstum\u0105. Juodos plastikin\u0117s kojel\u0117s suteikia \u0161iam modeliui [\u2026]<\/p>","protected":false},"featured_media":22955,"comment_status":"open","ping_status":"closed","template":"","meta":[],"product_brand":[],"product_cat":[9133],"product_tag":[],"class_list":{"0":"post-40630","1":"product","2":"type-product","3":"status-publish","4":"has-post-thumbnail","6":"product_cat-grouped","8":"first","9":"instock","10":"shipping-taxable","11":"purchasable","12":"product-type-variable","13":"wvs-archive-product-wrapper"},"_links":{"self":[{"href":"https:\/\/baldumarket.lt\/lt\/wp-json\/wp\/v2\/product\/40630","targetHints":{"allow":["GET"]}}],"collection":[{"href":"https:\/\/baldumarket.lt\/lt\/wp-json\/wp\/v2\/product"}],"about":[{"href":"https:\/\/baldumarket.lt\/lt\/wp-json\/wp\/v2\/types\/product"}],"replies":[{"embeddable":true,"href":"https:\/\/baldumarket.lt\/lt\/wp-json\/wp\/v2\/comments?post=40630"}],"wp:featuredmedia":[{"embeddable":true,"href":"https:\/\/baldumarket.lt\/lt\/wp-json\/wp\/v2\/media\/22955"}],"wp:attachment":[{"href":"https:\/\/baldumarket.lt\/lt\/wp-json\/wp\/v2\/media?parent=40630"}],"wp:term":[{"taxonomy":"product_brand","embeddable":true,"href":"https:\/\/baldumarket.lt\/lt\/wp-json\/wp\/v2\/product_brand?post=40630"},{"taxonomy":"product_cat","embeddable":true,"href":"https:\/\/baldumarket.lt\/lt\/wp-json\/wp\/v2\/product_cat?post=40630"},{"taxonomy":"product_tag","embeddable":true,"href":"https:\/\/baldumarket.lt\/lt\/wp-json\/wp\/v2\/product_tag?post=40630"}],"curies":[{"name":"wp","href":"https:\/\/api.w.org\/{rel}","templated":true}]}}