{"id":40608,"date":"2025-11-19T20:12:57","date_gmt":"2025-11-19T17:12:57","guid":{"rendered":"https:\/\/baldumarket.lt\/?post_type=product&#038;p=40608"},"modified":"2026-03-24T13:18:54","modified_gmt":"2026-03-24T10:18:54","slug":"pouf-lorelle-grupa-premium","status":"publish","type":"product","link":"https:\/\/baldumarket.lt\/lt\/product\/pouf-lorelle-grupa-premium\/","title":{"rendered":"Pufas Lorelle PREMIUM Group"},"content":{"rendered":"<p>\u201eLorelle\u201c \u2013 tai stilingas, eleganti\u0161kas ir sta\u010diakampis pufas, kurio matmenys \u2013 100 x 70 x 45 cm, puikiai tinkantis bet kokio stiliaus namams. Jis gali b\u016bti naudojamas kaip atskiras baldas arba kaip didesnio interjero dalis. \u201eLorelle\u201c \u2013 tai eleganti\u0161kas ir klasikinis pufas, kurio pagrindin\u0117s savyb\u0117s: paprasta forma, 13 centimetr\u0173 juodo plieno kojel\u0117s ir pamink\u0161tinta s\u0117dyn\u0117. S\u0117dyn\u0117 pagaminta i\u0161 B tipo banguotos spyruokl\u0117s ir HR putplas\u010dio, kuris suteikia i\u0161skirtin\u012f mink\u0161tum\u0105 ir ilgaam\u017ei\u0161kum\u0105. \u201eLorelle\u201c puf\u0105 galima \u012fsigyti su visais \u201eBalduMarket\u201c kolekcijos audiniais, tod\u0117l i\u0161sirinkti tinkam\u0105 m\u016bs\u0173 bald\u0173 variant\u0105, pritaikyt\u0105 jums ir j\u016bs\u0173 pageidavimams, yra labai paprasta ir suteiks maksimal\u0173 pasitenkinim\u0105.<\/p>","protected":false},"excerpt":{"rendered":"<p>\u201eLorelle\u201c \u2013 tai stilingas, eleganti\u0161kas ir sta\u010diakampis pufas, kurio matmenys \u2013 100 x 70 x 45 cm, puikiai tinkantis bet kokio stiliaus namams. Jis gali b\u016bti naudojamas kaip atskiras baldas arba kaip didesnio interjero dalis. \u201eLorelle\u201c \u2013 eleganti\u0161kas ir klasikinio stiliaus pufas, kurio pagrindin\u0117s savyb\u0117s: paprasta forma, 13 centimetr\u0173 juodo plieno kojel\u0117s ir [\u2026]<\/p>","protected":false},"featured_media":20521,"comment_status":"open","ping_status":"closed","template":"","meta":[],"product_brand":[],"product_cat":[9133],"product_tag":[],"class_list":{"0":"post-40608","1":"product","2":"type-product","3":"status-publish","4":"has-post-thumbnail","6":"product_cat-grouped","8":"first","9":"instock","10":"shipping-taxable","11":"purchasable","12":"product-type-variable","13":"wvs-archive-product-wrapper"},"_links":{"self":[{"href":"https:\/\/baldumarket.lt\/lt\/wp-json\/wp\/v2\/product\/40608","targetHints":{"allow":["GET"]}}],"collection":[{"href":"https:\/\/baldumarket.lt\/lt\/wp-json\/wp\/v2\/product"}],"about":[{"href":"https:\/\/baldumarket.lt\/lt\/wp-json\/wp\/v2\/types\/product"}],"replies":[{"embeddable":true,"href":"https:\/\/baldumarket.lt\/lt\/wp-json\/wp\/v2\/comments?post=40608"}],"wp:featuredmedia":[{"embeddable":true,"href":"https:\/\/baldumarket.lt\/lt\/wp-json\/wp\/v2\/media\/20521"}],"wp:attachment":[{"href":"https:\/\/baldumarket.lt\/lt\/wp-json\/wp\/v2\/media?parent=40608"}],"wp:term":[{"taxonomy":"product_brand","embeddable":true,"href":"https:\/\/baldumarket.lt\/lt\/wp-json\/wp\/v2\/product_brand?post=40608"},{"taxonomy":"product_cat","embeddable":true,"href":"https:\/\/baldumarket.lt\/lt\/wp-json\/wp\/v2\/product_cat?post=40608"},{"taxonomy":"product_tag","embeddable":true,"href":"https:\/\/baldumarket.lt\/lt\/wp-json\/wp\/v2\/product_tag?post=40608"}],"curies":[{"name":"wp","href":"https:\/\/api.w.org\/{rel}","templated":true}]}}