{"id":40590,"date":"2025-11-19T20:12:37","date_gmt":"2025-11-19T17:12:37","guid":{"rendered":"https:\/\/baldumarket.lt\/?post_type=product&#038;p=40590"},"modified":"2026-03-24T13:44:23","modified_gmt":"2026-03-24T10:44:23","slug":"porto-grupa-standard","status":"publish","type":"product","link":"https:\/\/baldumarket.lt\/lt\/product\/porto-grupa-standard\/","title":{"rendered":"Porto STANDARD grup\u0117"},"content":{"rendered":"<p>\u201ePorto\u201c \u2013 tai klasikinio stiliaus, minimalistin\u0117 ir paprasta kampin\u0117 sofa, kuri tiks bet kuriame kambaryje. 278 x 217 x 74 cm dyd\u017eio sofa garantuoja erdvum\u0105 ir komfort\u0105 dien\u0105, taip pat maksimal\u0173 komfort\u0105 nakt\u012f ant 210 x 135 cm dyd\u017eio pavir\u0161iaus. D\u0117l delfininio mechanizmo lov\u0105 i\u0161skleisti \u012f miegojimo pad\u0117t\u012f yra ne\u012ftik\u0117tinai paprasta ir patogu. Papildomos \u0161io modelio savyb\u0117s \u2013 erdvus patalyn\u0117s skyrius. Mink\u0161t\u0105 ir spyruoklin\u0119 s\u0117dyn\u0119 garantuoja T30 put\u0173 ir patvari\u0173, stabili\u0173 vingiuot\u0173 spyruokli\u0173 derinys. \u0160is derinys padidina suvokiam\u0105 komfort\u0105, ta\u010diau taip pat u\u017etikrina, kad sofa nesikraipyt\u0173 ir neatsirast\u0173 negra\u017ei\u0173 \u012flenkim\u0173. Tarp i\u0161skirtini\u0173 \u0161io modelio savybi\u0173 \u2013 kruop\u0161ti, klasikin\u0117 apdaila, platus spalv\u0173 pasirinkimas ir apmu\u0161tas atlo\u0161as. Jei ie\u0161kote ka\u017eko klasikinio, bet universalaus, \u201ePorto\u201c tikrai bus tobulas pasirinkimas.<\/p>","protected":false},"excerpt":{"rendered":"<p>\u201ePorto\u201c \u2013 tai klasikinio stiliaus, minimalistin\u0117 ir paprasta kampin\u0117 sofa, kuri tiks bet kuriame kambaryje. 278 x 217 x 74 cm dyd\u017eio sofa garantuoja erdvum\u0105 ir komfort\u0105 dien\u0105, o 210 x 135 cm dyd\u017eio \u2013 maksimal\u0173 komfort\u0105 nakt\u012f. D\u0117l delfininio mechanizmo, i\u0161lankstant lov\u0105 [\u2026]<\/p>","protected":false},"featured_media":22691,"comment_status":"open","ping_status":"closed","template":"","meta":[],"product_brand":[],"product_cat":[9133],"product_tag":[],"class_list":{"0":"post-40590","1":"product","2":"type-product","3":"status-publish","4":"has-post-thumbnail","6":"product_cat-grouped","8":"first","9":"instock","10":"shipping-taxable","11":"purchasable","12":"product-type-variable","13":"wvs-archive-product-wrapper"},"_links":{"self":[{"href":"https:\/\/baldumarket.lt\/lt\/wp-json\/wp\/v2\/product\/40590","targetHints":{"allow":["GET"]}}],"collection":[{"href":"https:\/\/baldumarket.lt\/lt\/wp-json\/wp\/v2\/product"}],"about":[{"href":"https:\/\/baldumarket.lt\/lt\/wp-json\/wp\/v2\/types\/product"}],"replies":[{"embeddable":true,"href":"https:\/\/baldumarket.lt\/lt\/wp-json\/wp\/v2\/comments?post=40590"}],"wp:featuredmedia":[{"embeddable":true,"href":"https:\/\/baldumarket.lt\/lt\/wp-json\/wp\/v2\/media\/22691"}],"wp:attachment":[{"href":"https:\/\/baldumarket.lt\/lt\/wp-json\/wp\/v2\/media?parent=40590"}],"wp:term":[{"taxonomy":"product_brand","embeddable":true,"href":"https:\/\/baldumarket.lt\/lt\/wp-json\/wp\/v2\/product_brand?post=40590"},{"taxonomy":"product_cat","embeddable":true,"href":"https:\/\/baldumarket.lt\/lt\/wp-json\/wp\/v2\/product_cat?post=40590"},{"taxonomy":"product_tag","embeddable":true,"href":"https:\/\/baldumarket.lt\/lt\/wp-json\/wp\/v2\/product_tag?post=40590"}],"curies":[{"name":"wp","href":"https:\/\/api.w.org\/{rel}","templated":true}]}}