{"id":40586,"date":"2025-11-19T20:12:16","date_gmt":"2025-11-19T17:12:16","guid":{"rendered":"https:\/\/baldumarket.lt\/?post_type=product&#038;p=40586"},"modified":"2026-03-24T13:18:54","modified_gmt":"2026-03-24T10:18:54","slug":"pieretta-grupa-premium","status":"publish","type":"product","link":"https:\/\/baldumarket.lt\/lt\/product\/pieretta-grupa-premium\/","title":{"rendered":"Pieretta PREMIUM grup\u0117"},"content":{"rendered":"<p>\u201ePieretta\u201c \u2013 tai daugiafunkcin\u0117, eleganti\u0161ka ir erdvi kampin\u0117 sofa, pagaminta klasikiniu stiliumi. Tai auk\u0161tos kokyb\u0117s baldas su pla\u010dia s\u0117dyne, u\u017epildyta vingiuot\u0173 spyruokli\u0173 ir T30 put\u0173 deriniu. 260 x 205 x 80 cm dyd\u017eio \u201ePieretta\u201c sofa si\u016blo ne tik komfort\u0105, bet ir ger\u0105 mieg\u0105 d\u0117l i\u0161skirtinai didelio miego pavir\u0161iaus. Delfino stiliaus i\u0161lankstymo sistema leid\u017eia paprastai ir be vargo i\u0161skleisti sof\u0105, paver\u010diant j\u0105 erdvia 200 x 126 cm lova. Maksimal\u0173 komfort\u0105 u\u017etikrina, be kita ko, mink\u0161ta s\u0117dyn\u0117, nuo\u017eulnus, kont\u016brinis porankis, didel\u0117s komplekte esan\u010dios pagalv\u0117l\u0117s, taip pat chromuotos, ovalios kojel\u0117s ir kont\u016brinis atlo\u0161as su eleganti\u0161ku dygsniavimu. Jei smalsu, k\u0105 dar gali pasi\u016blyti \u201ePieretta\u201c kampin\u0117 sofa, kvie\u010diame rinktis baldus i\u0161 \u201eBalduMarket\u201c.<\/p>","protected":false},"excerpt":{"rendered":"<p>\u201ePieretta\u201c \u2013 tai daugiafunkcin\u0117, eleganti\u0161ka ir erdvi kampin\u0117 sofa, pagaminta klasikiniu stiliumi. Tai auk\u0161tos kokyb\u0117s baldas su pla\u010dia s\u0117dyne, u\u017epildyta vingiuot\u0173 spyruokli\u0173 ir T30 put\u0173 deriniu. 260 x 205 x 80 cm dyd\u017eio \u201ePieretta\u201c si\u016blo ne tik komfort\u0105, bet ir ger\u0105 nakties mieg\u0105, nes [\u2026]<\/p>","protected":false},"featured_media":22996,"comment_status":"open","ping_status":"closed","template":"","meta":[],"product_brand":[],"product_cat":[9133],"product_tag":[],"class_list":{"0":"post-40586","1":"product","2":"type-product","3":"status-publish","4":"has-post-thumbnail","6":"product_cat-grouped","8":"first","9":"instock","10":"shipping-taxable","11":"purchasable","12":"product-type-variable","13":"wvs-archive-product-wrapper"},"_links":{"self":[{"href":"https:\/\/baldumarket.lt\/lt\/wp-json\/wp\/v2\/product\/40586","targetHints":{"allow":["GET"]}}],"collection":[{"href":"https:\/\/baldumarket.lt\/lt\/wp-json\/wp\/v2\/product"}],"about":[{"href":"https:\/\/baldumarket.lt\/lt\/wp-json\/wp\/v2\/types\/product"}],"replies":[{"embeddable":true,"href":"https:\/\/baldumarket.lt\/lt\/wp-json\/wp\/v2\/comments?post=40586"}],"wp:featuredmedia":[{"embeddable":true,"href":"https:\/\/baldumarket.lt\/lt\/wp-json\/wp\/v2\/media\/22996"}],"wp:attachment":[{"href":"https:\/\/baldumarket.lt\/lt\/wp-json\/wp\/v2\/media?parent=40586"}],"wp:term":[{"taxonomy":"product_brand","embeddable":true,"href":"https:\/\/baldumarket.lt\/lt\/wp-json\/wp\/v2\/product_brand?post=40586"},{"taxonomy":"product_cat","embeddable":true,"href":"https:\/\/baldumarket.lt\/lt\/wp-json\/wp\/v2\/product_cat?post=40586"},{"taxonomy":"product_tag","embeddable":true,"href":"https:\/\/baldumarket.lt\/lt\/wp-json\/wp\/v2\/product_tag?post=40586"}],"curies":[{"name":"wp","href":"https:\/\/api.w.org\/{rel}","templated":true}]}}