{"id":40554,"date":"2025-11-19T20:11:49","date_gmt":"2025-11-19T17:11:49","guid":{"rendered":"https:\/\/baldumarket.lt\/?post_type=product&#038;p=40554"},"modified":"2026-03-24T13:37:27","modified_gmt":"2026-03-24T10:37:27","slug":"ottavio-grupa-special","status":"publish","type":"product","link":"https:\/\/baldumarket.lt\/lt\/product\/ottavio-grupa-special\/","title":{"rendered":"Ottavio SPECIAL grup\u0117"},"content":{"rendered":"<p>Klasikin\u0117 konstrukcija, paprasta forma, \u012fdomus dizainas ir maksimalus komfortas \u2013 tai tik keli \u017eod\u017eiai, apib\u016bdinantys \u201eOttavio\u201c kampin\u0119 sof\u0105. \u0160i L formos sofa, kurios matmenys yra 275 x 180 x 80 cm, pasi\u017eymi mink\u0161ta s\u0117dyne, pagaminta i\u0161 patvari\u0173 vingiuot\u0173 spyruokli\u0173 ir lanks\u010di\u0173 T30 put\u0173, tod\u0117l ji yra labai patogi ir lanksti, suteikdama ger\u0105 atram\u0105 k\u016bnui poilsio metu. Be to, m\u016bs\u0173 baldas turi miegojimo funkcij\u0105. I\u0161skleistas jis transformuojasi \u012f 195 x 135 cm lov\u0105. Tai pasiekiama d\u0117l paprastos ir intuityvios i\u0161lankstymo sistemos, kuri\u0105 sudaro stumdomas pagrindas ir atver\u010diamas atlo\u0161as. B\u016bdingi \u201eOttavio\u201c kampin\u0117s sofos bruo\u017eai: daug vietos patalynei susid\u0117ti, apmu\u0161tas atlo\u0161as ir eleganti\u0161kos si\u016bl\u0117s ant s\u0117dyni\u0173 ir atlo\u0161\u0173. \u201eOttavio\u201c derina funkcionalum\u0105, komfort\u0105 ir stili\u0173. Jei jus \u012fkvepia minimalistinis, ta\u010diau eleganti\u0161kas stilius, kvie\u010diame rinktis \u201eOttavio\u201c kampin\u0119 sof\u0105.<\/p>","protected":false},"excerpt":{"rendered":"<p>Klasikin\u0117 konstrukcija, paprasta forma, \u012fdomus dizainas ir maksimalus komfortas \u2013 tai tik keli \u017eod\u017eiai, apib\u016bdinantys \u201eOttavio\u201c kampin\u0119 sof\u0105. \u0160i L formos sofa, kurios matmenys 275 x 180 x 80 cm, pasi\u017eymi mink\u0161ta s\u0117dyne, pagaminta i\u0161 patvari\u0173 vingiuot\u0173 spyruokli\u0173 ir lanks\u010di\u0173 T30 put\u0173, tod\u0117l ji yra labai patogi ir lanksti, suteikdama ger\u0105 atram\u0105 k\u016bnui poilsio metu. [\u2026]<\/p>","protected":false},"featured_media":22527,"comment_status":"open","ping_status":"closed","template":"","meta":[],"product_brand":[],"product_cat":[9133],"product_tag":[],"class_list":{"0":"post-40554","1":"product","2":"type-product","3":"status-publish","4":"has-post-thumbnail","6":"product_cat-grouped","8":"first","9":"instock","10":"shipping-taxable","11":"purchasable","12":"product-type-variable","13":"wvs-archive-product-wrapper"},"_links":{"self":[{"href":"https:\/\/baldumarket.lt\/lt\/wp-json\/wp\/v2\/product\/40554","targetHints":{"allow":["GET"]}}],"collection":[{"href":"https:\/\/baldumarket.lt\/lt\/wp-json\/wp\/v2\/product"}],"about":[{"href":"https:\/\/baldumarket.lt\/lt\/wp-json\/wp\/v2\/types\/product"}],"replies":[{"embeddable":true,"href":"https:\/\/baldumarket.lt\/lt\/wp-json\/wp\/v2\/comments?post=40554"}],"wp:featuredmedia":[{"embeddable":true,"href":"https:\/\/baldumarket.lt\/lt\/wp-json\/wp\/v2\/media\/22527"}],"wp:attachment":[{"href":"https:\/\/baldumarket.lt\/lt\/wp-json\/wp\/v2\/media?parent=40554"}],"wp:term":[{"taxonomy":"product_brand","embeddable":true,"href":"https:\/\/baldumarket.lt\/lt\/wp-json\/wp\/v2\/product_brand?post=40554"},{"taxonomy":"product_cat","embeddable":true,"href":"https:\/\/baldumarket.lt\/lt\/wp-json\/wp\/v2\/product_cat?post=40554"},{"taxonomy":"product_tag","embeddable":true,"href":"https:\/\/baldumarket.lt\/lt\/wp-json\/wp\/v2\/product_tag?post=40554"}],"curies":[{"name":"wp","href":"https:\/\/api.w.org\/{rel}","templated":true}]}}