{"id":40550,"date":"2025-11-19T20:11:48","date_gmt":"2025-11-19T17:11:48","guid":{"rendered":"https:\/\/baldumarket.lt\/?post_type=product&#038;p=40550"},"modified":"2026-03-24T13:18:45","modified_gmt":"2026-03-24T10:18:45","slug":"ontario-grupa-premium","status":"publish","type":"product","link":"https:\/\/baldumarket.lt\/lt\/product\/ontario-grupa-premium\/","title":{"rendered":"Ontarijo PREMIUM grup\u0117"},"content":{"rendered":"<p>\u201eOntario\u201c \u2013 tai unikali, skoninga ir i\u0161skirtin\u0117 lofto stiliaus kampin\u0117 sofa su u\u017eapvalintais kra\u0161tais, suteikianti gaivumo bet kuriam kambariui. 296 x 200 x 88 cm dyd\u017eio sofa garantuoja maksimal\u0173 komfort\u0105 tiek dien\u0105, tiek nakt\u012f, nes joje yra miegojimo funkcija su specialia 225 x 122 cm dyd\u017eio s\u0117dima dalimi. \u201eOntario\u201c taip pat yra patalyn\u0117s laikymo vieta. Kitos savyb\u0117s: patogi s\u0117dyn\u0117, pagaminta i\u0161 banguot\u0173 spyruokli\u0173 ir T30 putplas\u010dio derinio, praplatintas porankis vienoje pus\u0117je (kita pus\u0117 turi trumpesn\u012f banguot\u0105 porank\u012f), dekoratyvin\u0117s kojel\u0117s ir erdvios pagalv\u0117l\u0117s. \u201eOntario\u201c kampin\u0117 sofa \u2013 tai tvirtas, mink\u0161tas baldas, kurio patogumu, prakti\u0161kumu ir funkcionalumu gal\u0117site m\u0117gautis ilgus metus.<\/p>","protected":false},"excerpt":{"rendered":"<p>\u201eOntario\u201c \u2013 unikali, skoninga ir i\u0161skirtin\u0117 lofto stiliaus kampin\u0117 sofa su u\u017eapvalintais kra\u0161tais, suteikianti gaivumo bet kuriam kambariui. 296 x 200 x 88 cm dyd\u017eio sofa garantuoja maksimal\u0173 komfort\u0105 tiek dienos, tiek nakties poilsiui, nes joje yra miegojimo funkcija su specialiu 225 x 122 cm dyd\u017eio pavir\u0161iumi. [\u2026]<\/p>","protected":false},"featured_media":22461,"comment_status":"open","ping_status":"closed","template":"","meta":[],"product_brand":[],"product_cat":[9133],"product_tag":[],"class_list":{"0":"post-40550","1":"product","2":"type-product","3":"status-publish","4":"has-post-thumbnail","6":"product_cat-grouped","8":"first","9":"instock","10":"shipping-taxable","11":"purchasable","12":"product-type-variable","13":"wvs-archive-product-wrapper"},"_links":{"self":[{"href":"https:\/\/baldumarket.lt\/lt\/wp-json\/wp\/v2\/product\/40550","targetHints":{"allow":["GET"]}}],"collection":[{"href":"https:\/\/baldumarket.lt\/lt\/wp-json\/wp\/v2\/product"}],"about":[{"href":"https:\/\/baldumarket.lt\/lt\/wp-json\/wp\/v2\/types\/product"}],"replies":[{"embeddable":true,"href":"https:\/\/baldumarket.lt\/lt\/wp-json\/wp\/v2\/comments?post=40550"}],"wp:featuredmedia":[{"embeddable":true,"href":"https:\/\/baldumarket.lt\/lt\/wp-json\/wp\/v2\/media\/22461"}],"wp:attachment":[{"href":"https:\/\/baldumarket.lt\/lt\/wp-json\/wp\/v2\/media?parent=40550"}],"wp:term":[{"taxonomy":"product_brand","embeddable":true,"href":"https:\/\/baldumarket.lt\/lt\/wp-json\/wp\/v2\/product_brand?post=40550"},{"taxonomy":"product_cat","embeddable":true,"href":"https:\/\/baldumarket.lt\/lt\/wp-json\/wp\/v2\/product_cat?post=40550"},{"taxonomy":"product_tag","embeddable":true,"href":"https:\/\/baldumarket.lt\/lt\/wp-json\/wp\/v2\/product_tag?post=40550"}],"curies":[{"name":"wp","href":"https:\/\/api.w.org\/{rel}","templated":true}]}}