{"id":40536,"date":"2025-11-19T20:11:46","date_gmt":"2025-11-19T17:11:46","guid":{"rendered":"https:\/\/baldumarket.lt\/?post_type=product&#038;p=40536"},"modified":"2026-03-24T13:10:35","modified_gmt":"2026-03-24T10:10:35","slug":"nolla-grupa-classic","status":"publish","type":"product","link":"https:\/\/baldumarket.lt\/lt\/product\/nolla-grupa-classic\/","title":{"rendered":"Nolla CLASSIC grup\u0117"},"content":{"rendered":"<p>\u201eNolla\u201c \u2013 eleganti\u0161kas, eleganti\u0161kas ir kvadratinis pufas, kurio matmenys \u2013 40 x 40 x 41 cm, puikiai tiks bet kokiam interjerui. I\u0161skirtin\u0117s \u201eNolla\u201c pufo savyb\u0117s \u2013 platus audini\u0173 spalv\u0173 pasirinkimas ir patogi, didel\u0117 s\u0117dyn\u0117 su dekoratyviniais dygsniais. Jis pagamintas i\u0161 auk\u0161tos kokyb\u0117s HR put\u0173, u\u017etikrinan\u010di\u0173 maksimal\u0173 mink\u0161tum\u0105 ir komfort\u0105. \u0160is baldas taip pat gali b\u016bti patogus pakojis. Jis gali b\u016bti unikalus j\u016bs\u0173 svetain\u0117s papildymas ir puikiai papildyti esam\u0105 interjer\u0105. Verta tur\u0117ti toki\u0105 stiling\u0105 sof\u0105 savo namuose.<\/p>","protected":false},"excerpt":{"rendered":"<p>\u201eNolla\u201c \u2013 eleganti\u0161kas, eleganti\u0161kas ir kvadratinis pufas, kurio matmenys \u2013 40 x 40 x 41 cm, puikiai tiks bet kokiam interjerui. I\u0161skirtin\u0117s \u201eNolla\u201c pufo savyb\u0117s \u2013 platus audini\u0173 spalv\u0173 pasirinkimas ir patogi, didel\u0117 s\u0117dyn\u0117 su dekoratyviniais dygsniais. Jis pagamintas i\u0161 auk\u0161tos kokyb\u0117s HR put\u0173, u\u017etikrinan\u010di\u0173 maksimal\u0173 mink\u0161tum\u0105 [\u2026]<\/p>","protected":false},"featured_media":22434,"comment_status":"open","ping_status":"closed","template":"","meta":[],"product_brand":[],"product_cat":[9133],"product_tag":[],"class_list":{"0":"post-40536","1":"product","2":"type-product","3":"status-publish","4":"has-post-thumbnail","6":"product_cat-grouped","8":"first","9":"instock","10":"shipping-taxable","11":"purchasable","12":"product-type-variable","13":"wvs-archive-product-wrapper"},"_links":{"self":[{"href":"https:\/\/baldumarket.lt\/lt\/wp-json\/wp\/v2\/product\/40536","targetHints":{"allow":["GET"]}}],"collection":[{"href":"https:\/\/baldumarket.lt\/lt\/wp-json\/wp\/v2\/product"}],"about":[{"href":"https:\/\/baldumarket.lt\/lt\/wp-json\/wp\/v2\/types\/product"}],"replies":[{"embeddable":true,"href":"https:\/\/baldumarket.lt\/lt\/wp-json\/wp\/v2\/comments?post=40536"}],"wp:featuredmedia":[{"embeddable":true,"href":"https:\/\/baldumarket.lt\/lt\/wp-json\/wp\/v2\/media\/22434"}],"wp:attachment":[{"href":"https:\/\/baldumarket.lt\/lt\/wp-json\/wp\/v2\/media?parent=40536"}],"wp:term":[{"taxonomy":"product_brand","embeddable":true,"href":"https:\/\/baldumarket.lt\/lt\/wp-json\/wp\/v2\/product_brand?post=40536"},{"taxonomy":"product_cat","embeddable":true,"href":"https:\/\/baldumarket.lt\/lt\/wp-json\/wp\/v2\/product_cat?post=40536"},{"taxonomy":"product_tag","embeddable":true,"href":"https:\/\/baldumarket.lt\/lt\/wp-json\/wp\/v2\/product_tag?post=40536"}],"curies":[{"name":"wp","href":"https:\/\/api.w.org\/{rel}","templated":true}]}}