{"id":40516,"date":"2025-11-19T20:11:21","date_gmt":"2025-11-19T17:11:21","guid":{"rendered":"https:\/\/baldumarket.lt\/?post_type=product&#038;p=40516"},"modified":"2026-03-24T13:29:29","modified_gmt":"2026-03-24T10:29:29","slug":"newark-grupa-prestige","status":"publish","type":"product","link":"https:\/\/baldumarket.lt\/lt\/product\/newark-grupa-prestige\/","title":{"rendered":"Niuarko PRESTIGE grup\u0117"},"content":{"rendered":"<p>\u201eNewark\u201c \u2013 eleganti\u0161ka, klasikinio stiliaus ir minimalistin\u0117 kampin\u0117 sofa, kurios matmenys \u2013 237 x 150 x 90 cm, puikiai tinkanti bet kokiam interjerui, nepriklausomai nuo jos dyd\u017eio. S\u0117dyn\u0117 u\u017epildyta \u201ebonell\u201c ir T25 putomis, u\u017etikrinan\u010diomis maksimal\u0173 komfort\u0105 kasdienio naudojimo metu. Papildomas privalumas \u2013 miegojimo funkcija ir du patalyn\u0117s skyriai. I\u0161skleidus sof\u0105 automatiniu DL mechanizmu, ji tampa 195 x 125 cm dyd\u017eio lova. I\u0161skirtiniai jos bruo\u017eai \u2013 apmu\u0161tas atlo\u0161as, dosnios pagalv\u0117l\u0117s ir dygsniuotos s\u0117dyn\u0117s pagalv\u0117l\u0117s.<\/p>","protected":false},"excerpt":{"rendered":"<p>\u201eNewark\u201c \u2013 eleganti\u0161ka, klasikinio stiliaus ir minimalistin\u0117 kampin\u0117 sofa, kurios matmenys \u2013 237 x 150 x 90 cm, puikiai tinkanti bet kokiam interjerui, nepriklausomai nuo jos dyd\u017eio. S\u0117dyn\u0117 u\u017epildyta \u201ebonell\u201c ir T25 putomis, u\u017etikrinan\u010diomis maksimal\u0173 komfort\u0105 kasdienio naudojimo metu. Papildomas privalumas \u2013 miegojimo funkcija ir du patalyn\u0117s skyriai. I\u0161skleista naudojant [\u2026]<\/p>","protected":false},"featured_media":22238,"comment_status":"open","ping_status":"closed","template":"","meta":[],"product_brand":[],"product_cat":[9133],"product_tag":[],"class_list":{"0":"post-40516","1":"product","2":"type-product","3":"status-publish","4":"has-post-thumbnail","6":"product_cat-grouped","8":"first","9":"instock","10":"shipping-taxable","11":"purchasable","12":"product-type-variable","13":"wvs-archive-product-wrapper"},"_links":{"self":[{"href":"https:\/\/baldumarket.lt\/lt\/wp-json\/wp\/v2\/product\/40516","targetHints":{"allow":["GET"]}}],"collection":[{"href":"https:\/\/baldumarket.lt\/lt\/wp-json\/wp\/v2\/product"}],"about":[{"href":"https:\/\/baldumarket.lt\/lt\/wp-json\/wp\/v2\/types\/product"}],"replies":[{"embeddable":true,"href":"https:\/\/baldumarket.lt\/lt\/wp-json\/wp\/v2\/comments?post=40516"}],"wp:featuredmedia":[{"embeddable":true,"href":"https:\/\/baldumarket.lt\/lt\/wp-json\/wp\/v2\/media\/22238"}],"wp:attachment":[{"href":"https:\/\/baldumarket.lt\/lt\/wp-json\/wp\/v2\/media?parent=40516"}],"wp:term":[{"taxonomy":"product_brand","embeddable":true,"href":"https:\/\/baldumarket.lt\/lt\/wp-json\/wp\/v2\/product_brand?post=40516"},{"taxonomy":"product_cat","embeddable":true,"href":"https:\/\/baldumarket.lt\/lt\/wp-json\/wp\/v2\/product_cat?post=40516"},{"taxonomy":"product_tag","embeddable":true,"href":"https:\/\/baldumarket.lt\/lt\/wp-json\/wp\/v2\/product_tag?post=40516"}],"curies":[{"name":"wp","href":"https:\/\/api.w.org\/{rel}","templated":true}]}}