{"id":40496,"date":"2025-11-19T20:11:01","date_gmt":"2025-11-19T17:11:01","guid":{"rendered":"https:\/\/baldumarket.lt\/?post_type=product&#038;p=40496"},"modified":"2026-04-21T17:24:06","modified_gmt":"2026-04-21T14:24:06","slug":"neva-grupa-classic","status":"publish","type":"product","link":"https:\/\/baldumarket.lt\/lt\/product\/neva-grupa-classic\/","title":{"rendered":"Neva CLASSIC grup\u0117"},"content":{"rendered":"<p>\u201eNeva\u201c \u2013 tai patogi, kompakti\u0161ka ir stilinga sofa, kurios matmenys \u2013 132 x 70 x 65 cm, patraukianti d\u0117mes\u012f stilinga apdaila. \u201eNeva\u201c sofa turi gili\u0105 s\u0117dyn\u0119, u\u017epildyt\u0105 T25 putomis, tod\u0117l ji atspari \u012flenkimams ir deformacijoms. Kiti i\u0161skirtiniai m\u016bs\u0173 sofos bruo\u017eai \u2013 auk\u0161tas atlo\u0161as ir kontrastingos pagalv\u0117l\u0117s. J\u0105 galima greitai ir lengvai paversti lova, kurios miegamojo plotas yra 110 x 210 cm. Su funkcionalia, mink\u0161ta \u201eNeva\u201c sofa visada galite jaustis ypatingai. Ypa\u010d kai maksimalus komfortas derinamas su pra\u0161matnia apdaila. Su \u0161ia sofa j\u016bs\u0173 svetain\u0117 atrodys i\u0161ties i\u0161skirtinai.<\/p>","protected":false},"excerpt":{"rendered":"<p>\u201eNeva\u201c \u2013 tai patogi, kompakti\u0161ka ir stilinga sofa, kurios matmenys \u2013 132 x 70 x 65 cm, kuri patraukia d\u0117mes\u012f stilinga apdaila. \u201eNeva\u201c sofa turi gili\u0105 s\u0117dyn\u0119, u\u017epildyt\u0105 T25 putomis, tod\u0117l ji atspari \u012flenkimams ir deformacijoms. Kitos i\u0161skirtin\u0117s m\u016bs\u0173 sofos savyb\u0117s \u2013 auk\u0161tas atlo\u0161as ir kontrastingos pagalv\u0117l\u0117s. Ji [\u2026]<\/p>","protected":false},"featured_media":22310,"comment_status":"open","ping_status":"closed","template":"","meta":[],"product_brand":[],"product_cat":[9133],"product_tag":[],"class_list":{"0":"post-40496","1":"product","2":"type-product","3":"status-publish","4":"has-post-thumbnail","6":"product_cat-grouped","8":"first","9":"instock","10":"shipping-taxable","11":"purchasable","12":"product-type-variable","13":"wvs-archive-product-wrapper"},"_links":{"self":[{"href":"https:\/\/baldumarket.lt\/lt\/wp-json\/wp\/v2\/product\/40496","targetHints":{"allow":["GET"]}}],"collection":[{"href":"https:\/\/baldumarket.lt\/lt\/wp-json\/wp\/v2\/product"}],"about":[{"href":"https:\/\/baldumarket.lt\/lt\/wp-json\/wp\/v2\/types\/product"}],"replies":[{"embeddable":true,"href":"https:\/\/baldumarket.lt\/lt\/wp-json\/wp\/v2\/comments?post=40496"}],"wp:featuredmedia":[{"embeddable":true,"href":"https:\/\/baldumarket.lt\/lt\/wp-json\/wp\/v2\/media\/22310"}],"wp:attachment":[{"href":"https:\/\/baldumarket.lt\/lt\/wp-json\/wp\/v2\/media?parent=40496"}],"wp:term":[{"taxonomy":"product_brand","embeddable":true,"href":"https:\/\/baldumarket.lt\/lt\/wp-json\/wp\/v2\/product_brand?post=40496"},{"taxonomy":"product_cat","embeddable":true,"href":"https:\/\/baldumarket.lt\/lt\/wp-json\/wp\/v2\/product_cat?post=40496"},{"taxonomy":"product_tag","embeddable":true,"href":"https:\/\/baldumarket.lt\/lt\/wp-json\/wp\/v2\/product_tag?post=40496"}],"curies":[{"name":"wp","href":"https:\/\/api.w.org\/{rel}","templated":true}]}}