{"id":40462,"date":"2025-11-19T20:10:40","date_gmt":"2025-11-19T17:10:40","guid":{"rendered":"https:\/\/baldumarket.lt\/?post_type=product&#038;p=40462"},"modified":"2026-03-24T13:44:14","modified_gmt":"2026-03-24T10:44:14","slug":"naroznik-lorelle-pouf-grupa-standard","status":"publish","type":"product","link":"https:\/\/baldumarket.lt\/lt\/product\/naroznik-lorelle-pouf-grupa-standard\/","title":{"rendered":"Lorelle kampin\u0117 sofa + Pouf STANDARD Group"},"content":{"rendered":"<p>\u201eLorelle\u201c komplektas \u2013 tai kompakti\u0161ka kampin\u0117 sofa su miegojimo funkcija ir pufu. Eleganti\u0161kos linijos ir juodos metalin\u0117s kojel\u0117s dera tiek su moderniu, tiek su klasikiniu interjeru. Didelio elastingumo HR putos u\u017etikrina neprilygstam\u0105 komfort\u0105, kur\u012f dar labiau sustiprina reguliuojamos galvos atramos, ma\u017einan\u010dios kaklo stuburo apkrov\u0105. Kompakti\u0161kas kampin\u0117s sofos dydis (225 \u00d7 160 cm) idealiai tinka ma\u017eesni\u0173 svetaini\u0173 savininkams. \u0160iuolaiki\u0161kas pufas su 10 \u00d7 75 cm dyd\u017eio daiktad\u0117\u017ee puikiai dera prie bald\u0173. \u0160i liekna forma turi \u201eDolphin\u201c miegojimo funkcij\u0105, kuri i\u0161siskleid\u017eia vienu judesiu ir paver\u010dia kampin\u0119 sof\u0105 patogia 200 \u00d7 110 cm dyd\u017eio lova. \u201eLorelle\u201c komplektas pasi\u017eymi moderniu dizainu, kuris papildys bet kok\u012f interjer\u0105. Jis si\u016blomas i\u0161 plataus audini\u0173 ir spalv\u0173 pasirinkimo, tod\u0117l dar patrauklesnis. Nedvejokite! I\u0161bandykite m\u016bs\u0173 nauj\u0105j\u012f \u201eLorelle\u201c komplekt\u0105.<\/p>","protected":false},"excerpt":{"rendered":"<p>\u201eLorelle\u201c komplektas \u2013 tai kompakti\u0161ka kampin\u0117 sofa su miegojimo funkcija ir pufu. Eleganti\u0161kos linijos ir juodos metalin\u0117s kojel\u0117s dera tiek su moderniu, tiek su klasikiniu interjeru. Didelio elastingumo HR putplastis u\u017etikrina neprilygstam\u0105 komfort\u0105, kur\u012f dar labiau sustiprina reguliuojamos galvos atramos, ma\u017einan\u010dios kaklo stuburo spaudim\u0105. Kompakti\u0161kas kampin\u0117s sofos dydis \u2013 225 \u00d7 160 cm [\u2026]<\/p>","protected":false},"featured_media":20150,"comment_status":"open","ping_status":"closed","template":"","meta":[],"product_brand":[],"product_cat":[9133],"product_tag":[],"class_list":{"0":"post-40462","1":"product","2":"type-product","3":"status-publish","4":"has-post-thumbnail","6":"product_cat-grouped","8":"first","9":"instock","10":"shipping-taxable","11":"purchasable","12":"product-type-variable","13":"wvs-archive-product-wrapper"},"_links":{"self":[{"href":"https:\/\/baldumarket.lt\/lt\/wp-json\/wp\/v2\/product\/40462","targetHints":{"allow":["GET"]}}],"collection":[{"href":"https:\/\/baldumarket.lt\/lt\/wp-json\/wp\/v2\/product"}],"about":[{"href":"https:\/\/baldumarket.lt\/lt\/wp-json\/wp\/v2\/types\/product"}],"replies":[{"embeddable":true,"href":"https:\/\/baldumarket.lt\/lt\/wp-json\/wp\/v2\/comments?post=40462"}],"wp:featuredmedia":[{"embeddable":true,"href":"https:\/\/baldumarket.lt\/lt\/wp-json\/wp\/v2\/media\/20150"}],"wp:attachment":[{"href":"https:\/\/baldumarket.lt\/lt\/wp-json\/wp\/v2\/media?parent=40462"}],"wp:term":[{"taxonomy":"product_brand","embeddable":true,"href":"https:\/\/baldumarket.lt\/lt\/wp-json\/wp\/v2\/product_brand?post=40462"},{"taxonomy":"product_cat","embeddable":true,"href":"https:\/\/baldumarket.lt\/lt\/wp-json\/wp\/v2\/product_cat?post=40462"},{"taxonomy":"product_tag","embeddable":true,"href":"https:\/\/baldumarket.lt\/lt\/wp-json\/wp\/v2\/product_tag?post=40462"}],"curies":[{"name":"wp","href":"https:\/\/api.w.org\/{rel}","templated":true}]}}