{"id":40454,"date":"2025-11-19T20:10:39","date_gmt":"2025-11-19T17:10:39","guid":{"rendered":"https:\/\/baldumarket.lt\/?post_type=product&#038;p=40454"},"modified":"2026-03-24T13:10:25","modified_gmt":"2026-03-24T10:10:25","slug":"monty-grupa-classic","status":"publish","type":"product","link":"https:\/\/baldumarket.lt\/lt\/product\/monty-grupa-classic\/","title":{"rendered":"Monty grup\u0117s KLASIKA"},"content":{"rendered":"<p>\u201eMonty\u201c \u2013 stilingas, eleganti\u0161kas ir apvalus pufas, puikiai tinkantis \u012fvairaus dyd\u017eio butams. Pufo plotis \u2013 70 cm, o auk\u0161tis \u2013 28 cm. \u0160is pufas ne tik patogiai s\u0117dima vieta, bet ir gali b\u016bti naudojamas kaip prabangus pakojis. Patogi, erdvi s\u0117dyn\u0117 pagaminta i\u0161 auk\u0161tos kokyb\u0117s HR put\u0173, kurios u\u017etikrina maksimal\u0173 mink\u0161tum\u0105 ir pastebim\u0105 komfort\u0105. \u201eMonty\u201c pufas si\u016blomas su pla\u010diu audini\u0173 spalv\u0173 pasirinkimu, tod\u0117l tur\u0117site daugyb\u0119 variant\u0173. Jei ie\u0161kote geriausio pasirinkimo, \u201eMonty\u201c tikrai bus vienas i\u0161 j\u0173.<\/p>","protected":false},"excerpt":{"rendered":"<p>\u201eMonty\u201c \u2013 stilingas, eleganti\u0161kas ir apvalus pufas, puikiai tinkantis \u012fvairaus dyd\u017eio butams. Pufo plotis yra 70 cm, o auk\u0161tis \u2013 28 cm. \u0160is pufas ne tik patogiai s\u0117dima vieta, bet ir gali b\u016bti naudojamas kaip prabangus pakojis. Patogi, erdvi s\u0117dyn\u0117 pagaminta i\u0161 auk\u0161tos kokyb\u0117s HR put\u0173, kurios u\u017etikrina [\u2026]<\/p>","protected":false},"featured_media":22047,"comment_status":"open","ping_status":"closed","template":"","meta":[],"product_brand":[],"product_cat":[9133],"product_tag":[],"class_list":{"0":"post-40454","1":"product","2":"type-product","3":"status-publish","4":"has-post-thumbnail","6":"product_cat-grouped","8":"first","9":"instock","10":"shipping-taxable","11":"purchasable","12":"product-type-variable","13":"wvs-archive-product-wrapper"},"_links":{"self":[{"href":"https:\/\/baldumarket.lt\/lt\/wp-json\/wp\/v2\/product\/40454","targetHints":{"allow":["GET"]}}],"collection":[{"href":"https:\/\/baldumarket.lt\/lt\/wp-json\/wp\/v2\/product"}],"about":[{"href":"https:\/\/baldumarket.lt\/lt\/wp-json\/wp\/v2\/types\/product"}],"replies":[{"embeddable":true,"href":"https:\/\/baldumarket.lt\/lt\/wp-json\/wp\/v2\/comments?post=40454"}],"wp:featuredmedia":[{"embeddable":true,"href":"https:\/\/baldumarket.lt\/lt\/wp-json\/wp\/v2\/media\/22047"}],"wp:attachment":[{"href":"https:\/\/baldumarket.lt\/lt\/wp-json\/wp\/v2\/media?parent=40454"}],"wp:term":[{"taxonomy":"product_brand","embeddable":true,"href":"https:\/\/baldumarket.lt\/lt\/wp-json\/wp\/v2\/product_brand?post=40454"},{"taxonomy":"product_cat","embeddable":true,"href":"https:\/\/baldumarket.lt\/lt\/wp-json\/wp\/v2\/product_cat?post=40454"},{"taxonomy":"product_tag","embeddable":true,"href":"https:\/\/baldumarket.lt\/lt\/wp-json\/wp\/v2\/product_tag?post=40454"}],"curies":[{"name":"wp","href":"https:\/\/api.w.org\/{rel}","templated":true}]}}