{"id":40440,"date":"2025-11-19T20:10:16","date_gmt":"2025-11-19T17:10:16","guid":{"rendered":"https:\/\/baldumarket.lt\/?post_type=product&#038;p=40440"},"modified":"2026-03-24T13:44:13","modified_gmt":"2026-03-24T10:44:13","slug":"montez-grupa-standard","status":"publish","type":"product","link":"https:\/\/baldumarket.lt\/lt\/product\/montez-grupa-standard\/","title":{"rendered":"Montez Grupa STANDARTAS"},"content":{"rendered":"<p>\u201eMontez\u201c \u2013 tai erdvi, patogi ir mink\u0161ta kampin\u0117 sofa, kurios matmenys \u2013 340 x 180 x 93 cm. \u0160is U formos baldas idealiai tinka didel\u0117ms erdv\u0117ms. Jame yra patogi, mink\u0161ta s\u0117dyn\u0117, pagaminta i\u0161 patvari\u0173 vingiuot\u0173 spyruokli\u0173 ir lanks\u010di\u0173 T30 put\u0173, kurios yra atsparios pa\u017eeidimams, \u012fbr\u0117\u017eimams ir \u012flenkimams. M\u016bs\u0173 kampin\u0117 sofa yra daugiafunkcin\u0117, nes lengvai transformuojasi \u012f lov\u0105. I\u0161skleidus sof\u0105 naudojant DL automatin\u012f mechanizm\u0105, gaunama 275 x 120 cm erdv\u0117 nakties poilsiui. B\u016bdingi \u201eMontez\u201c kampin\u0117s sofos bruo\u017eai: auk\u0161ta, 51 cm s\u0117dyn\u0117, eleganti\u0161kas dygsniavimas, auk\u0161tos, 13 cm plienin\u0117s kojel\u0117s ir platus spalv\u0173 pasirinkimas. Gamin\u012f galima \u012fsigyti su visais \u201eBalduMarket\u201c kolekcijos audiniais. \u201eMontez\u201c \u2013 stilinga, pra\u0161matni ir, svarbiausia, patogi kampin\u0117 sofa, kuri puikiai tiks bet kurioje didesn\u0117je svetain\u0117je. Verta tur\u0117ti tok\u012f daugiafunkc\u012f bald\u0105, kuris ne tik pagyvins daugel\u012f kambari\u0173, bet ir tarnaus jiems ilgus metus.<\/p>","protected":false},"excerpt":{"rendered":"<p>\u201eMontez\u201c \u2013 erdvi, patogi ir mink\u0161ta kampin\u0117 sofa, kurios matmenys \u2013 340 x 180 x 93 cm. \u0160is U formos baldas idealiai tinka didel\u0117ms erdv\u0117ms. Jis pasi\u017eymi patogia, mink\u0161ta s\u0117dyne, pagaminta i\u0161 patvari\u0173 vingiuot\u0173 spyruokli\u0173 ir lanks\u010di\u0173 T30 put\u0173, kurios yra atsparios pa\u017eeidimams, \u012fbr\u0117\u017eimams ir \u012flenkimams. M\u016bs\u0173 kampin\u0117 sofa [\u2026]<\/p>","protected":false},"featured_media":15010,"comment_status":"open","ping_status":"closed","template":"","meta":[],"product_brand":[],"product_cat":[9133],"product_tag":[],"class_list":{"0":"post-40440","1":"product","2":"type-product","3":"status-publish","4":"has-post-thumbnail","6":"product_cat-grouped","8":"first","9":"instock","10":"shipping-taxable","11":"purchasable","12":"product-type-variable","13":"wvs-archive-product-wrapper"},"_links":{"self":[{"href":"https:\/\/baldumarket.lt\/lt\/wp-json\/wp\/v2\/product\/40440","targetHints":{"allow":["GET"]}}],"collection":[{"href":"https:\/\/baldumarket.lt\/lt\/wp-json\/wp\/v2\/product"}],"about":[{"href":"https:\/\/baldumarket.lt\/lt\/wp-json\/wp\/v2\/types\/product"}],"replies":[{"embeddable":true,"href":"https:\/\/baldumarket.lt\/lt\/wp-json\/wp\/v2\/comments?post=40440"}],"wp:featuredmedia":[{"embeddable":true,"href":"https:\/\/baldumarket.lt\/lt\/wp-json\/wp\/v2\/media\/15010"}],"wp:attachment":[{"href":"https:\/\/baldumarket.lt\/lt\/wp-json\/wp\/v2\/media?parent=40440"}],"wp:term":[{"taxonomy":"product_brand","embeddable":true,"href":"https:\/\/baldumarket.lt\/lt\/wp-json\/wp\/v2\/product_brand?post=40440"},{"taxonomy":"product_cat","embeddable":true,"href":"https:\/\/baldumarket.lt\/lt\/wp-json\/wp\/v2\/product_cat?post=40440"},{"taxonomy":"product_tag","embeddable":true,"href":"https:\/\/baldumarket.lt\/lt\/wp-json\/wp\/v2\/product_tag?post=40440"}],"curies":[{"name":"wp","href":"https:\/\/api.w.org\/{rel}","templated":true}]}}