{"id":40402,"date":"2025-11-19T20:09:53","date_gmt":"2025-11-19T17:09:53","guid":{"rendered":"https:\/\/baldumarket.lt\/?post_type=product&#038;p=40402"},"modified":"2026-03-24T13:37:16","modified_gmt":"2026-03-24T10:37:16","slug":"mirabel-140x200-grupa-special","status":"publish","type":"product","link":"https:\/\/baldumarket.lt\/lt\/product\/mirabel-140x200-grupa-special\/","title":{"rendered":"Mirabel 140X200 SPECIAL Group"},"content":{"rendered":"<p>\u201eMirabel\u201c \u2013 tai atsakymas \u012f visus j\u016bs\u0173 ie\u0161komus patogius ir funkcionalius kontinentinius lovos variantus. Ji paprasto dizaino, ta\u010diau eleganti\u0161ka ir skoninga. \u201eMirabel\u201c puikiai papildys bet kok\u012f modern\u0173 miegamojo dizain\u0105, nesvarbu, ar jis klasikinis, ar prabangus. Galima rinktis i\u0161 trij\u0173 dyd\u017ei\u0173: 140\/160\/180 x 200 cm, \u010diu\u017einys \u2013 tvirtas \u201eBonnell\u201c spyruoklinis \u010diu\u017einys su sm\u016bgius sugerian\u010diomis savyb\u0117mis. \u010ciu\u017einys taip pat turi ki\u0161enini\u0173 spyruokli\u0173 \u010diu\u017ein\u012f ir vir\u0161utin\u012f \u010diu\u017ein\u012f, pagamint\u0105 i\u0161 T3030 put\u0173. Papildomos \u201eMirabel\u201c savyb\u0117s: dvigubas patalyn\u0117s skyrius (vietoj med\u017eiagini\u0173 ranken\u0173 k\u0117limui \u012fmontavome rank\u0173 \u012fdubas ir k\u0117limo priemon\u0119), auk\u0161\u010dio reguliavimas (lova yra 60 cm vir\u0161 \u017eem\u0117s) ir auk\u0161tas, si\u016btas galv\u016bgalis. Jei ie\u0161kote patogios, bet stilingos lovos, kvie\u010diame ap\u017ei\u016br\u0117ti m\u016bs\u0173 \u201eBoxspringer\u201c. \u201eMirabel\u201c \u2013 puikus pasirinkimas tobulam nakties miegui!<\/p>","protected":false},"excerpt":{"rendered":"<p>\u201eMirabel\u201c \u2013 tai atsakymas \u012f visus j\u016bs\u0173 ie\u0161komus patogius ir funkcionalius kontinentinius lovos modelius. Ji paprasto dizaino, ta\u010diau eleganti\u0161ka ir skoninga. \u201eMirabel\u201c puikiai papildys bet kok\u012f modern\u0173 miegamojo dizain\u0105, tiek klasikin\u012f, tiek prabang\u0173. Galima rinktis i\u0161 trij\u0173 dyd\u017ei\u0173: 140\/160\/180 x 200 cm, su tvirtu \u201eBonnell\u201c [\u2026]<\/p>","protected":false},"featured_media":21776,"comment_status":"open","ping_status":"closed","template":"","meta":[],"product_brand":[],"product_cat":[9133],"product_tag":[],"class_list":{"0":"post-40402","1":"product","2":"type-product","3":"status-publish","4":"has-post-thumbnail","6":"product_cat-grouped","8":"first","9":"instock","10":"shipping-taxable","11":"purchasable","12":"product-type-variable","13":"wvs-archive-product-wrapper"},"_links":{"self":[{"href":"https:\/\/baldumarket.lt\/lt\/wp-json\/wp\/v2\/product\/40402","targetHints":{"allow":["GET"]}}],"collection":[{"href":"https:\/\/baldumarket.lt\/lt\/wp-json\/wp\/v2\/product"}],"about":[{"href":"https:\/\/baldumarket.lt\/lt\/wp-json\/wp\/v2\/types\/product"}],"replies":[{"embeddable":true,"href":"https:\/\/baldumarket.lt\/lt\/wp-json\/wp\/v2\/comments?post=40402"}],"wp:featuredmedia":[{"embeddable":true,"href":"https:\/\/baldumarket.lt\/lt\/wp-json\/wp\/v2\/media\/21776"}],"wp:attachment":[{"href":"https:\/\/baldumarket.lt\/lt\/wp-json\/wp\/v2\/media?parent=40402"}],"wp:term":[{"taxonomy":"product_brand","embeddable":true,"href":"https:\/\/baldumarket.lt\/lt\/wp-json\/wp\/v2\/product_brand?post=40402"},{"taxonomy":"product_cat","embeddable":true,"href":"https:\/\/baldumarket.lt\/lt\/wp-json\/wp\/v2\/product_cat?post=40402"},{"taxonomy":"product_tag","embeddable":true,"href":"https:\/\/baldumarket.lt\/lt\/wp-json\/wp\/v2\/product_tag?post=40402"}],"curies":[{"name":"wp","href":"https:\/\/api.w.org\/{rel}","templated":true}]}}