{"id":40342,"date":"2025-11-19T20:09:07","date_gmt":"2025-11-19T17:09:07","guid":{"rendered":"https:\/\/baldumarket.lt\/?post_type=product&#038;p=40342"},"modified":"2026-03-24T13:37:08","modified_gmt":"2026-03-24T10:37:08","slug":"milano-180x200-stelaz-drew-grupa-special","status":"publish","type":"product","link":"https:\/\/baldumarket.lt\/lt\/product\/milano-180x200-stelaz-drew-grupa-special\/","title":{"rendered":"Milano 180\u00d7200 + Medinis r\u0117mas. SPECIALI grup\u0117"},"content":{"rendered":"<p>\u201eMilano\u201c \u2013 tai eleganti\u0161ka, skoninga ir labai patogi lova, pasi\u017eyminti klasikiniu, ta\u010diau \u017eavingu stiliumi, puikiai tinkanti bet kokiam miegamajam, nepriklausomai nuo jo dyd\u017eio. Galima rinktis i\u0161 keturi\u0173 dyd\u017ei\u0173: 140\/160\/180\/200 x 200 cm, tod\u0117l ji gali b\u016bti pritaikyta \u012fvairaus dyd\u017eio kambariams. Lova gali b\u016bti su mediniais ir metaliniais r\u0117mais. Taip pat verta pamin\u0117ti, kad \u201eMilano\u201c pasi\u017eymi auk\u0161\u010diausio lygio funkcionalumu d\u0117l erdvaus patalyn\u0117s skyriaus, kuris lengvai ir intuityviai atsidaro dujiniu liftu. Kelios spalv\u0173 parinktys leid\u017eia vartotojams priderinti lov\u0105 prie miegamojo interjero. Siekiant padidinti komfort\u0105, lova apr\u016bpinta papildomomis, lanks\u010diomis T25 putomis, kurios yra tiek r\u0117me, tiek atlo\u0161e. Auk\u0161tas galv\u016bgalis, dekoruotas dygsniais, dar labiau sustiprina eleganti\u0161k\u0105 dizain\u0105. \u201eMilano\u201c \u2013 tai tobulas maksimalaus komforto ir patrauklaus dizaino derinys. Nesvarbu, ar j\u016bs\u0173 miegamasis klasikinis, ar modernus ir \u017eavingas, \u201eMilano\u201c yra tobula lova.<\/p>","protected":false},"excerpt":{"rendered":"<p>\u201eMilano\u201c \u2013 eleganti\u0161ka, skoninga ir labai patogi lova, pasi\u017eyminti klasikiniu, ta\u010diau \u017eavingu stiliumi, puikiai tinkanti bet kokiam miegamajam, nepriklausomai nuo jo dyd\u017eio. Galima rinktis i\u0161 keturi\u0173 dyd\u017ei\u0173: 140\/160\/180\/200 x 200 cm, tod\u0117l ji tinka \u012fvairaus dyd\u017eio kambariams. Lova gali b\u016bti su mediniais ir metaliniais r\u0117mais. Taip pat verta pamin\u0117ti, kad [\u2026]<\/p>","protected":false},"featured_media":21529,"comment_status":"open","ping_status":"closed","template":"","meta":[],"product_brand":[],"product_cat":[9133],"product_tag":[],"class_list":{"0":"post-40342","1":"product","2":"type-product","3":"status-publish","4":"has-post-thumbnail","6":"product_cat-grouped","8":"first","9":"instock","10":"shipping-taxable","11":"purchasable","12":"product-type-variable","13":"wvs-archive-product-wrapper"},"_links":{"self":[{"href":"https:\/\/baldumarket.lt\/lt\/wp-json\/wp\/v2\/product\/40342","targetHints":{"allow":["GET"]}}],"collection":[{"href":"https:\/\/baldumarket.lt\/lt\/wp-json\/wp\/v2\/product"}],"about":[{"href":"https:\/\/baldumarket.lt\/lt\/wp-json\/wp\/v2\/types\/product"}],"replies":[{"embeddable":true,"href":"https:\/\/baldumarket.lt\/lt\/wp-json\/wp\/v2\/comments?post=40342"}],"wp:featuredmedia":[{"embeddable":true,"href":"https:\/\/baldumarket.lt\/lt\/wp-json\/wp\/v2\/media\/21529"}],"wp:attachment":[{"href":"https:\/\/baldumarket.lt\/lt\/wp-json\/wp\/v2\/media?parent=40342"}],"wp:term":[{"taxonomy":"product_brand","embeddable":true,"href":"https:\/\/baldumarket.lt\/lt\/wp-json\/wp\/v2\/product_brand?post=40342"},{"taxonomy":"product_cat","embeddable":true,"href":"https:\/\/baldumarket.lt\/lt\/wp-json\/wp\/v2\/product_cat?post=40342"},{"taxonomy":"product_tag","embeddable":true,"href":"https:\/\/baldumarket.lt\/lt\/wp-json\/wp\/v2\/product_tag?post=40342"}],"curies":[{"name":"wp","href":"https:\/\/api.w.org\/{rel}","templated":true}]}}