{"id":40252,"date":"2025-11-19T20:08:01","date_gmt":"2025-11-19T17:08:01","guid":{"rendered":"https:\/\/baldumarket.lt\/?post_type=product&#038;p=40252"},"modified":"2026-03-24T13:29:01","modified_gmt":"2026-03-24T10:29:01","slug":"megis-3f-1f-puf-grupa-prestige","status":"publish","type":"product","link":"https:\/\/baldumarket.lt\/lt\/product\/megis-3f-1f-puf-grupa-prestige\/","title":{"rendered":"Megis 3F\/1F\/PUF PRESTIGE grup\u0117"},"content":{"rendered":"<p>\u201eMegis\u201c poilsio komplektas yra labai prakti\u0161kas komplektas, kur\u012f sudaro 250 x 95 x 90 cm dyd\u017eio sofa, 102 x 94 x 87 cm dyd\u017eio fotelis ir 82 x 68 x 42 cm dyd\u017eio pufas. \u0160ie baldai pasi\u017eymi dideliu komfortu d\u0117l s\u0117dyni\u0173, pagamint\u0173 i\u0161 labai elastingo HR putplas\u010dio. Prie komforto prisideda ir vingiuotos spyruokl\u0117s baldo viduje. Sofos, pufo ir fotelio kojos pagamintos i\u0161 juodo plieno ir yra net 13 centimetr\u0173 auk\u0161\u010dio. Paprasta forma, auk\u0161ti, unikalios formos porankiai ir subtilios si\u016bl\u0117s yra i\u0161skirtiniai \u201eMegis\u201c komplekto bruo\u017eai. Be vizualinio patrauklumo, poilsio komplektas taip pat yra funkcionalus. Sofa turi DL tipo atlo\u0161o mechanizm\u0105, u\u017etikrinant\u012f 200 x 145 cm dyd\u017eio miegojimo plot\u0105. Sofos d\u0117\u017e\u0117je taip pat yra patalyn\u0117s skyrius. Kiekvien\u0105 komplekto element\u0105 galima \u012fsigyti ir atskirai. \u201eMegis\u201c fotelis, pufas ir sofa \u2013 viskas, ko reikia ramiam poilsiui.<\/p>","protected":false},"excerpt":{"rendered":"<p>\u201eMegis\u201c poilsio komplektas yra labai prakti\u0161kas komplektas, kur\u012f sudaro 250 x 95 x 90 cm dyd\u017eio sofa, 102 x 94 x 87 cm dyd\u017eio fotelis ir 82 x 68 x 42 cm dyd\u017eio pufas. \u0160ie baldai pasi\u017eymi dideliu komfortu d\u0117l s\u0117dyni\u0173, pagamint\u0173 i\u0161 itin elastingos HR med\u017eiagos [\u2026]<\/p>","protected":false},"featured_media":25062,"comment_status":"open","ping_status":"closed","template":"","meta":[],"product_brand":[],"product_cat":[9133],"product_tag":[],"class_list":{"0":"post-40252","1":"product","2":"type-product","3":"status-publish","4":"has-post-thumbnail","6":"product_cat-grouped","8":"first","9":"instock","10":"shipping-taxable","11":"purchasable","12":"product-type-variable","13":"wvs-archive-product-wrapper"},"_links":{"self":[{"href":"https:\/\/baldumarket.lt\/lt\/wp-json\/wp\/v2\/product\/40252","targetHints":{"allow":["GET"]}}],"collection":[{"href":"https:\/\/baldumarket.lt\/lt\/wp-json\/wp\/v2\/product"}],"about":[{"href":"https:\/\/baldumarket.lt\/lt\/wp-json\/wp\/v2\/types\/product"}],"replies":[{"embeddable":true,"href":"https:\/\/baldumarket.lt\/lt\/wp-json\/wp\/v2\/comments?post=40252"}],"wp:featuredmedia":[{"embeddable":true,"href":"https:\/\/baldumarket.lt\/lt\/wp-json\/wp\/v2\/media\/25062"}],"wp:attachment":[{"href":"https:\/\/baldumarket.lt\/lt\/wp-json\/wp\/v2\/media?parent=40252"}],"wp:term":[{"taxonomy":"product_brand","embeddable":true,"href":"https:\/\/baldumarket.lt\/lt\/wp-json\/wp\/v2\/product_brand?post=40252"},{"taxonomy":"product_cat","embeddable":true,"href":"https:\/\/baldumarket.lt\/lt\/wp-json\/wp\/v2\/product_cat?post=40252"},{"taxonomy":"product_tag","embeddable":true,"href":"https:\/\/baldumarket.lt\/lt\/wp-json\/wp\/v2\/product_tag?post=40252"}],"curies":[{"name":"wp","href":"https:\/\/api.w.org\/{rel}","templated":true}]}}