{"id":40202,"date":"2025-11-19T20:07:37","date_gmt":"2025-11-19T17:07:37","guid":{"rendered":"https:\/\/baldumarket.lt\/?post_type=product&#038;p=40202"},"modified":"2026-04-21T17:24:06","modified_gmt":"2026-04-21T14:24:06","slug":"marino-grupa-classic","status":"publish","type":"product","link":"https:\/\/baldumarket.lt\/lt\/product\/marino-grupa-classic\/","title":{"rendered":"Marino CLASSIC grup\u0117"},"content":{"rendered":"<p>\u201eMarino\u201c \u2013 tai erdvi, patogi ir stilinga kampin\u0117 sofa, kurios matmenys \u2013 363 x 200 x 88 cm. Maksimal\u0173 komfort\u0105 u\u017etikrina kruop\u0161\u010diai suformuoti U formos sofos atlo\u0161ai, plat\u016bs porankiai su papildomomis sta\u010diakamp\u0117mis pagalv\u0117l\u0117mis ir s\u0117dyn\u0117, u\u017epildyta banguotomis spyruokl\u0117mis ir atspariu pa\u017eeidimams T30 putplas\u010diu. D\u0117l i\u0161traukiamos s\u0117dyn\u0117s ir atver\u010diamo atlo\u0161o m\u016bs\u0173 kampin\u0119 sof\u0105 galima lengvai ir efektyviai transformuoti \u012f 297 x 122 cm dyd\u017eio lov\u0105. Joje taip pat yra erdvus patalyn\u0117s skyrius. Papildomos \u201eMarino\u201c kampin\u0117s sofos savyb\u0117s: unikalus dizainas, subtilus dygsniavimas ir didel\u0117s pagalv\u0117l\u0117s. \u201eMarino\u201c kampin\u0117 sofa \u2013 tai baldas, kuriame gal\u0117site atsipalaiduoti ir pails\u0117ti po ilgos dienos.<\/p>","protected":false},"excerpt":{"rendered":"<p>\u201eMarino\u201c \u2013 tai erdvi, patogi ir stilinga kampin\u0117 sofa, kurios matmenys \u2013 363 x 200 x 88 cm. Maksimal\u0173 komfort\u0105 u\u017etikrina kruop\u0161\u010diai suformuoti U formos sofos atlo\u0161ai, plat\u016bs porankiai su papildomomis sta\u010diakamp\u0117mis pagalv\u0117l\u0117mis ir s\u0117dyn\u0117, u\u017epildyta banguotomis spyruokl\u0117mis ir atspariu pa\u017eeidimams T30 putplas\u010diu. D\u0117l i\u0161traukiamos s\u0117dyn\u0117s ir atver\u010diamo atlo\u0161o m\u016bs\u0173 kampin\u0117 [\u2026]<\/p>","protected":false},"featured_media":20626,"comment_status":"open","ping_status":"closed","template":"","meta":[],"product_brand":[],"product_cat":[9133],"product_tag":[],"class_list":{"0":"post-40202","1":"product","2":"type-product","3":"status-publish","4":"has-post-thumbnail","6":"product_cat-grouped","8":"first","9":"instock","10":"shipping-taxable","11":"purchasable","12":"product-type-variable","13":"wvs-archive-product-wrapper"},"_links":{"self":[{"href":"https:\/\/baldumarket.lt\/lt\/wp-json\/wp\/v2\/product\/40202","targetHints":{"allow":["GET"]}}],"collection":[{"href":"https:\/\/baldumarket.lt\/lt\/wp-json\/wp\/v2\/product"}],"about":[{"href":"https:\/\/baldumarket.lt\/lt\/wp-json\/wp\/v2\/types\/product"}],"replies":[{"embeddable":true,"href":"https:\/\/baldumarket.lt\/lt\/wp-json\/wp\/v2\/comments?post=40202"}],"wp:featuredmedia":[{"embeddable":true,"href":"https:\/\/baldumarket.lt\/lt\/wp-json\/wp\/v2\/media\/20626"}],"wp:attachment":[{"href":"https:\/\/baldumarket.lt\/lt\/wp-json\/wp\/v2\/media?parent=40202"}],"wp:term":[{"taxonomy":"product_brand","embeddable":true,"href":"https:\/\/baldumarket.lt\/lt\/wp-json\/wp\/v2\/product_brand?post=40202"},{"taxonomy":"product_cat","embeddable":true,"href":"https:\/\/baldumarket.lt\/lt\/wp-json\/wp\/v2\/product_cat?post=40202"},{"taxonomy":"product_tag","embeddable":true,"href":"https:\/\/baldumarket.lt\/lt\/wp-json\/wp\/v2\/product_tag?post=40202"}],"curies":[{"name":"wp","href":"https:\/\/api.w.org\/{rel}","templated":true}]}}