{"id":40164,"date":"2025-11-19T20:06:52","date_gmt":"2025-11-19T17:06:52","guid":{"rendered":"https:\/\/baldumarket.lt\/?post_type=product&#038;p=40164"},"modified":"2026-03-24T13:43:48","modified_gmt":"2026-03-24T10:43:48","slug":"lusso-grupa-standard","status":"publish","type":"product","link":"https:\/\/baldumarket.lt\/lt\/product\/lusso-grupa-standard\/","title":{"rendered":"Lusso STANDARD grup\u0117"},"content":{"rendered":"<p>\u201eLusso\u201c \u2013 eleganti\u0161ka, paprasta ir kompakti\u0161ka mink\u0161ta kampin\u0117 sofa, kurios matmenys \u2013 245 x 160 x 90 cm, puikiai tinkanti bet kokiam interjerui, nepriklausomai nuo jo dyd\u017eio. S\u0117dyn\u0117 u\u017epildyta vingiuotomis spyruokl\u0117mis ir T30 putomis, u\u017etikrinan\u010diomis maksimal\u0173 komfort\u0105 vis\u0105 dien\u0105 ir nakt\u012f. Papildomas privalumas \u2013 miegojimo funkcija ir patalyn\u0117s skyrius pufe. I\u0161skleidus sof\u0105 naudojant automatin\u012f DL mechanizm\u0105, ji tampa 205 x 145 cm dyd\u017eio lova.<\/p>","protected":false},"excerpt":{"rendered":"<p>\u201eLusso\u201c \u2013 eleganti\u0161ka, paprasta ir kompakti\u0161ka mink\u0161ta kampin\u0117 sofa, kurios matmenys \u2013 245 x 160 x 90 cm, puikiai tinkanti bet kokiam interjerui, nepriklausomai nuo jo dyd\u017eio. S\u0117dyn\u0117 u\u017epildyta vingiuotomis spyruokl\u0117mis ir T30 putplas\u010diu, u\u017etikrinan\u010diu maksimal\u0173 komfort\u0105 vis\u0105 dien\u0105 ir nakt\u012f. Papildomas privalumas \u2013 miegojimo funkcija ir patalyn\u0117s laikymo vieta, esanti [\u2026]<\/p>","protected":false},"featured_media":20560,"comment_status":"open","ping_status":"closed","template":"","meta":[],"product_brand":[],"product_cat":[9133],"product_tag":[],"class_list":{"0":"post-40164","1":"product","2":"type-product","3":"status-publish","4":"has-post-thumbnail","6":"product_cat-grouped","8":"first","9":"instock","10":"shipping-taxable","11":"purchasable","12":"product-type-variable","13":"wvs-archive-product-wrapper"},"_links":{"self":[{"href":"https:\/\/baldumarket.lt\/lt\/wp-json\/wp\/v2\/product\/40164","targetHints":{"allow":["GET"]}}],"collection":[{"href":"https:\/\/baldumarket.lt\/lt\/wp-json\/wp\/v2\/product"}],"about":[{"href":"https:\/\/baldumarket.lt\/lt\/wp-json\/wp\/v2\/types\/product"}],"replies":[{"embeddable":true,"href":"https:\/\/baldumarket.lt\/lt\/wp-json\/wp\/v2\/comments?post=40164"}],"wp:featuredmedia":[{"embeddable":true,"href":"https:\/\/baldumarket.lt\/lt\/wp-json\/wp\/v2\/media\/20560"}],"wp:attachment":[{"href":"https:\/\/baldumarket.lt\/lt\/wp-json\/wp\/v2\/media?parent=40164"}],"wp:term":[{"taxonomy":"product_brand","embeddable":true,"href":"https:\/\/baldumarket.lt\/lt\/wp-json\/wp\/v2\/product_brand?post=40164"},{"taxonomy":"product_cat","embeddable":true,"href":"https:\/\/baldumarket.lt\/lt\/wp-json\/wp\/v2\/product_cat?post=40164"},{"taxonomy":"product_tag","embeddable":true,"href":"https:\/\/baldumarket.lt\/lt\/wp-json\/wp\/v2\/product_tag?post=40164"}],"curies":[{"name":"wp","href":"https:\/\/api.w.org\/{rel}","templated":true}]}}