{"id":40158,"date":"2025-11-19T20:06:51","date_gmt":"2025-11-19T17:06:51","guid":{"rendered":"https:\/\/baldumarket.lt\/?post_type=product&#038;p=40158"},"modified":"2026-03-24T13:09:58","modified_gmt":"2026-03-24T10:09:58","slug":"loze-princce-180x200-grupa-classic","status":"publish","type":"product","link":"https:\/\/baldumarket.lt\/lt\/product\/loze-princce-180x200-grupa-classic\/","title":{"rendered":"Princi\u0161kaus stiliaus lova 180\u00d7200 CLASSIC Group"},"content":{"rendered":"<p>\u201ePrincce\u201c lova \u2013 \u012fsp\u016bdinga ir prabangi lova, kuri ne tik u\u017etikrins tobul\u0105 nakties mieg\u0105, bet ir suteiks j\u016bs\u0173 miegamajam dekoratyvumo. Pagaminta ant tvirto metalinio r\u0117mo, \u201ePrincce\u201c lova garantuoja patikim\u0105 patvarum\u0105 ir stabilum\u0105. Apr\u016bpinta T25 putomis, ji suteikia patogi\u0105 atram\u0105 visam k\u016bnui ir u\u017etikrina patog\u0173 poils\u012f. \u201ePrincce\u201c lovos matmenys \u2013 \u012fsp\u016bdingi 221 cm plo\u010dio, 232 cm gylio ir 117 cm auk\u0161\u010dio, tod\u0117l tai erdvus ir \u012fsp\u016bdingas baldas. S\u0117dyn\u0117s auk\u0161tis \u2013 30 cm, o atlo\u0161o auk\u0161tis \u2013 87 cm, tod\u0117l u\u017etikrinama optimali nugaros atrama. Prakti\u0161kas patalyn\u0117s skyrius \u2013 puikus sprendimas papildomiems daiktams laikyti. Juodos kojel\u0117s, pagamintos i\u0161 auk\u0161tos kokyb\u0117s bald\u0173 slydimo med\u017eiagos, yra 1,5 cm auk\u0161\u010dio, tod\u0117l atrodo moderniai ir eleganti\u0161kai. Komplekte yra 36 grotel\u0117s, kurios suteikia tvirt\u0105 ir tolyg\u0173 \u010diu\u017einio atram\u0105. Ta\u010diau atkreipkite d\u0117mes\u012f, kad \u010diu\u017einys \u012f komplekt\u0105 ne\u012feina. \u201ePrincce\u201c lovos miegamojo pavir\u0161iaus matmenys \u2013 180 x 200 cm, tod\u0117l yra pakankamai vietos patogiam nakties miegui. Dekoratyviniai dygsniai \u201ePrincce\u201c lovoje suteikia elegancijos ir rafinuotumo, pabr\u0117\u017eia prabang\u0173 stili\u0173. Nors ne visi kolekcijos audiniai yra prieinami, si\u016blomas platus pasirinkimas, atitinkantis j\u016bs\u0173 individual\u0173 skon\u012f ir interjero dizain\u0105. Trumpai tariant, \u201ePrincce\u201c lova yra elegancijos, komforto ir prabangos sinonimas. \u012esp\u016bdingas dydis, dekoratyviniai dygsniai ir auk\u0161tos kokyb\u0117s meistri\u0161kumas paver\u010dia j\u0105 j\u016bs\u0173 miegamojo traukos centru, ne tik sukurdami tobul\u0105 aplink\u0105 poilsiui, bet ir suteikdami unikal\u0173 akcent\u0105 j\u016bs\u0173 aplinkai.<\/p>","protected":false},"excerpt":{"rendered":"<p>\u201ePrincce\u201c lova yra \u012fsp\u016bdinga ir prabangi lova, kuri ne tik u\u017etikrins tobul\u0105 nakties mieg\u0105, bet ir suteiks dekoratyvumo j\u016bs\u0173 miegamajam. Pagaminta ant tvirto metalinio r\u0117mo, \u201ePrincce\u201c lova garantuoja patikim\u0105 patvarum\u0105 ir stabilum\u0105. Apr\u016bpinta T25 putomis, ji suteikia patogi\u0105 atram\u0105 visam k\u016bnui, [\u2026]<\/p>","protected":false},"featured_media":28084,"comment_status":"open","ping_status":"closed","template":"","meta":[],"product_brand":[],"product_cat":[9133],"product_tag":[],"class_list":{"0":"post-40158","1":"product","2":"type-product","3":"status-publish","4":"has-post-thumbnail","6":"product_cat-grouped","8":"first","9":"instock","10":"shipping-taxable","11":"purchasable","12":"product-type-variable","13":"wvs-archive-product-wrapper"},"_links":{"self":[{"href":"https:\/\/baldumarket.lt\/lt\/wp-json\/wp\/v2\/product\/40158","targetHints":{"allow":["GET"]}}],"collection":[{"href":"https:\/\/baldumarket.lt\/lt\/wp-json\/wp\/v2\/product"}],"about":[{"href":"https:\/\/baldumarket.lt\/lt\/wp-json\/wp\/v2\/types\/product"}],"replies":[{"embeddable":true,"href":"https:\/\/baldumarket.lt\/lt\/wp-json\/wp\/v2\/comments?post=40158"}],"wp:featuredmedia":[{"embeddable":true,"href":"https:\/\/baldumarket.lt\/lt\/wp-json\/wp\/v2\/media\/28084"}],"wp:attachment":[{"href":"https:\/\/baldumarket.lt\/lt\/wp-json\/wp\/v2\/media?parent=40158"}],"wp:term":[{"taxonomy":"product_brand","embeddable":true,"href":"https:\/\/baldumarket.lt\/lt\/wp-json\/wp\/v2\/product_brand?post=40158"},{"taxonomy":"product_cat","embeddable":true,"href":"https:\/\/baldumarket.lt\/lt\/wp-json\/wp\/v2\/product_cat?post=40158"},{"taxonomy":"product_tag","embeddable":true,"href":"https:\/\/baldumarket.lt\/lt\/wp-json\/wp\/v2\/product_tag?post=40158"}],"curies":[{"name":"wp","href":"https:\/\/api.w.org\/{rel}","templated":true}]}}