{"id":40156,"date":"2025-11-19T20:06:50","date_gmt":"2025-11-19T17:06:50","guid":{"rendered":"https:\/\/baldumarket.lt\/?post_type=product&#038;p=40156"},"modified":"2026-03-24T13:09:57","modified_gmt":"2026-03-24T10:09:57","slug":"loze-princce-160x200-grupa-classic","status":"publish","type":"product","link":"https:\/\/baldumarket.lt\/lt\/product\/loze-princce-160x200-grupa-classic\/","title":{"rendered":"Princi\u0161kaus stiliaus lova 160\u00d7200 CLASSIC Group"},"content":{"rendered":"<p>\u201ePrincce\u201c lova \u2013 \u012fsp\u016bdinga lova, kuri ne tik suteikia patogi\u0105 viet\u0105 miegoti, bet ir suteikia elegancijos j\u016bs\u0173 miegamajam. Pagaminta ant tvirto metalinio r\u0117mo, \u201ePrincce\u201c lova yra patvari ir stabili. Apr\u016bpinta T25 putomis, ji suteikia puiki\u0105 atram\u0105 patogiam poilsiui. Lovos i\u0161oriniai matmenys yra 201 cm plo\u010dio, 232 cm gylio ir 117 cm auk\u0161\u010dio, tod\u0117l tai erdvus baldas su \u012fsp\u016bdinga i\u0161vaizda. S\u0117dyn\u0117s auk\u0161tis \u2013 30 cm, o atlo\u0161o auk\u0161tis \u2013 87 cm, tod\u0117l u\u017etikrina patogi\u0105 atram\u0105 poilsio metu. \u201ePrincce\u201c lovoje yra prakti\u0161kas patalyn\u0117s skyrius, kuriame lengva laikyti daiktus. Kojel\u0117s pagamintos i\u0161 juodos spalvos baldin\u0117s slydimo juostos, 1,5 cm auk\u0161\u010dio, suteikian\u010dios lovai modern\u0173 vaizd\u0105. \u012e komplekt\u0105 \u012feina 36 grotel\u0117s, kurios u\u017etikrina optimali\u0105 \u010diu\u017einio atram\u0105. Atkreipkite d\u0117mes\u012f, kad \u010diu\u017einys \u012f komplekt\u0105 ne\u012feina. \u201ePrincce\u201c lovos miegamoji dalis yra 160 \u00d7 200 cm, tod\u0117l ji yra patogi vieta miegoti. Dekoratyviniai \u201ePrincce\u201c lovos dygsniai suteikia elegancijos ir unikalaus charakterio. Nors ne visi kolekcijos audiniai yra prieinami, yra daug skirting\u0173 variant\u0173, atitinkan\u010di\u0173 j\u016bs\u0173 skon\u012f ir stili\u0173. Trumpai tariant, \u201ePrince\u201c lova yra \u012fsp\u016bdingas baldas, kuriame dera patogumas, patvarumas ir elegancija. Erdv\u016bs matmenys, dekoratyviniai dygsniai ir auk\u0161tos kokyb\u0117s meistri\u0161kumas paver\u010dia j\u0105 j\u016bs\u0173 miegamojo traukos centru, sukurdami tobul\u0105 aplink\u0105 poilsiui ir miegui.<\/p>","protected":false},"excerpt":{"rendered":"<p>\u201ePrincce\u201c lova \u2013 tai \u012fsp\u016bdinga lova, kuri ne tik suteikia patogi\u0105 miegojimo viet\u0105, bet ir suteikia elegancijos j\u016bs\u0173 miegamajam. Pagaminta ant tvirto metalinio r\u0117mo, \u201ePrincce\u201c lova yra patvari ir stabili. Apr\u016bpinta T25 putomis, ji suteikia puiki\u0105 atram\u0105 patogiam poilsiui. Lovos i\u0161oriniai matmenys yra [\u2026]<\/p>","protected":false},"featured_media":28084,"comment_status":"open","ping_status":"closed","template":"","meta":[],"product_brand":[],"product_cat":[9133],"product_tag":[],"class_list":{"0":"post-40156","1":"product","2":"type-product","3":"status-publish","4":"has-post-thumbnail","6":"product_cat-grouped","8":"first","9":"instock","10":"shipping-taxable","11":"purchasable","12":"product-type-variable","13":"wvs-archive-product-wrapper"},"_links":{"self":[{"href":"https:\/\/baldumarket.lt\/lt\/wp-json\/wp\/v2\/product\/40156","targetHints":{"allow":["GET"]}}],"collection":[{"href":"https:\/\/baldumarket.lt\/lt\/wp-json\/wp\/v2\/product"}],"about":[{"href":"https:\/\/baldumarket.lt\/lt\/wp-json\/wp\/v2\/types\/product"}],"replies":[{"embeddable":true,"href":"https:\/\/baldumarket.lt\/lt\/wp-json\/wp\/v2\/comments?post=40156"}],"wp:featuredmedia":[{"embeddable":true,"href":"https:\/\/baldumarket.lt\/lt\/wp-json\/wp\/v2\/media\/28084"}],"wp:attachment":[{"href":"https:\/\/baldumarket.lt\/lt\/wp-json\/wp\/v2\/media?parent=40156"}],"wp:term":[{"taxonomy":"product_brand","embeddable":true,"href":"https:\/\/baldumarket.lt\/lt\/wp-json\/wp\/v2\/product_brand?post=40156"},{"taxonomy":"product_cat","embeddable":true,"href":"https:\/\/baldumarket.lt\/lt\/wp-json\/wp\/v2\/product_cat?post=40156"},{"taxonomy":"product_tag","embeddable":true,"href":"https:\/\/baldumarket.lt\/lt\/wp-json\/wp\/v2\/product_tag?post=40156"}],"curies":[{"name":"wp","href":"https:\/\/api.w.org\/{rel}","templated":true}]}}