{"id":40154,"date":"2025-11-19T20:06:50","date_gmt":"2025-11-19T17:06:50","guid":{"rendered":"https:\/\/baldumarket.lt\/?post_type=product&#038;p=40154"},"modified":"2026-03-24T13:09:57","modified_gmt":"2026-03-24T10:09:57","slug":"loze-princce-140x200-grupa-classic","status":"publish","type":"product","link":"https:\/\/baldumarket.lt\/lt\/product\/loze-princce-140x200-grupa-classic\/","title":{"rendered":"Princi\u0161kaus stiliaus lova 140\u00d7200 CLASSIC Group"},"content":{"rendered":"<p>\u201ePrincce\u201c lova \u2013 eleganti\u0161ka lova, kurios \u012fsp\u016bdingi matmenys \u2013 181 cm x 232 cm x 117 cm. Unikal\u0173 dizain\u0105 pabr\u0117\u017eia dekoratyviniai dygsniai, suteikiantys rafinuotumo. Pagaminta i\u0161 tvirto metalinio r\u0117mo, \u201ePrincce\u201c lova garantuoja patvarum\u0105 ir stabilum\u0105. Ji pasi\u017eymi patogiomis T25 putomis, kurios suteikia maloni\u0105 atram\u0105 poilsio metu. S\u0117dyn\u0117s auk\u0161tis \u2013 30 cm, o atlo\u0161o \u2013 87 cm, tod\u0117l patogu atsipalaiduoti. \u201ePrincce\u201c lovoje taip pat yra prakti\u0161kas patalyn\u0117s skyrius, kuriame lengva susid\u0117ti daiktus. Kojel\u0117s yra 1,5 cm auk\u0161\u010dio, o juodos spalvos b\u0117geliai suteikia modernumo ir elegancijos. Komplekte yra 36 grotel\u0117s, kurios suteikia tinkam\u0105 atram\u0105 \u010diu\u017einiui. Nors \u010diu\u017einys \u012f komplekt\u0105 ne\u012feina, \u201ePrincce\u201c lovos miegojimo plotas yra 140 x 200 cm, idealiai tinkantis patogiam nakties miegui. Verta pamin\u0117ti, kad \u201ePrince\u201c lova n\u0117ra vis\u0173 kolekcijos audini\u0173, ta\u010diau yra \u012fvairi\u0173 variant\u0173, atitinkan\u010di\u0173 j\u016bs\u0173 skon\u012f ir miegamojo interjer\u0105. Trumpai tariant, \u201ePrince\u201c lova yra ne tik funkcionali ir patogi, bet ir eleganti\u0161kas dizaino elementas. \u012esp\u016bdingas dydis, dekoratyviniai dygsniai ir auk\u0161tos kokyb\u0117s meistri\u0161kumas paver\u010dia j\u0105 j\u016bs\u0173 miegamojo traukos centru, u\u017etikrindami patog\u0173 ir stiling\u0105 nakties mieg\u0105.<\/p>","protected":false},"excerpt":{"rendered":"<p>\u201ePrincce\u201c lova \u2013 eleganti\u0161ka, \u012fsp\u016bding\u0173 181 cm x 232 cm x 117 cm dyd\u017eio lova. Unikal\u0173 dizain\u0105 pary\u0161kina dekoratyviniai dygsniai, suteikiantys rafinuotumo. Pagaminta i\u0161 tvirto metalinio r\u0117mo, \u201ePrincce\u201c lova garantuoja patvarum\u0105 ir stabilum\u0105. Ji pasi\u017eymi patogiomis T25 putomis, kurios suteikia maloni\u0105 atram\u0105 poilsio metu. [\u2026]<\/p>","protected":false},"featured_media":28084,"comment_status":"open","ping_status":"closed","template":"","meta":[],"product_brand":[],"product_cat":[9133],"product_tag":[],"class_list":{"0":"post-40154","1":"product","2":"type-product","3":"status-publish","4":"has-post-thumbnail","6":"product_cat-grouped","8":"first","9":"instock","10":"shipping-taxable","11":"purchasable","12":"product-type-variable","13":"wvs-archive-product-wrapper"},"_links":{"self":[{"href":"https:\/\/baldumarket.lt\/lt\/wp-json\/wp\/v2\/product\/40154","targetHints":{"allow":["GET"]}}],"collection":[{"href":"https:\/\/baldumarket.lt\/lt\/wp-json\/wp\/v2\/product"}],"about":[{"href":"https:\/\/baldumarket.lt\/lt\/wp-json\/wp\/v2\/types\/product"}],"replies":[{"embeddable":true,"href":"https:\/\/baldumarket.lt\/lt\/wp-json\/wp\/v2\/comments?post=40154"}],"wp:featuredmedia":[{"embeddable":true,"href":"https:\/\/baldumarket.lt\/lt\/wp-json\/wp\/v2\/media\/28084"}],"wp:attachment":[{"href":"https:\/\/baldumarket.lt\/lt\/wp-json\/wp\/v2\/media?parent=40154"}],"wp:term":[{"taxonomy":"product_brand","embeddable":true,"href":"https:\/\/baldumarket.lt\/lt\/wp-json\/wp\/v2\/product_brand?post=40154"},{"taxonomy":"product_cat","embeddable":true,"href":"https:\/\/baldumarket.lt\/lt\/wp-json\/wp\/v2\/product_cat?post=40154"},{"taxonomy":"product_tag","embeddable":true,"href":"https:\/\/baldumarket.lt\/lt\/wp-json\/wp\/v2\/product_tag?post=40154"}],"curies":[{"name":"wp","href":"https:\/\/api.w.org\/{rel}","templated":true}]}}