{"id":39912,"date":"2025-11-19T20:03:38","date_gmt":"2025-11-19T17:03:38","guid":{"rendered":"https:\/\/baldumarket.lt\/?post_type=product&#038;p=39912"},"modified":"2026-04-21T17:26:13","modified_gmt":"2026-04-21T14:26:13","slug":"loze-dizzle-90x200-grupa-prestige","status":"publish","type":"product","link":"https:\/\/baldumarket.lt\/lt\/product\/loze-dizzle-90x200-grupa-prestige\/","title":{"rendered":"Lova su atlenkiama dalimi 90\u00d7200 PRESTIGE grup\u0117"},"content":{"rendered":"<p>\u201eDizzle\u201c miegamojo lova, kurios matmenys \u2013 225 x 134 x 103 cm, yra modernus ir eleganti\u0161kas baldas, puikiai derinantis miego komfort\u0105 su prakti\u0161kais kasdienio naudojimo sprendimais. Auk\u0161tos kokyb\u0117s T2130 putplas\u010dio u\u017epildas u\u017etikrina optimali\u0105 atram\u0105 ir komfort\u0105 poilsio metu, o tvirtos juodos slankiojan\u010dios kojel\u0117s, pagamintos i\u0161 patvaraus plastiko, garantuoja stabilum\u0105 ir atsparum\u0105 pa\u017eeidimams. Papildomas privalumas \u2013 erdvus ir lengvai pasiekiamas patalyn\u0117s skyrius, kuris padeda palaikyti tvark\u0105 miegamajame ir taupo viet\u0105 spintose. D\u0117l modernaus \u201eDizzle\u201c lovos stiliaus ji puikiai tinka tiek minimalistiniam, tiek dekoratyvesniam interjerui, tampa kambario traukos centru ir pabr\u0117\u017eia jo unikal\u0173 charakter\u012f. Tai puikus pasirinkimas tiems, kurie ie\u0161ko estetikos, funkcionalumo ir patvarumo derinio viename balde.<\/p>","protected":false},"excerpt":{"rendered":"<p>\u201eDizzle\u201c miegamojo lova, kurios matmenys \u2013 225 x 134 x 103 cm, yra modernus ir eleganti\u0161kas baldas, puikiai derinantis miego komfort\u0105 su prakti\u0161kais kasdienio naudojimo sprendimais. Auk\u0161tos kokyb\u0117s T2130 putplas\u010dio u\u017epildas u\u017etikrina optimali\u0105 atram\u0105 ir komfort\u0105 poilsio metu, o tvirtos juodos slankiojan\u010dios kojel\u0117s, pagamintos i\u0161 patvaraus plastiko, garantuoja stabilum\u0105 ir atsparum\u0105 [\u2026]<\/p>","protected":false},"featured_media":36240,"comment_status":"open","ping_status":"closed","template":"","meta":[],"product_brand":[],"product_cat":[9133],"product_tag":[],"class_list":{"0":"post-39912","1":"product","2":"type-product","3":"status-publish","4":"has-post-thumbnail","6":"product_cat-grouped","8":"first","9":"instock","10":"shipping-taxable","11":"purchasable","12":"product-type-variable","13":"wvs-archive-product-wrapper"},"_links":{"self":[{"href":"https:\/\/baldumarket.lt\/lt\/wp-json\/wp\/v2\/product\/39912","targetHints":{"allow":["GET"]}}],"collection":[{"href":"https:\/\/baldumarket.lt\/lt\/wp-json\/wp\/v2\/product"}],"about":[{"href":"https:\/\/baldumarket.lt\/lt\/wp-json\/wp\/v2\/types\/product"}],"replies":[{"embeddable":true,"href":"https:\/\/baldumarket.lt\/lt\/wp-json\/wp\/v2\/comments?post=39912"}],"wp:featuredmedia":[{"embeddable":true,"href":"https:\/\/baldumarket.lt\/lt\/wp-json\/wp\/v2\/media\/36240"}],"wp:attachment":[{"href":"https:\/\/baldumarket.lt\/lt\/wp-json\/wp\/v2\/media?parent=39912"}],"wp:term":[{"taxonomy":"product_brand","embeddable":true,"href":"https:\/\/baldumarket.lt\/lt\/wp-json\/wp\/v2\/product_brand?post=39912"},{"taxonomy":"product_cat","embeddable":true,"href":"https:\/\/baldumarket.lt\/lt\/wp-json\/wp\/v2\/product_cat?post=39912"},{"taxonomy":"product_tag","embeddable":true,"href":"https:\/\/baldumarket.lt\/lt\/wp-json\/wp\/v2\/product_tag?post=39912"}],"curies":[{"name":"wp","href":"https:\/\/api.w.org\/{rel}","templated":true}]}}