{"id":39906,"date":"2025-11-19T20:03:37","date_gmt":"2025-11-19T17:03:37","guid":{"rendered":"https:\/\/baldumarket.lt\/?post_type=product&#038;p=39906"},"modified":"2026-03-24T13:28:15","modified_gmt":"2026-03-24T10:28:15","slug":"loze-dizzle-180x200-grupa-prestige","status":"publish","type":"product","link":"https:\/\/baldumarket.lt\/lt\/product\/loze-dizzle-180x200-grupa-prestige\/","title":{"rendered":"Lova su atlenkiama dalimi 180&#215;200 PRESTIGE Group"},"content":{"rendered":"<p>\u012esp\u016bdingo 180 cm plo\u010dio \u201eDizzle\u201c lova yra puikus sprendimas tiems, kurie trok\u0161ta dar daugiau miegojimo erdv\u0117s neprarandant elegancijos ir komforto. Joje panaudotas T2130 putplastis, u\u017etikrinantis lankstum\u0105 ir i\u0161skirtin\u012f miego komfort\u0105. Trij\u0173 plo\u010di\u0173 variantai leid\u017eia 180 cm lov\u0105 rinktis tiems, kurie vertina erdvum\u0105. Lovos ilgis yra 244 cm, o \u012fsp\u016bdingas 104 cm auk\u0161tis suteikia elegancijos bendram dizainui. S\u0117dyn\u0117s auk\u0161tis yra 42 cm, ta\u010diau maksimaliam komfortui rekomenduojama prid\u0117ti \u010diu\u017einio auk\u0161t\u012f. Juodos plastikin\u0117s kojel\u0117s, kuri\u0173 auk\u0161tis 2 cm, u\u017etikrina stabilum\u0105. Metalinis r\u0117mas garantuoja patvarum\u0105, o vienas patalyn\u0117s skyrius \u201eDizzle 180\u201c lov\u0105 paver\u010dia ir prakti\u0161ka vieta papildomiems daiktams laikyti. Su 36 grotel\u0117mis, u\u017etikrinan\u010diomis tolyg\u0173 \u010diu\u017einio atram\u0105, eleganti\u0161ko kubo formos \u201eDizzle\u201c lova suteiks j\u016bs\u0173 miegamajam ne tik erdv\u0117s, bet ir stilingo dizaino bei patogaus poilsio.<\/p>","protected":false},"excerpt":{"rendered":"<p>\u012esp\u016bdingo 180 cm plo\u010dio \u201eDizzle\u201c lova yra puikus sprendimas tiems, kurie nori dar daugiau miegojimo erdv\u0117s neprarandant elegancijos ir komforto. Joje naudojamos T2130 putos, u\u017etikrinan\u010dios lankstum\u0105 ir i\u0161skirtin\u012f miego komfort\u0105. 180 cm lova, turinti tris plo\u010dius, puikiai tinka tiems, kurie vertina erdvum\u0105. Lovos ilgis [\u2026]<\/p>","protected":false},"featured_media":29890,"comment_status":"open","ping_status":"closed","template":"","meta":[],"product_brand":[],"product_cat":[9133],"product_tag":[],"class_list":{"0":"post-39906","1":"product","2":"type-product","3":"status-publish","4":"has-post-thumbnail","6":"product_cat-grouped","8":"first","9":"instock","10":"shipping-taxable","11":"purchasable","12":"product-type-variable","13":"wvs-archive-product-wrapper"},"_links":{"self":[{"href":"https:\/\/baldumarket.lt\/lt\/wp-json\/wp\/v2\/product\/39906","targetHints":{"allow":["GET"]}}],"collection":[{"href":"https:\/\/baldumarket.lt\/lt\/wp-json\/wp\/v2\/product"}],"about":[{"href":"https:\/\/baldumarket.lt\/lt\/wp-json\/wp\/v2\/types\/product"}],"replies":[{"embeddable":true,"href":"https:\/\/baldumarket.lt\/lt\/wp-json\/wp\/v2\/comments?post=39906"}],"wp:featuredmedia":[{"embeddable":true,"href":"https:\/\/baldumarket.lt\/lt\/wp-json\/wp\/v2\/media\/29890"}],"wp:attachment":[{"href":"https:\/\/baldumarket.lt\/lt\/wp-json\/wp\/v2\/media?parent=39906"}],"wp:term":[{"taxonomy":"product_brand","embeddable":true,"href":"https:\/\/baldumarket.lt\/lt\/wp-json\/wp\/v2\/product_brand?post=39906"},{"taxonomy":"product_cat","embeddable":true,"href":"https:\/\/baldumarket.lt\/lt\/wp-json\/wp\/v2\/product_cat?post=39906"},{"taxonomy":"product_tag","embeddable":true,"href":"https:\/\/baldumarket.lt\/lt\/wp-json\/wp\/v2\/product_tag?post=39906"}],"curies":[{"name":"wp","href":"https:\/\/api.w.org\/{rel}","templated":true}]}}