{"id":39900,"date":"2025-11-19T20:03:14","date_gmt":"2025-11-19T17:03:14","guid":{"rendered":"https:\/\/baldumarket.lt\/?post_type=product&#038;p=39900"},"modified":"2026-03-24T13:28:15","modified_gmt":"2026-03-24T10:28:15","slug":"loze-dizzle-160x200-grupa-prestige","status":"publish","type":"product","link":"https:\/\/baldumarket.lt\/lt\/product\/loze-dizzle-160x200-grupa-prestige\/","title":{"rendered":"Lova su atlenkiama dalimi 160\u00d7200 PRESTIGE Group"},"content":{"rendered":"<p>160 cm plo\u010dio \u201eDizzle\u201c lova \u2013 puikus sprendimas ie\u0161kantiems didesn\u0117s miegojimo erdv\u0117s neprarandant elegancijos ir komforto. Joje panaudotas T2130 putplastis, u\u017etikrinantis lankstum\u0105 ir i\u0161skirtin\u012f komfort\u0105 miego metu. Trij\u0173 plo\u010di\u0173 variantai leid\u017eia 160 cm lov\u0105 pasirinkti erdviam nakties miegui. Lovos ilgis \u2013 244 cm, o \u012fsp\u016bdingas 104 cm auk\u0161tis suteikia elegancijos bendram dizainui. S\u0117dyn\u0117s auk\u0161tis \u2013 42 cm, ta\u010diau norint u\u017etikrinti visi\u0161k\u0105 miego komfort\u0105, rekomenduojama prid\u0117ti \u010diu\u017einio auk\u0161t\u012f. Juodos, 2 cm auk\u0161\u010dio plastikin\u0117s kojel\u0117s u\u017etikrina stabilum\u0105 ir lengv\u0105 jud\u0117jim\u0105. Metalinis r\u0117mas garantuoja patvarum\u0105, o vienas patalyn\u0117s skyrius \u201eDizzle\u201c lov\u0105 paver\u010dia prakti\u0161ka vieta papildomiems daiktams laikyti. Su 36 grotel\u0117mis, u\u017etikrinan\u010diomis tolyg\u0173 \u010diu\u017einio atram\u0105, eleganti\u0161ko kubo formos \u201eDizzle\u201c lova ne tik suteiks erdv\u0117s j\u016bs\u0173 miegamajam, bet ir stilingo dizaino bei patogaus poilsio.<\/p>","protected":false},"excerpt":{"rendered":"<p>160 cm plo\u010dio \u201eDizzle\u201c lova \u2013 puikus sprendimas ie\u0161kantiems didesn\u0117s miegojimo erdv\u0117s neprarandant elegancijos ir komforto. Joje naudojamos T2130 putos, u\u017etikrinan\u010dios lankstum\u0105 ir i\u0161skirtin\u012f komfort\u0105 miego metu. 160 cm lova, turinti tris plo\u010dius, yra puikus sprendimas erdviam nakties miegui. Lovos ilgis yra 244 [\u2026]<\/p>","protected":false},"featured_media":29890,"comment_status":"open","ping_status":"closed","template":"","meta":[],"product_brand":[],"product_cat":[9133],"product_tag":[],"class_list":{"0":"post-39900","1":"product","2":"type-product","3":"status-publish","4":"has-post-thumbnail","6":"product_cat-grouped","8":"first","9":"instock","10":"shipping-taxable","11":"purchasable","12":"product-type-variable","13":"wvs-archive-product-wrapper"},"_links":{"self":[{"href":"https:\/\/baldumarket.lt\/lt\/wp-json\/wp\/v2\/product\/39900","targetHints":{"allow":["GET"]}}],"collection":[{"href":"https:\/\/baldumarket.lt\/lt\/wp-json\/wp\/v2\/product"}],"about":[{"href":"https:\/\/baldumarket.lt\/lt\/wp-json\/wp\/v2\/types\/product"}],"replies":[{"embeddable":true,"href":"https:\/\/baldumarket.lt\/lt\/wp-json\/wp\/v2\/comments?post=39900"}],"wp:featuredmedia":[{"embeddable":true,"href":"https:\/\/baldumarket.lt\/lt\/wp-json\/wp\/v2\/media\/29890"}],"wp:attachment":[{"href":"https:\/\/baldumarket.lt\/lt\/wp-json\/wp\/v2\/media?parent=39900"}],"wp:term":[{"taxonomy":"product_brand","embeddable":true,"href":"https:\/\/baldumarket.lt\/lt\/wp-json\/wp\/v2\/product_brand?post=39900"},{"taxonomy":"product_cat","embeddable":true,"href":"https:\/\/baldumarket.lt\/lt\/wp-json\/wp\/v2\/product_cat?post=39900"},{"taxonomy":"product_tag","embeddable":true,"href":"https:\/\/baldumarket.lt\/lt\/wp-json\/wp\/v2\/product_tag?post=39900"}],"curies":[{"name":"wp","href":"https:\/\/api.w.org\/{rel}","templated":true}]}}