{"id":39870,"date":"2025-11-19T20:02:48","date_gmt":"2025-11-19T17:02:48","guid":{"rendered":"https:\/\/baldumarket.lt\/?post_type=product&#038;p=39870"},"modified":"2026-03-24T13:28:03","modified_gmt":"2026-03-24T10:28:03","slug":"louis-grupa-prestige","status":"publish","type":"product","link":"https:\/\/baldumarket.lt\/lt\/product\/louis-grupa-prestige\/","title":{"rendered":"Louis PRESTIGE grup\u0117"},"content":{"rendered":"<p>\u201eLouis\u201c kampin\u0117 sofa yra patogi, stilinga ir, svarbiausia, funkcionali. S\u0117dyn\u0117 pagaminta i\u0161 banguotos spyruokl\u0117s ir T30 putplas\u010dio u\u017epildo, taip pat i\u0161 labai elastingo HR putplas\u010dio, kuris puikiai prisitaiko prie k\u016bno ir sustiprina komforto poj\u016bt\u012f. \u201eLouis\u201c kampin\u0117s sofos matmenys: 347 x 202 x 92 cm, padidina komforto lyg\u012f. Kiti privalumai: keturios reguliuojamos galvos atramos, patalyn\u0117s skyrius ir didel\u0117 254 x 123 cm miegamoji erdv\u0117. Be to, delfino tipo i\u0161skleidimo mechanizmas yra paprasta ir intuityvi sistema. \u201eLouis\u201c kampin\u0117s sofos apmu\u0161al\u0173 spalv\u0105 galite pasirinkti i\u0161 \u201eBalduMarket\u201c kolekcijos. Taip pat verta atkreipti d\u0117mes\u012f \u012f dizaineri\u0173 sukurtas baldo kojas. Auk\u0161tos, chromuotos plienin\u0117s kojel\u0117s yra \u012fdomus ir eleganti\u0161kas kampin\u0117s sofos papildymas. Vertikalios si\u016bl\u0117s \u201eLouis\u201c \u0161onuose ir atlo\u0161e taip pat padidina estetin\u012f patrauklum\u0105.<\/p>","protected":false},"excerpt":{"rendered":"<p>\u201eLouis\u201c kampin\u0117 sofa yra patogi, stilinga ir, svarbiausia, funkcionali. S\u0117dyn\u0117 pagaminta i\u0161 banguotos spyruokl\u0117s ir T30 putplas\u010dio u\u017epildo, taip pat i\u0161 labai elastingo HR putplas\u010dio, kuris puikiai prisitaiko prie k\u016bno ir sustiprina komforto poj\u016bt\u012f. \u201eLouis\u201c kampin\u0117s sofos matmenys: 347 x 202 x 92 cm, padidina [\u2026]<\/p>","protected":false},"featured_media":14739,"comment_status":"open","ping_status":"closed","template":"","meta":[],"product_brand":[],"product_cat":[9133],"product_tag":[],"class_list":{"0":"post-39870","1":"product","2":"type-product","3":"status-publish","4":"has-post-thumbnail","6":"product_cat-grouped","8":"first","9":"instock","10":"shipping-taxable","11":"purchasable","12":"product-type-variable","13":"wvs-archive-product-wrapper"},"_links":{"self":[{"href":"https:\/\/baldumarket.lt\/lt\/wp-json\/wp\/v2\/product\/39870","targetHints":{"allow":["GET"]}}],"collection":[{"href":"https:\/\/baldumarket.lt\/lt\/wp-json\/wp\/v2\/product"}],"about":[{"href":"https:\/\/baldumarket.lt\/lt\/wp-json\/wp\/v2\/types\/product"}],"replies":[{"embeddable":true,"href":"https:\/\/baldumarket.lt\/lt\/wp-json\/wp\/v2\/comments?post=39870"}],"wp:featuredmedia":[{"embeddable":true,"href":"https:\/\/baldumarket.lt\/lt\/wp-json\/wp\/v2\/media\/14739"}],"wp:attachment":[{"href":"https:\/\/baldumarket.lt\/lt\/wp-json\/wp\/v2\/media?parent=39870"}],"wp:term":[{"taxonomy":"product_brand","embeddable":true,"href":"https:\/\/baldumarket.lt\/lt\/wp-json\/wp\/v2\/product_brand?post=39870"},{"taxonomy":"product_cat","embeddable":true,"href":"https:\/\/baldumarket.lt\/lt\/wp-json\/wp\/v2\/product_cat?post=39870"},{"taxonomy":"product_tag","embeddable":true,"href":"https:\/\/baldumarket.lt\/lt\/wp-json\/wp\/v2\/product_tag?post=39870"}],"curies":[{"name":"wp","href":"https:\/\/api.w.org\/{rel}","templated":true}]}}