{"id":39860,"date":"2025-11-19T20:02:47","date_gmt":"2025-11-19T17:02:47","guid":{"rendered":"https:\/\/baldumarket.lt\/?post_type=product&#038;p=39860"},"modified":"2026-03-24T13:28:03","modified_gmt":"2026-03-24T10:28:03","slug":"loreto-grupa-prestige","status":"publish","type":"product","link":"https:\/\/baldumarket.lt\/lt\/product\/loreto-grupa-prestige\/","title":{"rendered":"Loreto PRESTIGE grup\u0117"},"content":{"rendered":"<p>\u201eLoreto\u201c \u2013 stilinga ir moderni m\u016bs\u0173 laik\u0173 kampin\u0117 sofa. 260 x 210 x 102 cm dyd\u017eio sofa garantuoja erdvum\u0105 ir komfort\u0105 dien\u0105, o nakt\u012f \u2013 maksimal\u0173 komfort\u0105 ant 125 x 190 cm dyd\u017eio sofos. D\u0117l delfininio mechanizmo lov\u0105 malonu ir paprasta i\u0161skleisti. Taip pat verta pamin\u0117ti erdv\u0173 patalyn\u0117s skyri\u0173. I\u0161skirtin\u012f s\u0117dyn\u0117s mink\u0161tum\u0105 ir elastingum\u0105 garantuoja T30 put\u0173 ir vingiuotos spyruokl\u0117s derinys. \u0160is derinys apsaugo nuo deformacijos, \u012flenkim\u0173 ir pa\u017eeidim\u0173. Tarp i\u0161skirtini\u0173 \u0161io modelio savybi\u0173 \u2013 reguliuojamos, kont\u016bruotos galvos atramos, platus spalv\u0173 pasirinkimas, apmu\u0161tas atlo\u0161as ir ovalios chromuotos kojel\u0117s. Jei ie\u0161kote ka\u017eko unikalaus modernaus klasikinio stiliaus, \u201eLoreto\u201c tikrai bus puikus pasirinkimas.<\/p>","protected":false},"excerpt":{"rendered":"<p>\u201eLoreto\u201c \u2013 stilinga ir moderni \u0161i\u0173 laik\u0173 kampin\u0117 sofa. 260 x 210 x 102 cm dyd\u017eio sofa garantuoja erdvum\u0105 ir komfort\u0105 dien\u0105, o nakt\u012f \u2013 maksimal\u0173 komfort\u0105 ant 125 x 190 cm dyd\u017eio sofos. D\u0117l delfininio mechanizmo lov\u0105 malonu ir paprasta i\u0161skleisti. Erdvus patalyn\u0117s skyrius yra [\u2026]<\/p>","protected":false},"featured_media":19988,"comment_status":"open","ping_status":"closed","template":"","meta":[],"product_brand":[],"product_cat":[9133],"product_tag":[],"class_list":{"0":"post-39860","1":"product","2":"type-product","3":"status-publish","4":"has-post-thumbnail","6":"product_cat-grouped","8":"first","9":"instock","10":"shipping-taxable","11":"purchasable","12":"product-type-variable","13":"wvs-archive-product-wrapper"},"_links":{"self":[{"href":"https:\/\/baldumarket.lt\/lt\/wp-json\/wp\/v2\/product\/39860","targetHints":{"allow":["GET"]}}],"collection":[{"href":"https:\/\/baldumarket.lt\/lt\/wp-json\/wp\/v2\/product"}],"about":[{"href":"https:\/\/baldumarket.lt\/lt\/wp-json\/wp\/v2\/types\/product"}],"replies":[{"embeddable":true,"href":"https:\/\/baldumarket.lt\/lt\/wp-json\/wp\/v2\/comments?post=39860"}],"wp:featuredmedia":[{"embeddable":true,"href":"https:\/\/baldumarket.lt\/lt\/wp-json\/wp\/v2\/media\/19988"}],"wp:attachment":[{"href":"https:\/\/baldumarket.lt\/lt\/wp-json\/wp\/v2\/media?parent=39860"}],"wp:term":[{"taxonomy":"product_brand","embeddable":true,"href":"https:\/\/baldumarket.lt\/lt\/wp-json\/wp\/v2\/product_brand?post=39860"},{"taxonomy":"product_cat","embeddable":true,"href":"https:\/\/baldumarket.lt\/lt\/wp-json\/wp\/v2\/product_cat?post=39860"},{"taxonomy":"product_tag","embeddable":true,"href":"https:\/\/baldumarket.lt\/lt\/wp-json\/wp\/v2\/product_tag?post=39860"}],"curies":[{"name":"wp","href":"https:\/\/api.w.org\/{rel}","templated":true}]}}