{"id":39844,"date":"2025-11-19T20:02:24","date_gmt":"2025-11-19T17:02:24","guid":{"rendered":"https:\/\/baldumarket.lt\/?post_type=product&#038;p=39844"},"modified":"2026-04-21T17:22:03","modified_gmt":"2026-04-21T14:22:03","slug":"loren-grupa-standard","status":"publish","type":"product","link":"https:\/\/baldumarket.lt\/lt\/product\/loren-grupa-standard\/","title":{"rendered":"Loren STANDARD grup\u0117"},"content":{"rendered":"<p>\u0160ezlongai \u2013 tai tobulas estetikos ir komforto derinys. B\u016btent toks ir yra eleganti\u0161kasis \u201eLoren\u201c \u0161ezlongas \u2013 baldas, kuriame tradicinis dizainas \u012fgauna modernumo. \u201eLoren\u201c \u0161ezlongas pasi\u017eymi tobulu siluetu su pilnu atlo\u0161u, kont\u016bruota s\u0117dyne ir keturi\u0173 centimetr\u0173 kojel\u0117mis. Aptrauktas \u012fvairiais \u201eBalduMarket\u201c \u0161ezlong\u0173 kolekcijos audiniais, jis puo\u0161tas gra\u017eiomis si\u016bl\u0117mis. Visa tai daro bald\u0105 malon\u0173 liesti, o itin elasting\u0173 HR put\u0173, esan\u010di\u0173 tiek s\u0117dyn\u0117je, tiek atlo\u0161e, pamink\u0161tinimas suteikia komforto ir atramos. \u201eLoren\u201c \u0161ezlongas \u2013 tai baldas, skirtas praleisti ypatingas akimirkas vieniems arba su kitais. Jis gali b\u016bti puikus j\u016bs\u0173 svetain\u0117s bald\u0173 papildymas. Jo matmenys: 85 x 170 x 85 centimetrai, leid\u017eia ramiai atsipalaiduoti s\u0117dint ar gulint.<\/p>","protected":false},"excerpt":{"rendered":"<p>\u0160ezlongai \u2013 tai tobulas estetikos ir komforto derinys. B\u016btent toks ir yra eleganti\u0161kasis \u201eLoren\u201c \u0161ezlongas \u2013 baldas, kuriame tradicinis dizainas \u012fgauna modernumo. \u201eLoren\u201c pasi\u017eymi tobulu siluetu su pilnu atlo\u0161u, i\u0161lenkta s\u0117dyne ir keturi\u0173 centimetr\u0173 kojel\u0117mis. Apmu\u0161tas \u012fvairiausiais [\u2026]<\/p>","protected":false},"featured_media":12541,"comment_status":"open","ping_status":"closed","template":"","meta":[],"product_brand":[],"product_cat":[9133],"product_tag":[],"class_list":{"0":"post-39844","1":"product","2":"type-product","3":"status-publish","4":"has-post-thumbnail","6":"product_cat-grouped","8":"first","9":"instock","10":"shipping-taxable","11":"purchasable","12":"product-type-variable","13":"wvs-archive-product-wrapper"},"_links":{"self":[{"href":"https:\/\/baldumarket.lt\/lt\/wp-json\/wp\/v2\/product\/39844","targetHints":{"allow":["GET"]}}],"collection":[{"href":"https:\/\/baldumarket.lt\/lt\/wp-json\/wp\/v2\/product"}],"about":[{"href":"https:\/\/baldumarket.lt\/lt\/wp-json\/wp\/v2\/types\/product"}],"replies":[{"embeddable":true,"href":"https:\/\/baldumarket.lt\/lt\/wp-json\/wp\/v2\/comments?post=39844"}],"wp:featuredmedia":[{"embeddable":true,"href":"https:\/\/baldumarket.lt\/lt\/wp-json\/wp\/v2\/media\/12541"}],"wp:attachment":[{"href":"https:\/\/baldumarket.lt\/lt\/wp-json\/wp\/v2\/media?parent=39844"}],"wp:term":[{"taxonomy":"product_brand","embeddable":true,"href":"https:\/\/baldumarket.lt\/lt\/wp-json\/wp\/v2\/product_brand?post=39844"},{"taxonomy":"product_cat","embeddable":true,"href":"https:\/\/baldumarket.lt\/lt\/wp-json\/wp\/v2\/product_cat?post=39844"},{"taxonomy":"product_tag","embeddable":true,"href":"https:\/\/baldumarket.lt\/lt\/wp-json\/wp\/v2\/product_tag?post=39844"}],"curies":[{"name":"wp","href":"https:\/\/api.w.org\/{rel}","templated":true}]}}