{"id":39836,"date":"2025-11-19T20:02:22","date_gmt":"2025-11-19T17:02:22","guid":{"rendered":"https:\/\/baldumarket.lt\/?post_type=product&#038;p=39836"},"modified":"2026-03-24T13:09:23","modified_gmt":"2026-03-24T10:09:23","slug":"lorelle-grupa-classic","status":"publish","type":"product","link":"https:\/\/baldumarket.lt\/lt\/product\/lorelle-grupa-classic\/","title":{"rendered":"Lorelle CLASSIC grup\u0117"},"content":{"rendered":"<p>\u201eLorelle\u201c \u2013 stilinga, eleganti\u0161ka ir moderni \u0161i\u0173 laik\u0173 kampin\u0117 sofa, ne tik funkcionali, bet ir puikiai tinkanti bet kuriems namams. L formos \u201eLorelle\u201c \u2013 kurios matmenys yra 225 x 160 x 105 cm \u2013 garantuoja erdvum\u0105 ir komfort\u0105 dien\u0105, o nakt\u012f \u2013 maksimal\u0173 komfort\u0105 ant 200 x 110 cm miegojimo pavir\u0161iaus. D\u0117l automatinio ir intuityvaus delfino mechanizmo lov\u0105 i\u0161lankstyti \u012f miegojimo pad\u0117t\u012f yra malonu ir visi\u0161kai paprasta. Kitas \u0161io modelio privalumas \u2013 erdvus daiktad\u0117\u017e\u0117s skyrius pufe. Teigiam\u0105 patirt\u012f sustiprina baldo konstrukcija, kurioje naudojama B tipo vingiuota spyruokl\u0117 ir HR+T25 putplastis, kurie stabilizuoja ir tinkamai palaiko k\u016bn\u0105 poilsio metu. \u0160is derinys suteikia vartotojams maksimalaus komforto jausm\u0105. I\u0161skirtiniai \u0161io modelio bruo\u017eai \u2013 kruop\u0161ti, moderni apdaila, platus spalv\u0173 pasirinkimas ir unikalios, stilingos, netaisyklingos formos juodos kojel\u0117s. Jei ie\u0161kote gaivaus oro g\u016bsio ir \u012fdomios, eleganti\u0161kos apdailos, \u201eLorello\u201c tikrai bus kaip tik jums. Verta \u0161\u012f sprendim\u0105 \u012fdiegti ir savo namuose.<\/p>","protected":false},"excerpt":{"rendered":"<p>\u201eLorelle\u201c \u2013 stilinga, eleganti\u0161ka ir moderni \u0161i\u0173 laik\u0173 kampin\u0117 sofa, ne tik funkcionali, bet ir puikiai tinkanti bet kuriems namams. L formos \u201eLorelle\u201c \u2013 kurios matmenys yra 225 x 160 x 105 cm \u2013 garantuoja erdvum\u0105 ir komfort\u0105 dien\u0105, o nakt\u012f \u2013 maksimal\u0173 komfort\u0105 ant 200 x 110 cm miegojimo pavir\u0161iaus. [\u2026]<\/p>","protected":false},"featured_media":20304,"comment_status":"open","ping_status":"closed","template":"","meta":[],"product_brand":[],"product_cat":[9133],"product_tag":[],"class_list":{"0":"post-39836","1":"product","2":"type-product","3":"status-publish","4":"has-post-thumbnail","6":"product_cat-grouped","8":"first","9":"instock","10":"shipping-taxable","11":"purchasable","12":"product-type-variable","13":"wvs-archive-product-wrapper"},"_links":{"self":[{"href":"https:\/\/baldumarket.lt\/lt\/wp-json\/wp\/v2\/product\/39836","targetHints":{"allow":["GET"]}}],"collection":[{"href":"https:\/\/baldumarket.lt\/lt\/wp-json\/wp\/v2\/product"}],"about":[{"href":"https:\/\/baldumarket.lt\/lt\/wp-json\/wp\/v2\/types\/product"}],"replies":[{"embeddable":true,"href":"https:\/\/baldumarket.lt\/lt\/wp-json\/wp\/v2\/comments?post=39836"}],"wp:featuredmedia":[{"embeddable":true,"href":"https:\/\/baldumarket.lt\/lt\/wp-json\/wp\/v2\/media\/20304"}],"wp:attachment":[{"href":"https:\/\/baldumarket.lt\/lt\/wp-json\/wp\/v2\/media?parent=39836"}],"wp:term":[{"taxonomy":"product_brand","embeddable":true,"href":"https:\/\/baldumarket.lt\/lt\/wp-json\/wp\/v2\/product_brand?post=39836"},{"taxonomy":"product_cat","embeddable":true,"href":"https:\/\/baldumarket.lt\/lt\/wp-json\/wp\/v2\/product_cat?post=39836"},{"taxonomy":"product_tag","embeddable":true,"href":"https:\/\/baldumarket.lt\/lt\/wp-json\/wp\/v2\/product_tag?post=39836"}],"curies":[{"name":"wp","href":"https:\/\/api.w.org\/{rel}","templated":true}]}}