{"id":39790,"date":"2025-11-19T20:01:40","date_gmt":"2025-11-19T17:01:40","guid":{"rendered":"https:\/\/baldumarket.lt\/?post_type=product&#038;p=39790"},"modified":"2026-03-24T13:36:31","modified_gmt":"2026-03-24T10:36:31","slug":"lord-ii-grupa-special","status":"publish","type":"product","link":"https:\/\/baldumarket.lt\/lt\/product\/lord-ii-grupa-special\/","title":{"rendered":"Lordas II SPECIAL grup\u0117"},"content":{"rendered":"<p>\u201eLord II\u201c \u2013 patogi ir klasikinio stiliaus kampin\u0117 sofa, i\u0161skirtinis ir funkcionalus svetain\u0117s akcentas. \u012edomi\u0105 form\u0105 papildo banguota apdaila, stilingos si\u016bl\u0117s atlo\u0161uose ir raukiniai per vis\u0105 sofos ilg\u012f. Kampin\u0117s sofos matmenys \u2013 243 x 190 x 105 cm \u2013 suteikia daug erdv\u0117s poilsiui bet kuriuo paros metu. Joje yra 195 x 125 cm miegojimo funkcija ir erdvus, gilus patalyn\u0117s skyrius pufe. D\u0117l delfino formos sulankstymo funkcijos sof\u0105 pritaikyti prie esam\u0173 poreiki\u0173 yra intuityvu ir paprasta. D\u0117l vingiuotos spyruokl\u0117s ir T30 putplas\u010dio derinio kampin\u0117s sofos s\u0117dyn\u0117 yra mink\u0161ta ir lanksti. Kampin\u0117 sofa \u201eLord\u201c derina ger\u0105 skon\u012f, stili\u0173 ir klasikin\u0119 apdail\u0105. Ji tikrai bus tinkamas pasirinkimas tradiciniam interjerui.<\/p>","protected":false},"excerpt":{"rendered":"<p>\u201eLord II\u201c \u2013 patogi ir klasikin\u0117 kampin\u0117 sofa, i\u0161skirtinis ir funkcionalus svetain\u0117s akcentas. \u012edomi\u0105 form\u0105 papildo banguota apdaila, stilingos si\u016bl\u0117s ant atlo\u0161\u0173 ir raukiniai per vis\u0105 sofos ilg\u012f. Kampin\u0117s sofos matmenys \u2013 243 x 190 x 105 cm \u2013 suteikia daug vietos [\u2026]<\/p>","protected":false},"featured_media":19688,"comment_status":"open","ping_status":"closed","template":"","meta":[],"product_brand":[],"product_cat":[9133],"product_tag":[],"class_list":{"0":"post-39790","1":"product","2":"type-product","3":"status-publish","4":"has-post-thumbnail","6":"product_cat-grouped","8":"first","9":"instock","10":"shipping-taxable","11":"purchasable","12":"product-type-variable","13":"wvs-archive-product-wrapper"},"_links":{"self":[{"href":"https:\/\/baldumarket.lt\/lt\/wp-json\/wp\/v2\/product\/39790","targetHints":{"allow":["GET"]}}],"collection":[{"href":"https:\/\/baldumarket.lt\/lt\/wp-json\/wp\/v2\/product"}],"about":[{"href":"https:\/\/baldumarket.lt\/lt\/wp-json\/wp\/v2\/types\/product"}],"replies":[{"embeddable":true,"href":"https:\/\/baldumarket.lt\/lt\/wp-json\/wp\/v2\/comments?post=39790"}],"wp:featuredmedia":[{"embeddable":true,"href":"https:\/\/baldumarket.lt\/lt\/wp-json\/wp\/v2\/media\/19688"}],"wp:attachment":[{"href":"https:\/\/baldumarket.lt\/lt\/wp-json\/wp\/v2\/media?parent=39790"}],"wp:term":[{"taxonomy":"product_brand","embeddable":true,"href":"https:\/\/baldumarket.lt\/lt\/wp-json\/wp\/v2\/product_brand?post=39790"},{"taxonomy":"product_cat","embeddable":true,"href":"https:\/\/baldumarket.lt\/lt\/wp-json\/wp\/v2\/product_cat?post=39790"},{"taxonomy":"product_tag","embeddable":true,"href":"https:\/\/baldumarket.lt\/lt\/wp-json\/wp\/v2\/product_tag?post=39790"}],"curies":[{"name":"wp","href":"https:\/\/api.w.org\/{rel}","templated":true}]}}