{"id":39782,"date":"2025-11-19T20:01:39","date_gmt":"2025-11-19T17:01:39","guid":{"rendered":"https:\/\/baldumarket.lt\/?post_type=product&#038;p=39782"},"modified":"2026-03-24T13:09:14","modified_gmt":"2026-03-24T10:09:14","slug":"lord-311-grupa-classic","status":"publish","type":"product","link":"https:\/\/baldumarket.lt\/lt\/product\/lord-311-grupa-classic\/","title":{"rendered":"Lordas 3+1+1 KLASIKIN\u0116 grup\u0117"},"content":{"rendered":"<p>\u201eLord\u201c poilsio komplektas, kur\u012f sudaro sofa ir du foteliai, yra klasikinio stiliaus ir tikros elegancijos derinys. \u0160io komplekto baldai pasi\u017eymi ne tik i\u0161skirtiniu komfortu, bet ir eleganti\u0161ku dizainu. Tiek sofa, tiek foteliai turi mink\u0161tas s\u0117dynes, pripildytas lanks\u010diomis, patvariomis ir deformacijai atspariomis T30 putomis. Be to, m\u016bs\u0173 sofa idealiai tinka tiek dienos, tiek nakties poilsiui, nes joje yra ne tik papildoma miegojimo funkcija, bet ir erdvus bei funkcionalus daiktad\u0117\u017e\u0117s skyrius. Sofos matmenys yra 180 x 108 x 105 cm, o foteli\u0173 \u2013 80 x 108 x 105 cm, tod\u0117l jie puikiai tinka bet kuriai svetainei. I\u0161lankstyta sofa suteikia patogi\u0105 185 x 135 cm miegojimo erdv\u0119. D\u0117l paprastos ir stabilios konstrukcijos sofos i\u0161lankstymas ir pritaikymas nakties poilsiui yra paprastas ir intuityvus. Taip pat negalime nepamin\u0117ti m\u016bs\u0173 unikali\u0173 foteli\u0173, kuri\u0173 i\u0161skirtin\u0117s savyb\u0117s yra gili s\u0117dyn\u0117, auk\u0161tas atlo\u0161as ir kont\u016bruoti porankiai. Visi m\u016bs\u0173 baldai puo\u0161ti mediniais elementais ir stilingomis si\u016bl\u0117mis, imituojan\u010diomis \u012fdubimus ir b\u016bdingus klostes. M\u016bs\u0173 baldai puikiai der\u0117s prie medini\u0173 ar antikvarini\u0173 bald\u0173. \u201eLord\u201c taip pat pasi\u017eymi kruop\u0161\u010diu d\u0117mesiu detal\u0117ms, unikalia ornamentika, suteikian\u010dia baldui charakterio, ir med\u017eiagomis, i\u0161 kuri\u0173 jis pagamintas. Verta d\u0117mesio ir m\u016bs\u0173 poilsio komplektas \u201eLord\u201c, nes jis gali lengvai pakeisti bet kok\u012f interjer\u0105.<\/p>","protected":false},"excerpt":{"rendered":"<p>\u201eLord\u201c poilsio komplektas, kur\u012f sudaro sofa ir du foteliai, yra klasikinio stiliaus ir tikro elegancijos derinys. \u0160io komplekto baldai pasi\u017eymi ne tik i\u0161skirtiniu komfortu, bet ir eleganti\u0161ku dizainu. Tiek sofa, tiek foteliai turi mink\u0161tas s\u0117dynes, u\u017epildytas lanks\u010diomis, patvariomis ir deformacijai atspariomis T30 putomis. [\u2026]<\/p>","protected":false},"featured_media":18377,"comment_status":"open","ping_status":"closed","template":"","meta":[],"product_brand":[],"product_cat":[9133],"product_tag":[],"class_list":{"0":"post-39782","1":"product","2":"type-product","3":"status-publish","4":"has-post-thumbnail","6":"product_cat-grouped","8":"first","9":"instock","10":"shipping-taxable","11":"purchasable","12":"product-type-variable","13":"wvs-archive-product-wrapper"},"_links":{"self":[{"href":"https:\/\/baldumarket.lt\/lt\/wp-json\/wp\/v2\/product\/39782","targetHints":{"allow":["GET"]}}],"collection":[{"href":"https:\/\/baldumarket.lt\/lt\/wp-json\/wp\/v2\/product"}],"about":[{"href":"https:\/\/baldumarket.lt\/lt\/wp-json\/wp\/v2\/types\/product"}],"replies":[{"embeddable":true,"href":"https:\/\/baldumarket.lt\/lt\/wp-json\/wp\/v2\/comments?post=39782"}],"wp:featuredmedia":[{"embeddable":true,"href":"https:\/\/baldumarket.lt\/lt\/wp-json\/wp\/v2\/media\/18377"}],"wp:attachment":[{"href":"https:\/\/baldumarket.lt\/lt\/wp-json\/wp\/v2\/media?parent=39782"}],"wp:term":[{"taxonomy":"product_brand","embeddable":true,"href":"https:\/\/baldumarket.lt\/lt\/wp-json\/wp\/v2\/product_brand?post=39782"},{"taxonomy":"product_cat","embeddable":true,"href":"https:\/\/baldumarket.lt\/lt\/wp-json\/wp\/v2\/product_cat?post=39782"},{"taxonomy":"product_tag","embeddable":true,"href":"https:\/\/baldumarket.lt\/lt\/wp-json\/wp\/v2\/product_tag?post=39782"}],"curies":[{"name":"wp","href":"https:\/\/api.w.org\/{rel}","templated":true}]}}