{"id":39766,"date":"2025-11-19T20:01:14","date_gmt":"2025-11-19T17:01:14","guid":{"rendered":"https:\/\/baldumarket.lt\/?post_type=product&#038;p=39766"},"modified":"2026-03-24T13:36:31","modified_gmt":"2026-03-24T10:36:31","slug":"lord-1f-grupa-special","status":"publish","type":"product","link":"https:\/\/baldumarket.lt\/lt\/product\/lord-1f-grupa-special\/","title":{"rendered":"Lordas 1F SPECIAL grup\u0117"},"content":{"rendered":"<p>\u201cLord\u201d \u2013 skoningas ir i\u0161 pirmo \u017evilgsnio i\u0161skirtinai patogus 80 x 108 x 105 cm dyd\u017eio fotelis, skirtas tiems, kurie i\u0161 savo poilsio bald\u0173 tikisi ka\u017eko \u201edaugiau\u201c. I\u0161skirtiniai jo bruo\u017eai \u2013 gili s\u0117dyn\u0117, auk\u0161tas atlo\u0161as, odiniai apmu\u0161alai ir kont\u016bruoti porankiai. Visas baldas puo\u0161tas mediniais elementais ir stilingomis si\u016bl\u0117mis, imituojan\u010diomis \u012fdubimus ir b\u016bdingus klostes. \u0160is fotelis puikiai papildys klasikinio stiliaus namus. Be to, jis yra auk\u0161tos kokyb\u0117s ir puikiai der\u0117s prie medini\u0173 ar antikvarini\u0173 bald\u0173. \u201eLord\u201c taip pat pasi\u017eymi kruop\u0161\u010diu d\u0117mesiu detal\u0117ms, unikalia ornamentika, suteikian\u010dia baldui charakterio, ir med\u017eiagomis, i\u0161 kuri\u0173 jis pagamintas. Verta \u012fsigyti klasikin\u012f bald\u0105, kuris bet kokiam interjerui suteikia ramyb\u0117s.<\/p>","protected":false},"excerpt":{"rendered":"<p>\u201cLord\u201d \u2013 skoningas ir i\u0161 pirmo \u017evilgsnio itin patogus fotelis, kurio matmenys \u2013 80 x 108 x 105 cm, skirtas tiems, kurie i\u0161 savo poilsio bald\u0173 tikisi ka\u017eko \u201edaugiau\u201c. I\u0161skirtiniai jo bruo\u017eai \u2013 gili s\u0117dyn\u0117, auk\u0161tas atlo\u0161as, odiniai apmu\u0161alai ir kont\u016bruoti porankiai. Visas baldas puo\u0161tas mediniais elementais ir stilingomis si\u016bl\u0117mis, kurios [\u2026]<\/p>","protected":false},"featured_media":19981,"comment_status":"open","ping_status":"closed","template":"","meta":[],"product_brand":[],"product_cat":[9133],"product_tag":[],"class_list":{"0":"post-39766","1":"product","2":"type-product","3":"status-publish","4":"has-post-thumbnail","6":"product_cat-grouped","8":"first","9":"instock","10":"shipping-taxable","11":"purchasable","12":"product-type-variable","13":"wvs-archive-product-wrapper"},"_links":{"self":[{"href":"https:\/\/baldumarket.lt\/lt\/wp-json\/wp\/v2\/product\/39766","targetHints":{"allow":["GET"]}}],"collection":[{"href":"https:\/\/baldumarket.lt\/lt\/wp-json\/wp\/v2\/product"}],"about":[{"href":"https:\/\/baldumarket.lt\/lt\/wp-json\/wp\/v2\/types\/product"}],"replies":[{"embeddable":true,"href":"https:\/\/baldumarket.lt\/lt\/wp-json\/wp\/v2\/comments?post=39766"}],"wp:featuredmedia":[{"embeddable":true,"href":"https:\/\/baldumarket.lt\/lt\/wp-json\/wp\/v2\/media\/19981"}],"wp:attachment":[{"href":"https:\/\/baldumarket.lt\/lt\/wp-json\/wp\/v2\/media?parent=39766"}],"wp:term":[{"taxonomy":"product_brand","embeddable":true,"href":"https:\/\/baldumarket.lt\/lt\/wp-json\/wp\/v2\/product_brand?post=39766"},{"taxonomy":"product_cat","embeddable":true,"href":"https:\/\/baldumarket.lt\/lt\/wp-json\/wp\/v2\/product_cat?post=39766"},{"taxonomy":"product_tag","embeddable":true,"href":"https:\/\/baldumarket.lt\/lt\/wp-json\/wp\/v2\/product_tag?post=39766"}],"curies":[{"name":"wp","href":"https:\/\/api.w.org\/{rel}","templated":true}]}}