{"id":39752,"date":"2025-11-19T20:01:13","date_gmt":"2025-11-19T17:01:13","guid":{"rendered":"https:\/\/baldumarket.lt\/?post_type=product&#038;p=39752"},"modified":"2026-03-24T12:59:23","modified_gmt":"2026-03-24T09:59:23","slug":"lord-grupa-basic","status":"publish","type":"product","link":"https:\/\/baldumarket.lt\/lt\/product\/lord-grupa-basic\/","title":{"rendered":"Lordo BASIC grup\u0117"},"content":{"rendered":"<p>\u201eLord\u201c \u2013 eleganti\u0161ka ir skoninga kampin\u0117 sofa, kuri ne tik funkcionali, bet ir d\u0117l savo dizaino gali tapti unikalia svetain\u0117s puo\u0161mena. 243 x 180 x 105 cm matmenys suteikia daug erdv\u0117s poilsiui dien\u0105, o intuityvi delfino tipo atlo\u0161o sistema \u0161\u012f komfort\u0105 galima jausti ir nakt\u012f. Erdvus 195 x 125 cm miegamasis pavir\u0161ius leid\u017eia m\u0117gautis i\u0161skirtiniu m\u016bs\u0173 baldo s\u0117dyn\u0117s mink\u0161tumu ir lankstumu. Visa tai d\u0117ka vingiuot\u0173 spyruokli\u0173 ir T30 putplas\u010dio, i\u0161 kuri\u0173 pagaminta kampin\u0117 sofa, kurios stabilizuoja ir tinkamai palaiko k\u016bn\u0105 poilsio metu. Toks po\u017ei\u016bris suma\u017eina negra\u017ei\u0173 \u012flenkim\u0173, pa\u017eeidim\u0173 ir \u012fbr\u0117\u017eim\u0173 rizik\u0105, u\u017etikrindamas, kad k\u016bnas visada i\u0161laikyt\u0173 taisykling\u0105 pad\u0117t\u012f. \u201eLord\u201c modelis gali pasigirti: u\u017eapvalintais atlo\u0161ais, patogiais porankiais, erdviomis s\u0117dyn\u0117mis, didele patalyn\u0117s laikymo vieta, skoningu si\u016bli\u0173 si\u016blu, unikalia forma ir kampin\u0117s sofos stiliumi. Tikrai verta tur\u0117ti toki\u0105 unikali\u0105 kampin\u0119 sof\u0105 savo namuose.<\/p>","protected":false},"excerpt":{"rendered":"<p>\u201eLord\u201c \u2013 eleganti\u0161ka ir skoninga kampin\u0117 sofa, kuri ne tik funkcionali, bet ir d\u0117l savo dizaino gali tapti unikalia svetain\u0117s puo\u0161mena. 243 x 180 x 105 cm matmenys suteikia daug erdv\u0117s poilsiui dienos metu, o intuityvi delfino tipo atlo\u0161o sistema leid\u017eia patogiai [\u2026]<\/p>","protected":false},"featured_media":18569,"comment_status":"open","ping_status":"closed","template":"","meta":[],"product_brand":[],"product_cat":[9133],"product_tag":[],"class_list":{"0":"post-39752","1":"product","2":"type-product","3":"status-publish","4":"has-post-thumbnail","6":"product_cat-grouped","8":"first","9":"instock","10":"shipping-taxable","11":"purchasable","12":"product-type-variable","13":"wvs-archive-product-wrapper"},"_links":{"self":[{"href":"https:\/\/baldumarket.lt\/lt\/wp-json\/wp\/v2\/product\/39752","targetHints":{"allow":["GET"]}}],"collection":[{"href":"https:\/\/baldumarket.lt\/lt\/wp-json\/wp\/v2\/product"}],"about":[{"href":"https:\/\/baldumarket.lt\/lt\/wp-json\/wp\/v2\/types\/product"}],"replies":[{"embeddable":true,"href":"https:\/\/baldumarket.lt\/lt\/wp-json\/wp\/v2\/comments?post=39752"}],"wp:featuredmedia":[{"embeddable":true,"href":"https:\/\/baldumarket.lt\/lt\/wp-json\/wp\/v2\/media\/18569"}],"wp:attachment":[{"href":"https:\/\/baldumarket.lt\/lt\/wp-json\/wp\/v2\/media?parent=39752"}],"wp:term":[{"taxonomy":"product_brand","embeddable":true,"href":"https:\/\/baldumarket.lt\/lt\/wp-json\/wp\/v2\/product_brand?post=39752"},{"taxonomy":"product_cat","embeddable":true,"href":"https:\/\/baldumarket.lt\/lt\/wp-json\/wp\/v2\/product_cat?post=39752"},{"taxonomy":"product_tag","embeddable":true,"href":"https:\/\/baldumarket.lt\/lt\/wp-json\/wp\/v2\/product_tag?post=39752"}],"curies":[{"name":"wp","href":"https:\/\/api.w.org\/{rel}","templated":true}]}}