{"id":39738,"date":"2025-11-19T20:00:51","date_gmt":"2025-11-19T17:00:51","guid":{"rendered":"https:\/\/baldumarket.lt\/?post_type=product&#038;p=39738"},"modified":"2026-03-24T12:59:23","modified_gmt":"2026-03-24T09:59:23","slug":"linsy-grupa-basic","status":"publish","type":"product","link":"https:\/\/baldumarket.lt\/lt\/product\/linsy-grupa-basic\/","title":{"rendered":"Linsy BASIC grup\u0117"},"content":{"rendered":"<p>\u201eLinsy\u201c \u2013 tai unikalus, eleganti\u0161kas, apvalus, ma\u017eesnio dyd\u017eio pufas, kuris puikiai tiks bet kuriuose namuose. J\u012f bus lengva pritaikyti prie kambario dyd\u017eio. Gaminio plotis \u2013 40 cm, o auk\u0161tis \u2013 43 cm. \u0160is funkcionalus dizaino elementas gali b\u016bti naudojamas kaip s\u0117dyn\u0117 arba pakojis. Patogi, mink\u0161ta s\u0117dyn\u0117 pagaminta i\u0161 auk\u0161tos kokyb\u0117s HR put\u0173, kurios u\u017etikrina mink\u0161tum\u0105 ir auk\u0161\u010diausi\u0105 kokyb\u0119. \u201eLinsy\u201c pufas si\u016blomas su pla\u010diu audini\u0173 spalv\u0173 pasirinkimu, tad kiekvienas gali rasti sau patinkant\u012f variant\u0105 ir puikiai priderinti bald\u0105 prie savo pageidavim\u0173. Kvie\u010diame susipa\u017einti su m\u016bs\u0173 pasi\u016blymu. \u201eLinsy\u201c pufas tikrai pateisins visus j\u016bs\u0173 l\u016bkes\u010dius.<\/p>","protected":false},"excerpt":{"rendered":"<p>\u201eLinsy\u201c \u2013 tai unikalus, eleganti\u0161kas, apvalus, ma\u017eesnio dyd\u017eio pufas, kuris puikiai tiks bet kuriuose namuose. J\u012f bus lengva pritaikyti prie kambario dyd\u017eio. Gaminio plotis \u2013 40 cm, o auk\u0161tis \u2013 43 cm. \u0160is funkcionalus dizaino elementas gali b\u016bti naudojamas kaip s\u0117dyn\u0117 arba pakojis. Patogi, mink\u0161ta s\u0117dyn\u0117 pagaminta i\u0161 [\u2026]<\/p>","protected":false},"featured_media":19803,"comment_status":"open","ping_status":"closed","template":"","meta":[],"product_brand":[],"product_cat":[9133],"product_tag":[],"class_list":{"0":"post-39738","1":"product","2":"type-product","3":"status-publish","4":"has-post-thumbnail","6":"product_cat-grouped","8":"first","9":"instock","10":"shipping-taxable","11":"purchasable","12":"product-type-variable","13":"wvs-archive-product-wrapper"},"_links":{"self":[{"href":"https:\/\/baldumarket.lt\/lt\/wp-json\/wp\/v2\/product\/39738","targetHints":{"allow":["GET"]}}],"collection":[{"href":"https:\/\/baldumarket.lt\/lt\/wp-json\/wp\/v2\/product"}],"about":[{"href":"https:\/\/baldumarket.lt\/lt\/wp-json\/wp\/v2\/types\/product"}],"replies":[{"embeddable":true,"href":"https:\/\/baldumarket.lt\/lt\/wp-json\/wp\/v2\/comments?post=39738"}],"wp:featuredmedia":[{"embeddable":true,"href":"https:\/\/baldumarket.lt\/lt\/wp-json\/wp\/v2\/media\/19803"}],"wp:attachment":[{"href":"https:\/\/baldumarket.lt\/lt\/wp-json\/wp\/v2\/media?parent=39738"}],"wp:term":[{"taxonomy":"product_brand","embeddable":true,"href":"https:\/\/baldumarket.lt\/lt\/wp-json\/wp\/v2\/product_brand?post=39738"},{"taxonomy":"product_cat","embeddable":true,"href":"https:\/\/baldumarket.lt\/lt\/wp-json\/wp\/v2\/product_cat?post=39738"},{"taxonomy":"product_tag","embeddable":true,"href":"https:\/\/baldumarket.lt\/lt\/wp-json\/wp\/v2\/product_tag?post=39738"}],"curies":[{"name":"wp","href":"https:\/\/api.w.org\/{rel}","templated":true}]}}