{"id":39734,"date":"2025-11-19T20:00:50","date_gmt":"2025-11-19T17:00:50","guid":{"rendered":"https:\/\/baldumarket.lt\/?post_type=product&#038;p=39734"},"modified":"2026-03-24T13:27:51","modified_gmt":"2026-03-24T10:27:51","slug":"letto-grupa-prestige","status":"publish","type":"product","link":"https:\/\/baldumarket.lt\/lt\/product\/letto-grupa-prestige\/","title":{"rendered":"Letto PRESTIGE grup\u0117"},"content":{"rendered":"<p>\u201eLetto\u201c \u2013 erdvi, patogi ir mink\u0161ta kampin\u0117 sofa, kurios matmenys \u012fsp\u016bdingi \u2013 340 x 202 x 90 cm. \u0160is U formos baldas pasi\u017eymi patogia ir mink\u0161ta s\u0117dyne, pagaminta i\u0161 patvari\u0173 vingiuot\u0173 spyruokli\u0173 ir labai elastingo T30 putplas\u010dio. \u201eLetto\u201c turi miegojimo funkcij\u0105 ir didel\u0119 patalyn\u0117s viet\u0105 pufe. I\u0161skleista sofa delfino mechanizmu suteikia 125 x 253 cm dyd\u017eio naktin\u012f poils\u012f. B\u016bdingi \u201eLetto\u201c kampin\u0117s sofos bruo\u017eai: skoninga s\u0117dyn\u0117, papuo\u0161ta subtiliu dygsniavimu ir stilingomis si\u016bl\u0117mis, reguliuojamos galvos atramos, kont\u016brinis atlo\u0161as ir auk\u0161tos, eleganti\u0161kos, blizgios chromuotos kojel\u0117s, u\u017etikrinan\u010dios stabilum\u0105. \u0160i kampin\u0117 sofa tikrai verta d\u0117mesio j\u016bs\u0173 svetain\u0117je.<\/p>","protected":false},"excerpt":{"rendered":"<p>\u201eLetto\u201c \u2013 tai erdvi, patogi ir mink\u0161ta kampin\u0117 sofa, kurios matmenys \u012fsp\u016bdingi \u2013 340 x 202 x 90 cm. \u0160is U formos baldas pasi\u017eymi patogia ir mink\u0161ta s\u0117dyne, pagaminta i\u0161 patvari\u0173 vingiuot\u0173 spyruokli\u0173 ir labai elastingo T30 putplas\u010dio. \u201eLetto\u201c turi miegojimo funkcij\u0105 ir didel\u0119 patalyn\u0117s viet\u0105 pufe. Kai [\u2026]<\/p>","protected":false},"featured_media":19586,"comment_status":"open","ping_status":"closed","template":"","meta":[],"product_brand":[],"product_cat":[9133],"product_tag":[],"class_list":{"0":"post-39734","1":"product","2":"type-product","3":"status-publish","4":"has-post-thumbnail","6":"product_cat-grouped","8":"first","9":"instock","10":"shipping-taxable","11":"purchasable","12":"product-type-variable","13":"wvs-archive-product-wrapper"},"_links":{"self":[{"href":"https:\/\/baldumarket.lt\/lt\/wp-json\/wp\/v2\/product\/39734","targetHints":{"allow":["GET"]}}],"collection":[{"href":"https:\/\/baldumarket.lt\/lt\/wp-json\/wp\/v2\/product"}],"about":[{"href":"https:\/\/baldumarket.lt\/lt\/wp-json\/wp\/v2\/types\/product"}],"replies":[{"embeddable":true,"href":"https:\/\/baldumarket.lt\/lt\/wp-json\/wp\/v2\/comments?post=39734"}],"wp:featuredmedia":[{"embeddable":true,"href":"https:\/\/baldumarket.lt\/lt\/wp-json\/wp\/v2\/media\/19586"}],"wp:attachment":[{"href":"https:\/\/baldumarket.lt\/lt\/wp-json\/wp\/v2\/media?parent=39734"}],"wp:term":[{"taxonomy":"product_brand","embeddable":true,"href":"https:\/\/baldumarket.lt\/lt\/wp-json\/wp\/v2\/product_brand?post=39734"},{"taxonomy":"product_cat","embeddable":true,"href":"https:\/\/baldumarket.lt\/lt\/wp-json\/wp\/v2\/product_cat?post=39734"},{"taxonomy":"product_tag","embeddable":true,"href":"https:\/\/baldumarket.lt\/lt\/wp-json\/wp\/v2\/product_tag?post=39734"}],"curies":[{"name":"wp","href":"https:\/\/api.w.org\/{rel}","templated":true}]}}