{"id":39716,"date":"2025-11-19T20:00:48","date_gmt":"2025-11-19T17:00:48","guid":{"rendered":"https:\/\/baldumarket.lt\/?post_type=product&#038;p=39716"},"modified":"2026-03-24T13:36:22","modified_gmt":"2026-03-24T10:36:22","slug":"lazaro-pouf-grupa-special","status":"publish","type":"product","link":"https:\/\/baldumarket.lt\/lt\/product\/lazaro-pouf-grupa-special\/","title":{"rendered":"Lazaro Pouf SPECIAL grup\u0117"},"content":{"rendered":"<p>\u201eLazaro\u201c \u2013 tai unikalaus dizaino pufas, kuris pritrauks kiekvieno, ie\u0161kan\u010dio stilingos gyvenamosios erdv\u0117s, d\u0117mes\u012f. Jo matmenys (102 x 64 x 40 cm) ir lengvas dizainas leid\u017eia j\u012f lanks\u010diai i\u0161d\u0117styti pagal j\u016bs\u0173 poreikius. \u201eLazaro\u201c pufas yra daugiafunkcis, transformuojantis \u012f papildom\u0105 s\u0117dyn\u0119, patogi\u0105 pakoj\u0105 ar net stal\u0105. Jo ne\u012fprasta forma ir i\u0161skirtinis mink\u0161tumas i\u0161 karto pastebimi. Gilios si\u016bl\u0117s ir dygsniavimas suteikia charakterio. Renkantis tinkam\u0105 spalv\u0105 ir audin\u012f, si\u016blome plat\u0173 variant\u0173 pasirinkim\u0105, u\u017etikrindami, kad kiekvienas ras ka\u017ek\u0105 pagal savo poreikius. \u0160is sprendimas garantuoja auk\u0161\u010diausi\u0105 komforto lyg\u012f. S\u0117dyn\u0117 pagaminta i\u0161 vingiuot\u0173 spyruokli\u0173 ir HR+T21 putplas\u010dio. \u201eLazaro\u201c puf\u0105 taip pat galima \u012fsigyti komplekte su stilinga sofa ir foteliu.<\/p>","protected":false},"excerpt":{"rendered":"<p>\u201eLazaro\u201c \u2013 tai unikalaus dizaino pufas, kuris pritrauks kiekvieno, ie\u0161kan\u010dio stilingos gyvenamosios erdv\u0117s, d\u0117mes\u012f. Jo matmenys (102 x 64 x 40 cm) ir lengvas dizainas leid\u017eia j\u012f lanks\u010diai i\u0161d\u0117styti pagal j\u016bs\u0173 poreikius. \u201eLazaro\u201c pufas yra daugiafunkcis, transformuojantis \u012f papildom\u0105 s\u0117dyn\u0119, patogi\u0105 pakoj\u0105 arba [\u2026]<\/p>","protected":false},"featured_media":19549,"comment_status":"open","ping_status":"closed","template":"","meta":[],"product_brand":[],"product_cat":[9133],"product_tag":[],"class_list":{"0":"post-39716","1":"product","2":"type-product","3":"status-publish","4":"has-post-thumbnail","6":"product_cat-grouped","8":"first","9":"instock","10":"shipping-taxable","11":"purchasable","12":"product-type-variable","13":"wvs-archive-product-wrapper"},"_links":{"self":[{"href":"https:\/\/baldumarket.lt\/lt\/wp-json\/wp\/v2\/product\/39716","targetHints":{"allow":["GET"]}}],"collection":[{"href":"https:\/\/baldumarket.lt\/lt\/wp-json\/wp\/v2\/product"}],"about":[{"href":"https:\/\/baldumarket.lt\/lt\/wp-json\/wp\/v2\/types\/product"}],"replies":[{"embeddable":true,"href":"https:\/\/baldumarket.lt\/lt\/wp-json\/wp\/v2\/comments?post=39716"}],"wp:featuredmedia":[{"embeddable":true,"href":"https:\/\/baldumarket.lt\/lt\/wp-json\/wp\/v2\/media\/19549"}],"wp:attachment":[{"href":"https:\/\/baldumarket.lt\/lt\/wp-json\/wp\/v2\/media?parent=39716"}],"wp:term":[{"taxonomy":"product_brand","embeddable":true,"href":"https:\/\/baldumarket.lt\/lt\/wp-json\/wp\/v2\/product_brand?post=39716"},{"taxonomy":"product_cat","embeddable":true,"href":"https:\/\/baldumarket.lt\/lt\/wp-json\/wp\/v2\/product_cat?post=39716"},{"taxonomy":"product_tag","embeddable":true,"href":"https:\/\/baldumarket.lt\/lt\/wp-json\/wp\/v2\/product_tag?post=39716"}],"curies":[{"name":"wp","href":"https:\/\/api.w.org\/{rel}","templated":true}]}}