{"id":39702,"date":"2025-11-19T20:00:24","date_gmt":"2025-11-19T17:00:24","guid":{"rendered":"https:\/\/baldumarket.lt\/?post_type=product&#038;p=39702"},"modified":"2026-03-24T13:27:43","modified_gmt":"2026-03-24T10:27:43","slug":"lazaro-1f-grupa-prestige","status":"publish","type":"product","link":"https:\/\/baldumarket.lt\/lt\/product\/lazaro-1f-grupa-prestige\/","title":{"rendered":"Lazaro 1F PRESTIGE grup\u0117"},"content":{"rendered":"<p>\u201eLazaro\u201c fotelis \u2013 tai unikalus ir stilingas fotelis, kuris bus puikus j\u016bs\u0173 nam\u0173 baldas, nes puikiai der\u0117s prie bet kokio interjero. Jo matmenys, 108 x 89 x 85 cm, leid\u017eia j\u012f pritaikyti \u012fvairaus dyd\u017eio kambariams. 75 centimetr\u0173 gylio s\u0117dyn\u0117 apr\u016bpinta vingiuotomis spyruokl\u0117mis, kurios yra T21 put\u0173 ir labai elasting\u0173 HR put\u0173 derinys. Fotelis i\u0161siskiria d\u0117l gilaus dygsniavimo s\u0117dyn\u0117je ir si\u016bli\u0173 \u0161onuose, sukuriant vientis\u0105 element\u0105 \u012fdomioje kompozicijoje. Auk\u0161ti ir plat\u016bs porankiai, derinami su didele nugaros pagalv\u0117le, taip pat prisideda prie m\u016bs\u0173 \u201eLazaro\u201c bald\u0173 patogumo. Papildomas \u0161io fotelio privalumas \u2013 galimyb\u0117 derinti galimus variantus ir sukurti vis\u0105 komplekt\u0105 su sofa ir pufu. Ie\u0161kote tr\u016bkstamos d\u0117lion\u0117s dalies? Daugiau neie\u0161kokite. \u201eLazaro\u201c turime visk\u0105.<\/p>","protected":false},"excerpt":{"rendered":"<p>\u201eLazaro\u201c fotelis \u2013 unikalus ir stilingas fotelis, kuris bus puikus baldas j\u016bs\u0173 namams, nes puikiai der\u0117s prie bet kokio interjero. Jo matmenys, 108 x 89 x 85 cm, leid\u017eia j\u012f pritaikyti \u012fvairaus dyd\u017eio kambariams. 75 centimetr\u0173 gylio s\u0117dyn\u0117 apr\u016bpinta vingiuotomis spyruokl\u0117mis, kurios [\u2026]<\/p>","protected":false},"featured_media":19417,"comment_status":"open","ping_status":"closed","template":"","meta":[],"product_brand":[],"product_cat":[9133],"product_tag":[],"class_list":{"0":"post-39702","1":"product","2":"type-product","3":"status-publish","4":"has-post-thumbnail","6":"product_cat-grouped","8":"first","9":"instock","10":"shipping-taxable","11":"purchasable","12":"product-type-variable","13":"wvs-archive-product-wrapper"},"_links":{"self":[{"href":"https:\/\/baldumarket.lt\/lt\/wp-json\/wp\/v2\/product\/39702","targetHints":{"allow":["GET"]}}],"collection":[{"href":"https:\/\/baldumarket.lt\/lt\/wp-json\/wp\/v2\/product"}],"about":[{"href":"https:\/\/baldumarket.lt\/lt\/wp-json\/wp\/v2\/types\/product"}],"replies":[{"embeddable":true,"href":"https:\/\/baldumarket.lt\/lt\/wp-json\/wp\/v2\/comments?post=39702"}],"wp:featuredmedia":[{"embeddable":true,"href":"https:\/\/baldumarket.lt\/lt\/wp-json\/wp\/v2\/media\/19417"}],"wp:attachment":[{"href":"https:\/\/baldumarket.lt\/lt\/wp-json\/wp\/v2\/media?parent=39702"}],"wp:term":[{"taxonomy":"product_brand","embeddable":true,"href":"https:\/\/baldumarket.lt\/lt\/wp-json\/wp\/v2\/product_brand?post=39702"},{"taxonomy":"product_cat","embeddable":true,"href":"https:\/\/baldumarket.lt\/lt\/wp-json\/wp\/v2\/product_cat?post=39702"},{"taxonomy":"product_tag","embeddable":true,"href":"https:\/\/baldumarket.lt\/lt\/wp-json\/wp\/v2\/product_tag?post=39702"}],"curies":[{"name":"wp","href":"https:\/\/api.w.org\/{rel}","templated":true}]}}