{"id":39686,"date":"2025-11-19T19:59:59","date_gmt":"2025-11-19T16:59:59","guid":{"rendered":"https:\/\/baldumarket.lt\/?post_type=product&#038;p=39686"},"modified":"2026-04-21T17:20:40","modified_gmt":"2026-04-21T14:20:40","slug":"lazaro-grupa-special","status":"publish","type":"product","link":"https:\/\/baldumarket.lt\/lt\/product\/lazaro-grupa-special\/","title":{"rendered":"Lazaro SPECIAL grup\u0117"},"content":{"rendered":"<p>\u201eLazaro\u201c \u2013 patogi, erdvi ir stilinga sofa, kurios matmenys \u2013 247 x 97 x 92 cm, kuri neabejotinai patraukia d\u0117mes\u012f stilingu dygsniavimu s\u0117dyn\u0117je ir si\u016bl\u0117mis \u0161onuose. I\u0161skirtin\u0117s savyb\u0117s \u2013 unikali s\u0117dyn\u0117, u\u017epildyta T25 ir HR put\u0173 deriniu, kont\u016bruota atlo\u0161as, plat\u016bs porankiai ir platus spalv\u0173 pasirinkimas, nes j\u0105 galima \u012fsigyti vis\u0173 \u201eBalduMarket\u201c kolekcijos spalv\u0173. Sof\u0105 galima greitai ir lengvai paversti erdvia 197 x 125 cm miegam\u0105ja dalimi. J\u0105 papildo patalyn\u0117s skyrius, kur\u012f papildo automatinis DL i\u0161skleidimo mechanizmas. Patogi, funkcionali ir stilinga \u201eLazaro\u201c sofa suteiks j\u016bs\u0173 svetainei i\u0161ties \u012fsp\u016bding\u0105 i\u0161vaizd\u0105.<\/p>","protected":false},"excerpt":{"rendered":"<p>\u201eLazaro\u201c \u2013 patogi, erdvi ir stilinga sofa, kurios matmenys \u2013 247 x 97 x 92 cm, kuri neabejotinai patraukia d\u0117mes\u012f stilingu dygsniavimu s\u0117dyn\u0117je ir si\u016bl\u0117mis \u0161onuose. I\u0161skirtin\u0117s savyb\u0117s: unikali s\u0117dyn\u0117, u\u017epildyta T25 ir HR put\u0173 deriniu, kont\u016bruota atlo\u0161as, plat\u016bs porankiai ir platus [\u2026]<\/p>","protected":false},"featured_media":19342,"comment_status":"open","ping_status":"closed","template":"","meta":[],"product_brand":[],"product_cat":[9133],"product_tag":[],"class_list":{"0":"post-39686","1":"product","2":"type-product","3":"status-publish","4":"has-post-thumbnail","6":"product_cat-grouped","8":"first","9":"instock","10":"shipping-taxable","11":"purchasable","12":"product-type-variable","13":"wvs-archive-product-wrapper"},"_links":{"self":[{"href":"https:\/\/baldumarket.lt\/lt\/wp-json\/wp\/v2\/product\/39686","targetHints":{"allow":["GET"]}}],"collection":[{"href":"https:\/\/baldumarket.lt\/lt\/wp-json\/wp\/v2\/product"}],"about":[{"href":"https:\/\/baldumarket.lt\/lt\/wp-json\/wp\/v2\/types\/product"}],"replies":[{"embeddable":true,"href":"https:\/\/baldumarket.lt\/lt\/wp-json\/wp\/v2\/comments?post=39686"}],"wp:featuredmedia":[{"embeddable":true,"href":"https:\/\/baldumarket.lt\/lt\/wp-json\/wp\/v2\/media\/19342"}],"wp:attachment":[{"href":"https:\/\/baldumarket.lt\/lt\/wp-json\/wp\/v2\/media?parent=39686"}],"wp:term":[{"taxonomy":"product_brand","embeddable":true,"href":"https:\/\/baldumarket.lt\/lt\/wp-json\/wp\/v2\/product_brand?post=39686"},{"taxonomy":"product_cat","embeddable":true,"href":"https:\/\/baldumarket.lt\/lt\/wp-json\/wp\/v2\/product_cat?post=39686"},{"taxonomy":"product_tag","embeddable":true,"href":"https:\/\/baldumarket.lt\/lt\/wp-json\/wp\/v2\/product_tag?post=39686"}],"curies":[{"name":"wp","href":"https:\/\/api.w.org\/{rel}","templated":true}]}}