{"id":39562,"date":"2025-11-19T19:58:10","date_gmt":"2025-11-19T16:58:10","guid":{"rendered":"https:\/\/baldumarket.lt\/?post_type=product&#038;p=39562"},"modified":"2026-04-21T17:26:13","modified_gmt":"2026-04-21T14:26:13","slug":"larde-grupa-prestige","status":"publish","type":"product","link":"https:\/\/baldumarket.lt\/lt\/product\/larde-grupa-prestige\/","title":{"rendered":"Larde PRESTIGE grup\u0117"},"content":{"rendered":"<p>\u201eLarde\u201c \u2013 tai i\u0161skirtinai jauki, patogi ir stilinga L formos kampin\u0117 sofa, kurios matmenys \u2013 276 x 191 x 90 cm. I\u0161skirtiniai jos bruo\u017eai: stabili konstrukcija, subtili, ta\u010diau \u012fdomi i\u0161vaizda, apmu\u0161tas atlo\u0161as, didel\u0117s pagalv\u0117l\u0117s, stilingos kojel\u0117s, suteikian\u010dios visai konstrukcijai lengvumo, ir gili, mink\u0161ta s\u0117dyn\u0117, pagaminta i\u0161 HR put\u0173. \u0160ios pagalv\u0117l\u0117s taip pat garantuoja taisykling\u0105 k\u016bno pad\u0117t\u012f poilsio metu ir didel\u012f komfort\u0105. \u201eLarde\u201c kampin\u0117 sofa yra daugiafunkcis baldas, u\u017etikrinantis maksimal\u0173 komfort\u0105 tiek dien\u0105, tiek nakt\u012f. I\u0161skleidus sof\u0105 naudojant intuityv\u0173 ir paprast\u0105 DL mechanizm\u0105, gaunamas 126 x 240 cm miegojimo plotas ir erdvus patalyn\u0117s laikymo skyrius. \u201eLarde\u201c \u2013 tai baldas, kuris patenkins visus j\u016bs\u0173 poreikius. Joje yra viskas, ko reikia auk\u0161\u010diausio lygio poilsiui. Kvie\u010diame susipa\u017einti su m\u016bs\u0173 pasi\u016blymu.<\/p>","protected":false},"excerpt":{"rendered":"<p>\u201eLarde\u201c \u2013 i\u0161skirtinai jauki, patogi ir stilinga L formos kampin\u0117 sofa, kurios matmenys \u2013 276 x 191 x 90 cm. I\u0161skirtiniai jos bruo\u017eai: stabili konstrukcija, subtili, bet \u012fdomi i\u0161vaizda, apmu\u0161tas atlo\u0161as, didel\u0117s pagalv\u0117l\u0117s, stilingos kojel\u0117s, suteikian\u010dios visai konstrukcijai lengvumo, ir gili, mink\u0161ta s\u0117dyn\u0117, pagaminta i\u0161 HR put\u0173.<\/p>","protected":false},"featured_media":14523,"comment_status":"open","ping_status":"closed","template":"","meta":[],"product_brand":[],"product_cat":[9133],"product_tag":[],"class_list":{"0":"post-39562","1":"product","2":"type-product","3":"status-publish","4":"has-post-thumbnail","6":"product_cat-grouped","8":"first","9":"instock","10":"shipping-taxable","11":"purchasable","12":"product-type-variable","13":"wvs-archive-product-wrapper"},"_links":{"self":[{"href":"https:\/\/baldumarket.lt\/lt\/wp-json\/wp\/v2\/product\/39562","targetHints":{"allow":["GET"]}}],"collection":[{"href":"https:\/\/baldumarket.lt\/lt\/wp-json\/wp\/v2\/product"}],"about":[{"href":"https:\/\/baldumarket.lt\/lt\/wp-json\/wp\/v2\/types\/product"}],"replies":[{"embeddable":true,"href":"https:\/\/baldumarket.lt\/lt\/wp-json\/wp\/v2\/comments?post=39562"}],"wp:featuredmedia":[{"embeddable":true,"href":"https:\/\/baldumarket.lt\/lt\/wp-json\/wp\/v2\/media\/14523"}],"wp:attachment":[{"href":"https:\/\/baldumarket.lt\/lt\/wp-json\/wp\/v2\/media?parent=39562"}],"wp:term":[{"taxonomy":"product_brand","embeddable":true,"href":"https:\/\/baldumarket.lt\/lt\/wp-json\/wp\/v2\/product_brand?post=39562"},{"taxonomy":"product_cat","embeddable":true,"href":"https:\/\/baldumarket.lt\/lt\/wp-json\/wp\/v2\/product_cat?post=39562"},{"taxonomy":"product_tag","embeddable":true,"href":"https:\/\/baldumarket.lt\/lt\/wp-json\/wp\/v2\/product_tag?post=39562"}],"curies":[{"name":"wp","href":"https:\/\/api.w.org\/{rel}","templated":true}]}}