{"id":39552,"date":"2025-11-19T19:58:09","date_gmt":"2025-11-19T16:58:09","guid":{"rendered":"https:\/\/baldumarket.lt\/?post_type=product&#038;p=39552"},"modified":"2026-04-21T17:26:13","modified_gmt":"2026-04-21T14:26:13","slug":"larco-grupa-prestige","status":"publish","type":"product","link":"https:\/\/baldumarket.lt\/lt\/product\/larco-grupa-prestige\/","title":{"rendered":"Larco PRESTIGE grup\u0117"},"content":{"rendered":"<p>\u201eLarco\u201c U formos kampin\u0117 sofa-lova \u2013 eleganti\u0161kas ir modernus poilsio baldas dien\u0105, o nakt\u012f \u2013 viso dyd\u017eio, patogi lova. I\u0161skleista kampin\u0117 sofa suteikia 320 x 124 centimetr\u0173 dyd\u017eio miegojimo plot\u0105. \u201eLarco\u201c labai lengva i\u0161skleisti, nes joje \u012frengtas automatinis DL mechanizmas. \u0160is paprastas mechanizmas apima vienos kampin\u0117s sofos dalies i\u0161pl\u0117tim\u0105 ir atlo\u0161\u0173 nulenkim\u0105, taip sukuriant dvigul\u0119 lov\u0105. Be to, balde yra ir patalyn\u0117s skyrius, taupantis viet\u0105 spintoje. \u201eLarco\u201c kampin\u0117 sofa yra pakankamai erdvi, kad kiekvienas \u0161eimos narys rast\u0173 sau tinkam\u0105 erdv\u0119, nes jos matmenys yra 362 x 191 x 90 centimetr\u0173. Be to, \u201eLarco\u201c kampin\u0117 sofa yra ak\u012f traukianti ir ne tik ne\u012ftik\u0117tinai patogi, bet ir puikiai i\u0161laiko savo form\u0105. Tai pasiekiama u\u017epild\u017eius s\u0117dyn\u0119 labai elastingomis HR putomis, kurios yra atsparios deformacijai ir gali atgauti pradin\u0119 form\u0105. Be to, HR putos prisitaiko prie k\u016bno formos, tod\u0117l jos yra tikrai patogios. \u201eLarco\u201c kampin\u0117 sofa pasi\u017eymi si\u016btomis vidin\u0117mis sienel\u0117mis, o plienin\u0117s kojel\u0117s neabejotinai suteikia kampinei sofai charakterio.<\/p>","protected":false},"excerpt":{"rendered":"<p>\u201eLarco\u201c U formos kampin\u0117 sofa-lova yra eleganti\u0161kas ir modernus poilsio baldas dien\u0105; nakt\u012f \u2013 pilno dyd\u017eio, patogi lova. I\u0161skleista kampin\u0117 sofa suteikia 320 x 124 centimetr\u0173 dyd\u017eio miegojimo plot\u0105. \u201eLarco\u201c labai lengva i\u0161skleisti, nes joje \u012frengtas DL automatinis mechanizmas. \u0160is paprastas [\u2026]<\/p>","protected":false},"featured_media":14291,"comment_status":"open","ping_status":"closed","template":"","meta":[],"product_brand":[],"product_cat":[9133],"product_tag":[],"class_list":{"0":"post-39552","1":"product","2":"type-product","3":"status-publish","4":"has-post-thumbnail","6":"product_cat-grouped","8":"first","9":"instock","10":"shipping-taxable","11":"purchasable","12":"product-type-variable","13":"wvs-archive-product-wrapper"},"_links":{"self":[{"href":"https:\/\/baldumarket.lt\/lt\/wp-json\/wp\/v2\/product\/39552","targetHints":{"allow":["GET"]}}],"collection":[{"href":"https:\/\/baldumarket.lt\/lt\/wp-json\/wp\/v2\/product"}],"about":[{"href":"https:\/\/baldumarket.lt\/lt\/wp-json\/wp\/v2\/types\/product"}],"replies":[{"embeddable":true,"href":"https:\/\/baldumarket.lt\/lt\/wp-json\/wp\/v2\/comments?post=39552"}],"wp:featuredmedia":[{"embeddable":true,"href":"https:\/\/baldumarket.lt\/lt\/wp-json\/wp\/v2\/media\/14291"}],"wp:attachment":[{"href":"https:\/\/baldumarket.lt\/lt\/wp-json\/wp\/v2\/media?parent=39552"}],"wp:term":[{"taxonomy":"product_brand","embeddable":true,"href":"https:\/\/baldumarket.lt\/lt\/wp-json\/wp\/v2\/product_brand?post=39552"},{"taxonomy":"product_cat","embeddable":true,"href":"https:\/\/baldumarket.lt\/lt\/wp-json\/wp\/v2\/product_cat?post=39552"},{"taxonomy":"product_tag","embeddable":true,"href":"https:\/\/baldumarket.lt\/lt\/wp-json\/wp\/v2\/product_tag?post=39552"}],"curies":[{"name":"wp","href":"https:\/\/api.w.org\/{rel}","templated":true}]}}