{"id":39540,"date":"2025-11-19T19:58:08","date_gmt":"2025-11-19T16:58:08","guid":{"rendered":"https:\/\/baldumarket.lt\/?post_type=product&#038;p=39540"},"modified":"2026-03-24T13:42:54","modified_gmt":"2026-03-24T10:42:54","slug":"lara-grupa-standard","status":"publish","type":"product","link":"https:\/\/baldumarket.lt\/lt\/product\/lara-grupa-standard\/","title":{"rendered":"Lara Grupa STANDARD"},"content":{"rendered":"<p>Ar tobulam nam\u0173 dizainui tr\u016bksta unikalaus, erdvaus ir modernaus pufo? Jei taip, esate tinkamoje vietoje! \u201eLara\u201c \u2013 73 cm plo\u010dio ir 27 cm auk\u0161\u010dio baldas, kuris puikiai atrodys bet kokiame interjere. \u0160is apvalus ir eleganti\u0161kas pufas pasi\u017eymi 2 cm kojel\u0117mis, si\u016bl\u0117mis ant korpuso ir pla\u010diu spalv\u0173 pasirinkimu. Patogi, erdvi s\u0117dyn\u0117 pagaminta i\u0161 auk\u0161tos kokyb\u0117s HR put\u0173, u\u017etikrinan\u010di\u0173 maksimal\u0173 mink\u0161tum\u0105 ir komfort\u0105. Kvie\u010diame susipa\u017einti su m\u016bs\u0173 unikaliu gaminiu.<\/p>","protected":false},"excerpt":{"rendered":"<p>Ar tobulam nam\u0173 dizainui tr\u016bksta unikalaus, erdvaus ir modernaus pufo? Jei taip, at\u0117jote \u012f reikiam\u0105 viet\u0105! \u201eLara\u201c \u2013 73 cm plo\u010dio ir 27 cm auk\u0161\u010dio baldas, kuris puikiai atrodys bet kokiame interjere. \u0160is apvalus ir eleganti\u0161kas pufas turi 2 cm kojeles, si\u016bles [\u2026]<\/p>","protected":false},"featured_media":18996,"comment_status":"open","ping_status":"closed","template":"","meta":[],"product_brand":[],"product_cat":[9133],"product_tag":[],"class_list":{"0":"post-39540","1":"product","2":"type-product","3":"status-publish","4":"has-post-thumbnail","6":"product_cat-grouped","8":"first","9":"instock","10":"shipping-taxable","11":"purchasable","12":"product-type-variable","13":"wvs-archive-product-wrapper"},"_links":{"self":[{"href":"https:\/\/baldumarket.lt\/lt\/wp-json\/wp\/v2\/product\/39540","targetHints":{"allow":["GET"]}}],"collection":[{"href":"https:\/\/baldumarket.lt\/lt\/wp-json\/wp\/v2\/product"}],"about":[{"href":"https:\/\/baldumarket.lt\/lt\/wp-json\/wp\/v2\/types\/product"}],"replies":[{"embeddable":true,"href":"https:\/\/baldumarket.lt\/lt\/wp-json\/wp\/v2\/comments?post=39540"}],"wp:featuredmedia":[{"embeddable":true,"href":"https:\/\/baldumarket.lt\/lt\/wp-json\/wp\/v2\/media\/18996"}],"wp:attachment":[{"href":"https:\/\/baldumarket.lt\/lt\/wp-json\/wp\/v2\/media?parent=39540"}],"wp:term":[{"taxonomy":"product_brand","embeddable":true,"href":"https:\/\/baldumarket.lt\/lt\/wp-json\/wp\/v2\/product_brand?post=39540"},{"taxonomy":"product_cat","embeddable":true,"href":"https:\/\/baldumarket.lt\/lt\/wp-json\/wp\/v2\/product_cat?post=39540"},{"taxonomy":"product_tag","embeddable":true,"href":"https:\/\/baldumarket.lt\/lt\/wp-json\/wp\/v2\/product_tag?post=39540"}],"curies":[{"name":"wp","href":"https:\/\/api.w.org\/{rel}","templated":true}]}}