{"id":39498,"date":"2025-11-19T19:57:29","date_gmt":"2025-11-19T16:57:29","guid":{"rendered":"https:\/\/baldumarket.lt\/?post_type=product&#038;p=39498"},"modified":"2026-03-24T13:42:53","modified_gmt":"2026-03-24T10:42:53","slug":"laine-3-osobowa-grupa-standard","status":"publish","type":"product","link":"https:\/\/baldumarket.lt\/lt\/product\/laine-3-osobowa-grupa-standard\/","title":{"rendered":"Lain\u0117 3 asmen\u0173 STANDARTIN\u0116 grup\u0117"},"content":{"rendered":"<p>I\u0161skirtinis dizainas, apgalvoti ra\u0161tai ir minimalistin\u0117 i\u0161vaizda \u2013 \u0161tai kuo pasi\u017eymi \u201eLaine\u201c sofa-lova. \u0160is baldas yra ne\u012ftik\u0117tinai patogus d\u0117l T25 putplas\u010dio u\u017epildo. Be to, m\u016bs\u0173 sofa-lova turi patalyn\u0117s skyri\u0173, tod\u0117l tai puiki vieta laikyti papildomas pagalves ar antklodes. \u201eLaine\u201c plastikin\u0117s kojel\u0117s yra vos 3 centimetr\u0173 auk\u0161\u010dio. \u0160i i\u0161skleid\u017eiama sofa-lova, kurios matmenys yra 155 x 105 x 75 cm, suteiks j\u016bs\u0173 svetainei, miegamajam ar nam\u0173 biurui eleganti\u0161ko stiliaus ir funkcionalumo. \u201eLaine\u201c galima greitai paversti 196 \u00d7 125 cm dyd\u017eio lova. Tai tikrai puikus pasirinkimas film\u0173 vakarams. \u201eLaine\u201c sofos vizualin\u012f patrauklum\u0105 sustiprina \u012fdomus dygsniavimas atlo\u0161e. Taip pat pridedamos dvi dekoratyvin\u0117s pagalv\u0117l\u0117s, tokios pa\u010dios kaip ir sofa. \u201eLaine\u201c yra puikus pasirinkimas minimalistinio ir nat\u016bralaus interjero dizaino gerb\u0117jams.<\/p>","protected":false},"excerpt":{"rendered":"<p>I\u0161skirtinis dizainas, apgalvoti ra\u0161tai ir minimalistin\u0117 i\u0161vaizda \u2013 tai \u201eLaine\u201c sofos-lovos esm\u0117. \u0160is baldas yra ne\u012ftik\u0117tinai patogus d\u0117l T25 putplas\u010dio u\u017epildo. Be to, m\u016bs\u0173 sofa-lova turi patalyn\u0117s skyri\u0173, tod\u0117l tai puiki vieta laikyti papildomas pagalves ar antklodes. \u201eLaine\u201c plastikin\u0117s kojel\u0117s yra [\u2026]<\/p>","protected":false},"featured_media":26116,"comment_status":"open","ping_status":"closed","template":"","meta":[],"product_brand":[],"product_cat":[9133],"product_tag":[],"class_list":{"0":"post-39498","1":"product","2":"type-product","3":"status-publish","4":"has-post-thumbnail","6":"product_cat-grouped","8":"first","9":"instock","10":"shipping-taxable","11":"purchasable","12":"product-type-variable","13":"wvs-archive-product-wrapper"},"_links":{"self":[{"href":"https:\/\/baldumarket.lt\/lt\/wp-json\/wp\/v2\/product\/39498","targetHints":{"allow":["GET"]}}],"collection":[{"href":"https:\/\/baldumarket.lt\/lt\/wp-json\/wp\/v2\/product"}],"about":[{"href":"https:\/\/baldumarket.lt\/lt\/wp-json\/wp\/v2\/types\/product"}],"replies":[{"embeddable":true,"href":"https:\/\/baldumarket.lt\/lt\/wp-json\/wp\/v2\/comments?post=39498"}],"wp:featuredmedia":[{"embeddable":true,"href":"https:\/\/baldumarket.lt\/lt\/wp-json\/wp\/v2\/media\/26116"}],"wp:attachment":[{"href":"https:\/\/baldumarket.lt\/lt\/wp-json\/wp\/v2\/media?parent=39498"}],"wp:term":[{"taxonomy":"product_brand","embeddable":true,"href":"https:\/\/baldumarket.lt\/lt\/wp-json\/wp\/v2\/product_brand?post=39498"},{"taxonomy":"product_cat","embeddable":true,"href":"https:\/\/baldumarket.lt\/lt\/wp-json\/wp\/v2\/product_cat?post=39498"},{"taxonomy":"product_tag","embeddable":true,"href":"https:\/\/baldumarket.lt\/lt\/wp-json\/wp\/v2\/product_tag?post=39498"}],"curies":[{"name":"wp","href":"https:\/\/api.w.org\/{rel}","templated":true}]}}