{"id":39496,"date":"2025-11-19T19:57:29","date_gmt":"2025-11-19T16:57:29","guid":{"rendered":"https:\/\/baldumarket.lt\/?post_type=product&#038;p=39496"},"modified":"2026-03-24T13:42:53","modified_gmt":"2026-03-24T10:42:53","slug":"laine-1-osobowa-grupa-standard","status":"publish","type":"product","link":"https:\/\/baldumarket.lt\/lt\/product\/laine-1-osobowa-grupa-standard\/","title":{"rendered":"Laine 1 asmens STANDARTIN\u0116 grup\u0117"},"content":{"rendered":"<p>Vienviet\u0117 \u201eLaine\u201c sofa \u2013 kompakti\u0161kas ir funkcionalus baldas, idealiai tinkantis ma\u017eesn\u0117ms erdv\u0117ms arba kaip papildoma vieta s\u0117d\u0117ti ir miegoti. Jos matmenys \u2013 102 x 109 x 84 cm \u2013 yra tvarkingas sprendimas, neu\u017eimantis per daug vietos. Sofos s\u0117dyn\u0117 u\u017epildyta vidutinio kietumo T25 putomis, tod\u0117l ja patogu tiek kasdieniam poilsiui, tiek retkar\u010diais pamiegoti. Papildomas \u201eLaine\u201c sofos privalumas \u2013 miegojimo funkcija. I\u0161skleista sofa virsta patogia lova, tod\u0117l tai idealus sprendimas netik\u0117tiems sve\u010diams arba tiems, kurie neturi daug vietos nuolatinei lovai. Modernus ir stilingas sofos dizainas leid\u017eia jai der\u0117ti prie \u012fvairi\u0173 interjero dizain\u0173.<\/p>","protected":false},"excerpt":{"rendered":"<p>Vienviet\u0117 \u201eLaine\u201c sofa \u2013 kompakti\u0161kas ir funkcionalus baldas, idealiai tinkantis ma\u017eesn\u0117ms erdv\u0117ms arba kaip papildoma vieta s\u0117d\u0117ti ir miegoti. Jos matmenys \u2013 102 x 109 x 84 cm \u2013 yra tvarkingas sprendimas, neu\u017eimantis per daug vietos. Sofos s\u0117dyn\u0117 u\u017epildyta T25 putomis, kurios [\u2026]<\/p>","protected":false},"featured_media":32322,"comment_status":"open","ping_status":"closed","template":"","meta":[],"product_brand":[],"product_cat":[9133],"product_tag":[],"class_list":{"0":"post-39496","1":"product","2":"type-product","3":"status-publish","4":"has-post-thumbnail","6":"product_cat-grouped","8":"first","9":"instock","10":"shipping-taxable","11":"purchasable","12":"product-type-variable","13":"wvs-archive-product-wrapper"},"_links":{"self":[{"href":"https:\/\/baldumarket.lt\/lt\/wp-json\/wp\/v2\/product\/39496","targetHints":{"allow":["GET"]}}],"collection":[{"href":"https:\/\/baldumarket.lt\/lt\/wp-json\/wp\/v2\/product"}],"about":[{"href":"https:\/\/baldumarket.lt\/lt\/wp-json\/wp\/v2\/types\/product"}],"replies":[{"embeddable":true,"href":"https:\/\/baldumarket.lt\/lt\/wp-json\/wp\/v2\/comments?post=39496"}],"wp:featuredmedia":[{"embeddable":true,"href":"https:\/\/baldumarket.lt\/lt\/wp-json\/wp\/v2\/media\/32322"}],"wp:attachment":[{"href":"https:\/\/baldumarket.lt\/lt\/wp-json\/wp\/v2\/media?parent=39496"}],"wp:term":[{"taxonomy":"product_brand","embeddable":true,"href":"https:\/\/baldumarket.lt\/lt\/wp-json\/wp\/v2\/product_brand?post=39496"},{"taxonomy":"product_cat","embeddable":true,"href":"https:\/\/baldumarket.lt\/lt\/wp-json\/wp\/v2\/product_cat?post=39496"},{"taxonomy":"product_tag","embeddable":true,"href":"https:\/\/baldumarket.lt\/lt\/wp-json\/wp\/v2\/product_tag?post=39496"}],"curies":[{"name":"wp","href":"https:\/\/api.w.org\/{rel}","templated":true}]}}