{"id":39494,"date":"2025-11-19T19:57:28","date_gmt":"2025-11-19T16:57:28","guid":{"rendered":"https:\/\/baldumarket.lt\/?post_type=product&#038;p=39494"},"modified":"2026-03-24T13:16:56","modified_gmt":"2026-03-24T10:16:56","slug":"lacante-grupa-premium","status":"publish","type":"product","link":"https:\/\/baldumarket.lt\/lt\/product\/lacante-grupa-premium\/","title":{"rendered":"Lacante PREMIUM grup\u0117"},"content":{"rendered":"<p>\u201eLacante\u201c kampin\u0117 sofa kvie\u010dia atsipalaiduoti ir pails\u0117ti, kartu gra\u017eiai atrodydama. \u012edomios formos ir dizaineri\u0173 sukurtos, chromuotos plienin\u0117s, 9 centimetr\u0173 auk\u0161\u010dio kojel\u0117s suteikia jaukumo moderniai gyvenamajai erdvei. \u201eLacante\u201c taip pat si\u016blo jaukius apmu\u0161al\u0173 variantus, o kaip mink\u0161t\u0173 bald\u0173 gamintojai, naudojame tik auk\u0161\u010diausios kokyb\u0117s audinius. S\u0117dyn\u0117 u\u017epildyta HR ir T30 put\u0173 mi\u0161iniu, u\u017etikrinan\u010diu tikr\u0105 komfort\u0105. \u201eLacante\u201c kampin\u0117je sofoje taip pat yra patalyn\u0117s d\u0117\u017e\u0117, kurios matmenys \u2013 195 x 93 cm. Kitas \u0161ios kampin\u0117s sofos privalumas \u2013 miegojimo funkcija, kurios matmenys \u2013 265 x 123 cm. Sofos i\u0161lankstymo funkcija \u2013 \u012fmontuotas delfino mechanizmas. \u0160i sistema yra sklandi ir paprasta naudoti, tod\u0117l nereikia daug j\u0117gos, norint kampin\u0119 sof\u0105 paversti lova. Kampin\u0117s sofos s\u0117dyn\u0117, pagaminta i\u0161 vingiuotos spyruokl\u0117s ir labai elasting\u0173 HR bei T30 put\u0173 mi\u0161inio, tikrai skatins patog\u0173 poils\u012f. Nepamir\u0161kime ir moderni\u0173, reguliuojam\u0173 galvos atram\u0173. Jos leid\u017eia patogiai \u012fsitaisyti ir m\u0117gautis pokalbiu, knygos skaitymu ar televizoriaus \u017ei\u016br\u0117jimu. \u201eLacante\u201c kampin\u0117 sofa puikiai tiks tiek tradiciniuose, tiek moderniuose namuose.<\/p>","protected":false},"excerpt":{"rendered":"<p>\u201eLacante\u201c kampin\u0117 sofa kvie\u010dia atsipalaiduoti ir pails\u0117ti, tuo pa\u010diu metu atrodydama gra\u017eiai. \u012edomios formos ir dizaineri\u0173 sukurtos, chromuotos plienin\u0117s, 9 centimetr\u0173 auk\u0161\u010dio kojel\u0117s suteikia jaukumo gyvenamajai erdvei. \u201eLacante\u201c taip pat si\u016blo jaukius apmu\u0161al\u0173 variantus, o kaip mink\u0161t\u0173 bald\u0173 gamintojas naudojame tik auk\u0161\u010diausios kokyb\u0117s audinius. [\u2026]<\/p>","protected":false},"featured_media":14421,"comment_status":"open","ping_status":"closed","template":"","meta":[],"product_brand":[],"product_cat":[9133],"product_tag":[],"class_list":{"0":"post-39494","1":"product","2":"type-product","3":"status-publish","4":"has-post-thumbnail","6":"product_cat-grouped","8":"first","9":"instock","10":"shipping-taxable","11":"purchasable","12":"product-type-variable","13":"wvs-archive-product-wrapper"},"_links":{"self":[{"href":"https:\/\/baldumarket.lt\/lt\/wp-json\/wp\/v2\/product\/39494","targetHints":{"allow":["GET"]}}],"collection":[{"href":"https:\/\/baldumarket.lt\/lt\/wp-json\/wp\/v2\/product"}],"about":[{"href":"https:\/\/baldumarket.lt\/lt\/wp-json\/wp\/v2\/types\/product"}],"replies":[{"embeddable":true,"href":"https:\/\/baldumarket.lt\/lt\/wp-json\/wp\/v2\/comments?post=39494"}],"wp:featuredmedia":[{"embeddable":true,"href":"https:\/\/baldumarket.lt\/lt\/wp-json\/wp\/v2\/media\/14421"}],"wp:attachment":[{"href":"https:\/\/baldumarket.lt\/lt\/wp-json\/wp\/v2\/media?parent=39494"}],"wp:term":[{"taxonomy":"product_brand","embeddable":true,"href":"https:\/\/baldumarket.lt\/lt\/wp-json\/wp\/v2\/product_brand?post=39494"},{"taxonomy":"product_cat","embeddable":true,"href":"https:\/\/baldumarket.lt\/lt\/wp-json\/wp\/v2\/product_cat?post=39494"},{"taxonomy":"product_tag","embeddable":true,"href":"https:\/\/baldumarket.lt\/lt\/wp-json\/wp\/v2\/product_tag?post=39494"}],"curies":[{"name":"wp","href":"https:\/\/api.w.org\/{rel}","templated":true}]}}