{"id":39472,"date":"2025-11-19T19:57:05","date_gmt":"2025-11-19T16:57:05","guid":{"rendered":"https:\/\/baldumarket.lt\/?post_type=product&#038;p=39472"},"modified":"2026-03-24T13:27:25","modified_gmt":"2026-03-24T10:27:25","slug":"kasped-140x200-grupa-prestige","status":"publish","type":"product","link":"https:\/\/baldumarket.lt\/lt\/product\/kasped-140x200-grupa-prestige\/","title":{"rendered":"Kasped 140\u00d7200 PRESTIGE grup\u0117"},"content":{"rendered":"<p>\u201eKasped\u201c kontinentin\u0117 lova \u2013 modernus ir funkcionalus pasirinkimas bet kuriam miegamajam. Ji si\u016bloma dviej\u0173 dyd\u017ei\u0173: 215x121x108 cm ir 215x141x108 cm, tod\u0117l j\u0105 galima pritaikyti individualiems poreikiams ir vidaus erdvei; lovos konstrukcija paremta tvirtu r\u0117mu, pagamintu i\u0161 med\u017eio masyvo ir med\u017eio dro\u017eli\u0173 plok\u0161t\u0117s, u\u017etikrinan\u010diu stabilum\u0105 ir ilgaam\u017ei\u0161kum\u0105 ilgam naudojimui, o pagrindinis komforto elementas \u2013 \u012f r\u0117m\u0105 nuolat \u012fmontuotas \u201eBonnell\u201c spyruoklinis \u010diu\u017einys, kuris d\u0117l \u201eBonnell\u201c spyruokli\u0173 naudojimo efektyviai palaiko k\u016bn\u0105, u\u017etikrindamas ergonomi\u0161kas miego s\u0105lygas ir tinkam\u0105 oro cirkuliacij\u0105; be to, lova apr\u016bpinta dviem auk\u0161tos kokyb\u0117s put\u0173 sluoksniais \u2013 T2130 put\u0173 ir T2540 put\u0173 \u2013 kurie, veikdami kartu su spyruokl\u0117mis, pagerina elastingum\u0105 ir naudojimo komfort\u0105, prisitaiko prie k\u016bno ir u\u017etikrina sveik\u0105 poils\u012f; visas dizainas i\u0161laikytas moderniu stiliumi, pasi\u017eymi paprastomis linijomis ir eleganti\u0161ka forma, kuri\u0105 papildo juodos bald\u0173 kojel\u0117s, pagamintos i\u0161 patvaraus plastiko \u2013 ne tik stabilios, bet ir esteti\u0161kai patrauklios; Itin prakti\u0161kas priedas \u2013 patalyn\u0117s d\u0117\u017e\u0117, kurioje patogiai laikomos antklod\u0117s, pagalv\u0117s ir kiti tekstil\u0117s gaminiai, padedantys palaikyti tvark\u0105 miegamajame; \u201eKasped\u201c lova pasi\u017eymi auk\u0161tos kokyb\u0117s apdaila, estetika ir funkcionalumu, tod\u0117l puikiai tinka tiek moderniam, tiek klasikiniam interjerui.<\/p>","protected":false},"excerpt":{"rendered":"<p>\u201eKasped\u201c kontinentin\u0117 lova yra modernus ir funkcionalus pasirinkimas bet kuriam miegamajam, si\u016bloma dviej\u0173 dyd\u017ei\u0173: 215x121x108 cm ir 215x141x108 cm, tod\u0117l j\u0105 galima pritaikyti individualiems poreikiams ir vidaus erdvei; lovos konstrukcija paremta tvirtu r\u0117mu, pagamintu i\u0161 med\u017eio masyvo ir med\u017eio dro\u017eli\u0173 plok\u0161\u010di\u0173, u\u017etikrinan\u010diu stabilum\u0105 ir ilgaam\u017ei\u0161kum\u0105 [\u2026]<\/p>","protected":false},"featured_media":36045,"comment_status":"open","ping_status":"closed","template":"","meta":[],"product_brand":[],"product_cat":[9133],"product_tag":[],"class_list":{"0":"post-39472","1":"product","2":"type-product","3":"status-publish","4":"has-post-thumbnail","6":"product_cat-grouped","8":"first","9":"instock","10":"shipping-taxable","11":"purchasable","12":"product-type-variable","13":"wvs-archive-product-wrapper"},"_links":{"self":[{"href":"https:\/\/baldumarket.lt\/lt\/wp-json\/wp\/v2\/product\/39472","targetHints":{"allow":["GET"]}}],"collection":[{"href":"https:\/\/baldumarket.lt\/lt\/wp-json\/wp\/v2\/product"}],"about":[{"href":"https:\/\/baldumarket.lt\/lt\/wp-json\/wp\/v2\/types\/product"}],"replies":[{"embeddable":true,"href":"https:\/\/baldumarket.lt\/lt\/wp-json\/wp\/v2\/comments?post=39472"}],"wp:featuredmedia":[{"embeddable":true,"href":"https:\/\/baldumarket.lt\/lt\/wp-json\/wp\/v2\/media\/36045"}],"wp:attachment":[{"href":"https:\/\/baldumarket.lt\/lt\/wp-json\/wp\/v2\/media?parent=39472"}],"wp:term":[{"taxonomy":"product_brand","embeddable":true,"href":"https:\/\/baldumarket.lt\/lt\/wp-json\/wp\/v2\/product_brand?post=39472"},{"taxonomy":"product_cat","embeddable":true,"href":"https:\/\/baldumarket.lt\/lt\/wp-json\/wp\/v2\/product_cat?post=39472"},{"taxonomy":"product_tag","embeddable":true,"href":"https:\/\/baldumarket.lt\/lt\/wp-json\/wp\/v2\/product_tag?post=39472"}],"curies":[{"name":"wp","href":"https:\/\/api.w.org\/{rel}","templated":true}]}}