{"id":39444,"date":"2025-11-19T19:56:40","date_gmt":"2025-11-19T16:56:40","guid":{"rendered":"https:\/\/baldumarket.lt\/?post_type=product&#038;p=39444"},"modified":"2026-03-24T13:42:45","modified_gmt":"2026-03-24T10:42:45","slug":"josette-grupa-standard","status":"publish","type":"product","link":"https:\/\/baldumarket.lt\/lt\/product\/josette-grupa-standard\/","title":{"rendered":"Josette STANDARD grup\u0117"},"content":{"rendered":"<p>\u201eJosette\u201c \u2013 tai daugiafunkcin\u0117, patogi ir erdvi U formos kampin\u0117 sofa, kuri erdviai svetainei suteiks prabangos akcent\u0105. \u0160is auk\u0161tos kokyb\u0117s baldas yra gryniausio komforto ir klas\u0117s sinonimas. Visa tai d\u0117ka pla\u010dios, 55 cm gylio s\u0117dyn\u0117s ir tvirto u\u017epildo su vingiuotomis spyruokl\u0117mis bei T30 + HR putomis, kurios suteikia i\u0161skirtin\u012f elastingum\u0105 ir mink\u0161tum\u0105, kartu u\u017etikrindamos taisykling\u0105 k\u016bno pad\u0117t\u012f naudojimo metu. 370 x 190 x 98 cm dyd\u017eio \u201eJosette\u201c si\u016blo ne tik komfort\u0105 d\u0117l erdvios s\u0117dimosios dalies, bet ir ger\u0105 mieg\u0105. Tai dar labiau sustiprina delfino mechanizmas, kuris intuityviai ir lengvai i\u0161lanksto sof\u0105 \u012f norim\u0105 pad\u0117t\u012f, paversdamas j\u0105 110 x 300 cm dyd\u017eio lova. \u0160i kampin\u0117 sofa taip pat turi prakti\u0161k\u0105 ir erdv\u0173 patalyn\u0117s skyri\u0173. Tarp i\u0161skirtini\u0173 \u0161io modelio savybi\u0173: reguliuojamos galvos atramos, plati ir patogi s\u0117dyn\u0117 bei eleganti\u0161kos kojel\u0117s, pagamintos i\u0161 metalo ir med\u017eio. Jei smalsu, kuo dar \u201eJosette\u201c gali jus nustebinti, kvie\u010diame \u012fsigyti m\u016bs\u0173 kampin\u0119 sof\u0105.<\/p>","protected":false},"excerpt":{"rendered":"<p>\u201eJosette\u201c \u2013 daugiafunkcin\u0117, patogi ir erdvi U formos kampin\u0117 sofa, kuri erdviai svetainei gali suteikti prabangos akcent\u0105. \u0160is auk\u0161tos kokyb\u0117s baldas yra gryniausio komforto ir klas\u0117s sinonimas. Visa tai pasiekiama d\u0117l pla\u010dios, 55 cm gylio s\u0117dyn\u0117s ir tvirto u\u017epildo su vingiuotomis spyruokl\u0117mis ir [\u2026]<\/p>","protected":false},"featured_media":18275,"comment_status":"open","ping_status":"closed","template":"","meta":[],"product_brand":[],"product_cat":[9133],"product_tag":[],"class_list":{"0":"post-39444","1":"product","2":"type-product","3":"status-publish","4":"has-post-thumbnail","6":"product_cat-grouped","8":"first","9":"instock","10":"shipping-taxable","11":"purchasable","12":"product-type-variable","13":"wvs-archive-product-wrapper"},"_links":{"self":[{"href":"https:\/\/baldumarket.lt\/lt\/wp-json\/wp\/v2\/product\/39444","targetHints":{"allow":["GET"]}}],"collection":[{"href":"https:\/\/baldumarket.lt\/lt\/wp-json\/wp\/v2\/product"}],"about":[{"href":"https:\/\/baldumarket.lt\/lt\/wp-json\/wp\/v2\/types\/product"}],"replies":[{"embeddable":true,"href":"https:\/\/baldumarket.lt\/lt\/wp-json\/wp\/v2\/comments?post=39444"}],"wp:featuredmedia":[{"embeddable":true,"href":"https:\/\/baldumarket.lt\/lt\/wp-json\/wp\/v2\/media\/18275"}],"wp:attachment":[{"href":"https:\/\/baldumarket.lt\/lt\/wp-json\/wp\/v2\/media?parent=39444"}],"wp:term":[{"taxonomy":"product_brand","embeddable":true,"href":"https:\/\/baldumarket.lt\/lt\/wp-json\/wp\/v2\/product_brand?post=39444"},{"taxonomy":"product_cat","embeddable":true,"href":"https:\/\/baldumarket.lt\/lt\/wp-json\/wp\/v2\/product_cat?post=39444"},{"taxonomy":"product_tag","embeddable":true,"href":"https:\/\/baldumarket.lt\/lt\/wp-json\/wp\/v2\/product_tag?post=39444"}],"curies":[{"name":"wp","href":"https:\/\/api.w.org\/{rel}","templated":true}]}}