{"id":39424,"date":"2025-11-19T19:55:55","date_gmt":"2025-11-19T16:55:55","guid":{"rendered":"https:\/\/baldumarket.lt\/?post_type=product&#038;p=39424"},"modified":"2026-03-24T13:27:16","modified_gmt":"2026-03-24T10:27:16","slug":"inferne-grupa-prestige","status":"publish","type":"product","link":"https:\/\/baldumarket.lt\/lt\/product\/inferne-grupa-prestige\/","title":{"rendered":"\u201eInferne PRESTIGE\u201c grup\u0117"},"content":{"rendered":"<p>\u201eInferne\u201c kampin\u0117 sofa \u2013 tai rafinuotas svetain\u0117s baldas, kuriame derinamas modernus dizainas su auk\u0161\u010diausios kokyb\u0117s komponentais, u\u017etikrinan\u010diais nepamir\u0161tam\u0105 komfort\u0105. \u0160i kampin\u0117 sofa, apr\u016bpinta B tipo vingiuotomis spyruokl\u0117mis ir s\u0117dyne, u\u017epildyta itin elastingu HR+T2130 putplas\u010diu, pasi\u017eymi mink\u0161tumu, lankstumu ir puikiu anatominiu prigludimu, tod\u0117l giliai atpalaiduoja ir atpalaiduoja raumenis. D\u0117l elasting\u0173 apmu\u0161al\u0173 dir\u017eeli\u0173 ir T2130 putplas\u010dio atlo\u0161e \u201eInferne\u201c kampin\u0117 sofa yra patvari ir atspari deformacijai. Ji daugel\u012f met\u0173 i\u0161laiko savo pirmin\u0119 i\u0161vaizd\u0105, nes nesirauk\u0161l\u0117ja ir nepraranda formos. Lengvai naudojamas \u201eDolphin\u201c mechanizmas leid\u017eia greitai transformuotis \u012f patogi\u0105 lov\u0105, puikiai tinkan\u010di\u0105 tiek jums, tiek j\u016bs\u0173 sve\u010diams. Be to, \u201eInferne\u201c kampin\u0117je sofoje yra erdvus patalyn\u0117s d\u0117klas, diskreti\u0161kai pasl\u0117ptas viduje. Tai puikus sprendimas prakti\u0161kai laikyti visus j\u016bs\u0173 tekstil\u0117s gaminius. Juodos metalin\u0117s kojel\u0117s suteikia kampinei sofai modernumo, pabr\u0117\u017eiant \u0161io baldo elegancij\u0105. Kruop\u0161ti apdaila paver\u010dia \u201eInferne\u201c kampin\u0119 sof\u0105 ne tik patogiu interjero elementu, bet ir eleganti\u0161ku akcentu svetain\u0117s dizaine. \u201eInferne\u201c kampin\u0117 sofa \u2013 tai prabangos, komforto ir funkcionalumo harmonija, sukurianti j\u016bs\u0173 svetain\u0117je erdv\u0119 ne tik poilsiui, bet ir susib\u016brimams su \u0161eima bei draugais.<\/p>","protected":false},"excerpt":{"rendered":"<p>\u201eInferne\u201c kampin\u0117 sofa \u2013 tai rafinuotas svetain\u0117s baldas, kuriame derinamas modernus dizainas su auk\u0161\u010diausios kokyb\u0117s komponentais, u\u017etikrinan\u010diais nepamir\u0161tam\u0105 komfort\u0105. \u0160i kampin\u0117 sofa su B tipo vingiuotomis spyruokl\u0117mis ir itin elastingomis HR+T2130 putomis u\u017epildyta s\u0117dyne pasi\u017eymi mink\u0161tumu, lankstumu ir puikiu anatominiu prigludimu, tod\u0117l giliai atpalaiduoja ir atpalaiduoja raumenis. A\u010di\u016b [\u2026]<\/p>","protected":false},"featured_media":29645,"comment_status":"open","ping_status":"closed","template":"","meta":[],"product_brand":[],"product_cat":[9133],"product_tag":[],"class_list":{"0":"post-39424","1":"product","2":"type-product","3":"status-publish","4":"has-post-thumbnail","6":"product_cat-grouped","8":"first","9":"instock","10":"shipping-taxable","11":"purchasable","12":"product-type-variable","13":"wvs-archive-product-wrapper"},"_links":{"self":[{"href":"https:\/\/baldumarket.lt\/lt\/wp-json\/wp\/v2\/product\/39424","targetHints":{"allow":["GET"]}}],"collection":[{"href":"https:\/\/baldumarket.lt\/lt\/wp-json\/wp\/v2\/product"}],"about":[{"href":"https:\/\/baldumarket.lt\/lt\/wp-json\/wp\/v2\/types\/product"}],"replies":[{"embeddable":true,"href":"https:\/\/baldumarket.lt\/lt\/wp-json\/wp\/v2\/comments?post=39424"}],"wp:featuredmedia":[{"embeddable":true,"href":"https:\/\/baldumarket.lt\/lt\/wp-json\/wp\/v2\/media\/29645"}],"wp:attachment":[{"href":"https:\/\/baldumarket.lt\/lt\/wp-json\/wp\/v2\/media?parent=39424"}],"wp:term":[{"taxonomy":"product_brand","embeddable":true,"href":"https:\/\/baldumarket.lt\/lt\/wp-json\/wp\/v2\/product_brand?post=39424"},{"taxonomy":"product_cat","embeddable":true,"href":"https:\/\/baldumarket.lt\/lt\/wp-json\/wp\/v2\/product_cat?post=39424"},{"taxonomy":"product_tag","embeddable":true,"href":"https:\/\/baldumarket.lt\/lt\/wp-json\/wp\/v2\/product_tag?post=39424"}],"curies":[{"name":"wp","href":"https:\/\/api.w.org\/{rel}","templated":true}]}}