{"id":39416,"date":"2025-11-19T19:55:55","date_gmt":"2025-11-19T16:55:55","guid":{"rendered":"https:\/\/baldumarket.lt\/?post_type=product&#038;p=39416"},"modified":"2026-03-24T13:16:47","modified_gmt":"2026-03-24T10:16:47","slug":"inez-180x200-grupa-premium","status":"publish","type":"product","link":"https:\/\/baldumarket.lt\/lt\/product\/inez-180x200-grupa-premium\/","title":{"rendered":"Inez 180X200 PREMIUM grup\u0117"},"content":{"rendered":"<p>\u201eInez\u201c \u2013 tai erdvi, patogi ir stilinga spyruoklin\u0117 lova, i\u0161siskirianti subtiliu ir unikaliu dizainu. \u201eInez\u201c i\u0161vaizd\u0105 pary\u0161kina auk\u0161tas galv\u016bgalis, puo\u0161tas dygsniais ir si\u016bl\u0117mis, bei eleganti\u0161kos kojel\u0117s. \u0160i erdvi lova, kurios miegamojo plotas yra 140\/160\/180 x 200 cm, puikiai tinka atsipalaiduoti bet kuriuo paros metu. Papildomos \u0161io modelio savyb\u0117s: 20 cm auk\u0161\u010dio \u201eBonnell\u201c spyruoklinis \u010diu\u017einys su papildomais sluoksniais \u2013 vir\u0161utiniu ir apatiniu \u2013 pagamintais i\u0161 mink\u0161t\u0173 ir lanks\u010di\u0173 T25 put\u0173, ir apipjaustytu vir\u0161utiniu sluoksniu, pagamintu i\u0161 4 cm storio T21 put\u0173. \u0160is derinys neabejotinai garantuoja laisv\u0119 ir maksimal\u0173 atsipalaidavim\u0105. \u201eInez\u201c pasi\u017eymi moderniu klasikiniu stiliumi, atspindin\u010diu modern\u0173 po\u017ei\u016br\u012f \u012f interjero dizain\u0105 unikaliame miegamajame.<\/p>","protected":false},"excerpt":{"rendered":"<p>\u201eInez\u201c \u2013 tai erdvi, patogi ir stilinga spyruoklin\u0117 lova, pasi\u017eyminti subtiliu ir unikaliu dizainu. \u201eInez\u201c i\u0161vaizd\u0105 pary\u0161kina auk\u0161tas galv\u016bgalis, puo\u0161tas dygsniais ir si\u016bl\u0117mis, bei eleganti\u0161kos kojel\u0117s. \u0160i erdvi lova, kurios miegamoji erdv\u0117 yra 140\/160\/180 x 200 cm, yra puiki vieta atsipalaiduoti bet kuriuo metu [\u2026]<\/p>","protected":false},"featured_media":18219,"comment_status":"open","ping_status":"closed","template":"","meta":[],"product_brand":[],"product_cat":[9133],"product_tag":[],"class_list":{"0":"post-39416","1":"product","2":"type-product","3":"status-publish","4":"has-post-thumbnail","6":"product_cat-grouped","8":"first","9":"instock","10":"shipping-taxable","11":"purchasable","12":"product-type-variable","13":"wvs-archive-product-wrapper"},"_links":{"self":[{"href":"https:\/\/baldumarket.lt\/lt\/wp-json\/wp\/v2\/product\/39416","targetHints":{"allow":["GET"]}}],"collection":[{"href":"https:\/\/baldumarket.lt\/lt\/wp-json\/wp\/v2\/product"}],"about":[{"href":"https:\/\/baldumarket.lt\/lt\/wp-json\/wp\/v2\/types\/product"}],"replies":[{"embeddable":true,"href":"https:\/\/baldumarket.lt\/lt\/wp-json\/wp\/v2\/comments?post=39416"}],"wp:featuredmedia":[{"embeddable":true,"href":"https:\/\/baldumarket.lt\/lt\/wp-json\/wp\/v2\/media\/18219"}],"wp:attachment":[{"href":"https:\/\/baldumarket.lt\/lt\/wp-json\/wp\/v2\/media?parent=39416"}],"wp:term":[{"taxonomy":"product_brand","embeddable":true,"href":"https:\/\/baldumarket.lt\/lt\/wp-json\/wp\/v2\/product_brand?post=39416"},{"taxonomy":"product_cat","embeddable":true,"href":"https:\/\/baldumarket.lt\/lt\/wp-json\/wp\/v2\/product_cat?post=39416"},{"taxonomy":"product_tag","embeddable":true,"href":"https:\/\/baldumarket.lt\/lt\/wp-json\/wp\/v2\/product_tag?post=39416"}],"curies":[{"name":"wp","href":"https:\/\/api.w.org\/{rel}","templated":true}]}}